{"id":34588,"date":"2024-09-25T12:51:37","date_gmt":"2024-09-25T10:51:37","guid":{"rendered":"https:\/\/vapotheque.ch\/boutique\/le-petit-verger-kirsche-wassermelone-frisch-10-ml-e-liquide\/"},"modified":"2025-03-09T16:14:20","modified_gmt":"2025-03-09T15:14:20","slug":"le-petit-verger-kirsche-wassermelone-frisch-10-ml-e-liquide","status":"publish","type":"product","link":"https:\/\/vapotheque.ch\/de\/shop\/le-petit-verger-kirsche-wassermelone-frisch-10-ml-e-liquide\/","title":{"rendered":"Le Petit Verger &#8211; Kirsche Wassermelone Frisch 10 ml E-Liquide"},"content":{"rendered":"<h2>Le Petit Verger Kirsche Wassermelone Frisch 10 ml E-Liquid : Der Sommer in jedem Zug!<\/h2>\n<p>Petit Verger Kirsche Wassermelone Frisch 10 ml E-Liquid l\u00e4dt Sie ein, in ein Meer von fruchtigen Aromen einzutauchen! Machen Sie sich bereit f\u00fcr ein k\u00f6stliches und belebendes Dampferlebnis, das alle Fruchtliebhaber beeindrucken wird. Diese hochwertigen Liquids werden von <strong>Savourea<\/strong> in Frankreich hergestellt und werden Sie immer wieder aufs Neue \u00fcberraschen! Stellen Sie sich einen Markt vor, wo die St\u00e4nde mit saftigen Wassermelonen und reifen Kirschen \u00fcberf\u00fcllt sind. Vielleicht haben die Alten Recht, wenn sie sagen, dass es keine Jahreszeiten mehr gibt, oder es ist einfach die bezaubernde Wirkung dieser Fl\u00fcssigkeit <strong>Le Petit Verger Cerise Watermelon Frais 10 ml<\/strong>! Wer sagt, dass der Sommer aufh\u00f6ren muss? Eine explosive Mischung: die s\u00fc\u00dfe S\u00fc\u00dfe der Wassermelone trifft auf die Intensit\u00e4t der reifen Kirschen in einem Duo, das Sie umhauen wird. Dazu kommt noch ein atemberaubendes Gef\u00fchl von Frische und Sie erhalten einen Dampf, der Ihre Geschmacksknospen zum Tanzen bringt! Worauf warten Sie also noch? Greifen Sie zu Ihrer E-Zigarette und lassen Sie sich von dieser Welle fruchtiger Frische mitrei\u00dfen. Dieses Liquid ist eine echte Einladung, den Sommer zu genie\u00dfen, egal zu welcher Jahreszeit! Lassen Sie sich von der Magie der Kirsche Wassermelone Frisch verf\u00fchren und verwandeln Sie jeden Zug in einen Moment der Sommerflucht.  <\/p>\n<p>&nbsp;<\/p>\n<p><strong><span style=\"vertical-align: inherit;\">Wichtig<\/span><\/strong><span style=\"vertical-align: inherit;\"> E-Liquid bereits nikotinisiert, verkauft in einer 10 ml Flasche.<\/span><\/p>\n<p class=\"class-fabrication\"><span style=\"vertical-align: inherit;\">Hergestellt in Frankreich; PG\/VG-Verh\u00e4ltnis: 50 % \/ 50 %. Passt sich an jede Art von Material an.<\/span><\/p>\n<p>&nbsp;<\/p>\n<p><span style=\"vertical-align: inherit;\">Entdecken Sie weitere Produkte der Marke <\/span><a href=\"\/marque\/savourea\/\" target=\"_blank\" rel=\"noopener\"><span style=\"vertical-align: inherit;\">Savourea<\/span><\/a><span style=\"vertical-align: inherit;\"> .<\/span><\/p>\n<p><span style=\"vertical-align: inherit;\">Erhalten Sie Rabatte oder die neuesten Informationen \u00fcber unsere Produkte, indem Sie uns in unseren sozialen Netzwerken folgen: <\/span><a href=\"https:\/\/www.facebook.com\/VapeAigleCH\" target=\"_blank\" rel=\"noopener\"><span style=\"vertical-align: inherit;\">Facebook<\/span><\/a><span style=\"vertical-align: inherit;\"> oder <\/span><a href=\"https:\/\/www.instagram.com\/vapotheque\" target=\"_blank\" rel=\"noopener\"><span style=\"vertical-align: inherit;\">Instagram<\/span><\/a><span style=\"vertical-align: inherit;\"> .<\/span><\/p>\n","protected":false},"excerpt":{"rendered":"<p>Le Petit Verger Kirsche Wassermelone Frisch 10 ml E-Liquid : Der Sommer in jedem Zug! Petit Verger Kirsche Wassermelone Frisch 10 ml E-Liquid l\u00e4dt Sie ein, in ein Meer von fruchtigen Aromen einzutauchen! Machen Sie sich bereit f\u00fcr ein k\u00f6stliches und belebendes Dampferlebnis, das alle Fruchtliebhaber beeindrucken wird. Diese hochwertigen Liquids werden von Savourea in [&hellip;]<\/p>\n","protected":false},"featured_media":33889,"template":"","meta":{"_acf_changed":false},"product_cat":[405,442,408,1629,1715,1977],"product_tag":[],"class_list":{"0":"post-34588","1":"product","2":"type-product","3":"status-publish","4":"has-post-thumbnail","6":"product_brand-savourea-de","7":"product_cat-e-liquids","8":"product_cat-hervorgehobene-produkte","9":"product_cat-lieferbar-innerhalb-von-24-stunden-de","10":"product_cat-10-ml-mit-nikotin","11":"product_cat-10ml-750-de","12":"product_cat-lagerraeumung","14":"first","15":"instock","16":"sale","17":"taxable","18":"shipping-taxable","19":"purchasable","20":"product-type-variable"},"acf":[],"jetpack_sharing_enabled":true,"_links":{"self":[{"href":"https:\/\/vapotheque.ch\/de\/wp-json\/wp\/v2\/product\/34588","targetHints":{"allow":["GET"]}}],"collection":[{"href":"https:\/\/vapotheque.ch\/de\/wp-json\/wp\/v2\/product"}],"about":[{"href":"https:\/\/vapotheque.ch\/de\/wp-json\/wp\/v2\/types\/product"}],"wp:featuredmedia":[{"embeddable":true,"href":"https:\/\/vapotheque.ch\/de\/wp-json\/wp\/v2\/media\/33889"}],"wp:attachment":[{"href":"https:\/\/vapotheque.ch\/de\/wp-json\/wp\/v2\/media?parent=34588"}],"wp:term":[{"taxonomy":"product_cat","embeddable":true,"href":"https:\/\/vapotheque.ch\/de\/wp-json\/wp\/v2\/product_cat?post=34588"},{"taxonomy":"product_tag","embeddable":true,"href":"https:\/\/vapotheque.ch\/de\/wp-json\/wp\/v2\/product_tag?post=34588"}],"curies":[{"name":"wp","href":"https:\/\/api.w.org\/{rel}","templated":true}]}}