{"id":34587,"date":"2024-09-14T12:54:11","date_gmt":"2024-09-14T10:54:11","guid":{"rendered":"https:\/\/vapotheque.ch\/boutique\/le-petit-verger-melone-walderdbeere-10-ml-e-liquide\/"},"modified":"2025-03-09T16:14:20","modified_gmt":"2025-03-09T15:14:20","slug":"le-petit-verger-melone-walderdbeere-10-ml-e-liquide","status":"publish","type":"product","link":"https:\/\/vapotheque.ch\/de\/shop\/le-petit-verger-melone-walderdbeere-10-ml-e-liquide\/","title":{"rendered":"Le Petit Verger &#8211; Melone Walderdbeere 10 ml E-Liquide"},"content":{"rendered":"<h2><strong>Le Petit Verger Melone Walderdbeere 10 ml E-Liquid: eine fruchtige Melodie!<\/strong><\/h2>\n<p>Bereiten Sie sich darauf vor, von Savoureas neuer Kreation, <strong>Le Petit Verger Melon Fraise des Bois 10 ml E-Liquide<\/strong>, geblendet zu werden! Inspiriert von den farbenfrohen St\u00e4nden unserer M\u00e4rkte, wurde diese 100% fruchtige Mischung mit neuen Aromen angereichert, ohne Farbstoffe oder Sucralose. Lassen Sie Ihrer Phantasie freien Lauf: frisch aufgeschnittene, <strong>saftige Melonenstreifen<\/strong> harmonieren perfekt mit <strong>wilden Erdbeeren<\/strong>, die eine unendliche S\u00fc\u00dfe besitzen. Jeder Atemzug dieser Mischung wird Sie auf einen fruchtigen Spaziergang durch einen sonnigen Obstgarten entf\u00fchren. Haben Sie Lust auf Frische und nat\u00fcrlichen Genuss? Probieren Sie dieses <strong>exquisite neue Rezept<\/strong> von <strong>Savourea<\/strong>, ein purer Genuss!<\/p>\n<p>&nbsp;<\/p>\n<p><strong>Wichtig<\/strong>: E-Liquid bereits nikotinisiert, verkauft in einer 10 ml Flasche.<\/p>\n<p class=\"class-fabrication\">Hergestellt in Frankreich; PG\/VG-Verh\u00e4ltnis: 50 % \/ 50 %. Passt sich an jede Art von Material an.<\/p>\n<p>&nbsp;<\/p>\n<p>Entdecken Sie weitere Produkte der Marke <a href=\"\/marque\/savourea\/\" target=\"_blank\" rel=\"noopener\">Savourea<\/a>.<\/p>\n<p>Erhalten Sie Rabatte oder die neuesten Informationen \u00fcber unsere Produkte, indem Sie uns auf unseren sozialen Netzwerken folgen: <a href=\"https:\/\/www.facebook.com\/VapeAigleCH\" target=\"_blank\" rel=\"noopener\">Facebook<\/a> oder <a href=\"https:\/\/www.instagram.com\/vapotheque\" target=\"_blank\" rel=\"noopener\">Instagram<\/a>.<\/p>\n","protected":false},"excerpt":{"rendered":"<p>Le Petit Verger Melone Walderdbeere 10 ml E-Liquid: eine fruchtige Melodie! Bereiten Sie sich darauf vor, von Savoureas neuer Kreation, Le Petit Verger Melon Fraise des Bois 10 ml E-Liquide, geblendet zu werden! Inspiriert von den farbenfrohen St\u00e4nden unserer M\u00e4rkte, wurde diese 100% fruchtige Mischung mit neuen Aromen angereichert, ohne Farbstoffe oder Sucralose. Lassen Sie [&hellip;]<\/p>\n","protected":false},"featured_media":33768,"template":"","meta":{"_acf_changed":false},"product_cat":[405,442,408,1629,1715,1977],"product_tag":[],"class_list":{"0":"post-34587","1":"product","2":"type-product","3":"status-publish","4":"has-post-thumbnail","6":"product_brand-savourea-de","7":"product_cat-e-liquids","8":"product_cat-hervorgehobene-produkte","9":"product_cat-lieferbar-innerhalb-von-24-stunden-de","10":"product_cat-10-ml-mit-nikotin","11":"product_cat-10ml-750-de","12":"product_cat-lagerraeumung","14":"first","15":"instock","16":"sale","17":"taxable","18":"shipping-taxable","19":"purchasable","20":"product-type-variable"},"acf":[],"jetpack_sharing_enabled":true,"_links":{"self":[{"href":"https:\/\/vapotheque.ch\/de\/wp-json\/wp\/v2\/product\/34587","targetHints":{"allow":["GET"]}}],"collection":[{"href":"https:\/\/vapotheque.ch\/de\/wp-json\/wp\/v2\/product"}],"about":[{"href":"https:\/\/vapotheque.ch\/de\/wp-json\/wp\/v2\/types\/product"}],"wp:featuredmedia":[{"embeddable":true,"href":"https:\/\/vapotheque.ch\/de\/wp-json\/wp\/v2\/media\/33768"}],"wp:attachment":[{"href":"https:\/\/vapotheque.ch\/de\/wp-json\/wp\/v2\/media?parent=34587"}],"wp:term":[{"taxonomy":"product_cat","embeddable":true,"href":"https:\/\/vapotheque.ch\/de\/wp-json\/wp\/v2\/product_cat?post=34587"},{"taxonomy":"product_tag","embeddable":true,"href":"https:\/\/vapotheque.ch\/de\/wp-json\/wp\/v2\/product_tag?post=34587"}],"curies":[{"name":"wp","href":"https:\/\/api.w.org\/{rel}","templated":true}]}}