{"id":34583,"date":"2024-09-13T14:08:23","date_gmt":"2024-09-13T12:08:23","guid":{"rendered":"https:\/\/vapotheque.ch\/boutique\/le-petit-verger-kiwi-mango-10-ml-e-liquide\/"},"modified":"2025-03-09T16:14:21","modified_gmt":"2025-03-09T15:14:21","slug":"le-petit-verger-kiwi-mango-10-ml-e-liquide","status":"publish","type":"product","link":"https:\/\/vapotheque.ch\/de\/shop\/le-petit-verger-kiwi-mango-10-ml-e-liquide\/","title":{"rendered":"Le Petit Verger &#8211; Kiwi Mango 10 ml E-Liquide"},"content":{"rendered":"<h2>Le Petit Verger Kiwi Mango 10 ml E-Liquid: Exotik auf den Lippen!<\/h2>\n<p>Reisen Sie ins Herz der Tropen mit dem <strong>Le Petit Verger<\/strong><strong> Kiwi Mango 10 ml E-Liquid<\/strong> von <strong>Savourea<\/strong>! Dieses bezaubernde Rezept vereint die prickelnde S\u00e4ure der Kiwi mit der saftigen S\u00fc\u00dfe der Mango zu einer Geschmacksexplosion, die jeden Zug zu einem Moment der Flucht aus dem Alltag werden l\u00e4sst. Schlie\u00dfen Sie die Augen und Sie sind mitten in der Natur, um diese exotischen Fr\u00fcchte direkt vom Baum zu pfl\u00fccken! Lassen Sie sich von <strong>Le Petit Verger Kiwi Mango<\/strong> verf\u00fchren, einem exotischen Cocktail, der die Lebendigkeit einer saftigen Kiwi und die Cremigkeit einer s\u00fc\u00dfen Mango perfekt miteinander verbindet. Mit jeder Inhalation werden Sie sofort unter die Sonne der Tropen versetzt, wo die leuchtenden Aromen auf Ihren Geschmacksknospen tanzen. Sind Sie bereit f\u00fcr einen Start in die Ferne? Schnallen Sie sich an, Ziel: Fruchtiges Paradies! <\/p>\n<p>&nbsp;<\/p>\n<p><strong>Wichtig<\/strong>: E-Liquid bereits nikotinisiert, verkauft in einer 10 ml Flasche.<\/p>\n<p class=\"class-fabrication\">Hergestellt in Frankreich; PG\/VG-Verh\u00e4ltnis: 50 % \/ 50 %. Passt sich an jede Art von Material an.<\/p>\n<p>&nbsp;<\/p>\n<p>Entdecken Sie weitere Produkte der Marke <a href=\"\/marque\/savourea\/\" target=\"_blank\" rel=\"noopener\">Savourea<\/a>.<\/p>\n<p>Erhalten Sie Rabatte oder die neuesten Informationen \u00fcber unsere Produkte, indem Sie uns auf unseren sozialen Netzwerken folgen: <a href=\"https:\/\/www.facebook.com\/VapeAigleCH\" target=\"_blank\" rel=\"noopener\">Facebook<\/a> oder <a href=\"https:\/\/www.instagram.com\/vapotheque\" target=\"_blank\" rel=\"noopener\">Instagram<\/a>.<\/p>\n","protected":false},"excerpt":{"rendered":"<p>Le Petit Verger Kiwi Mango 10 ml E-Liquid: Exotik auf den Lippen! Reisen Sie ins Herz der Tropen mit dem Le Petit Verger Kiwi Mango 10 ml E-Liquid von Savourea! Dieses bezaubernde Rezept vereint die prickelnde S\u00e4ure der Kiwi mit der saftigen S\u00fc\u00dfe der Mango zu einer Geschmacksexplosion, die jeden Zug zu einem Moment der [&hellip;]<\/p>\n","protected":false},"featured_media":33760,"template":"","meta":{"_acf_changed":false},"product_cat":[405,442,408,1629,1715,1977],"product_tag":[],"class_list":{"0":"post-34583","1":"product","2":"type-product","3":"status-publish","4":"has-post-thumbnail","6":"product_brand-savourea-de","7":"product_cat-e-liquids","8":"product_cat-hervorgehobene-produkte","9":"product_cat-lieferbar-innerhalb-von-24-stunden-de","10":"product_cat-10-ml-mit-nikotin","11":"product_cat-10ml-750-de","12":"product_cat-lagerraeumung","14":"first","15":"instock","16":"sale","17":"taxable","18":"shipping-taxable","19":"purchasable","20":"product-type-variable"},"acf":[],"jetpack_sharing_enabled":true,"_links":{"self":[{"href":"https:\/\/vapotheque.ch\/de\/wp-json\/wp\/v2\/product\/34583","targetHints":{"allow":["GET"]}}],"collection":[{"href":"https:\/\/vapotheque.ch\/de\/wp-json\/wp\/v2\/product"}],"about":[{"href":"https:\/\/vapotheque.ch\/de\/wp-json\/wp\/v2\/types\/product"}],"wp:featuredmedia":[{"embeddable":true,"href":"https:\/\/vapotheque.ch\/de\/wp-json\/wp\/v2\/media\/33760"}],"wp:attachment":[{"href":"https:\/\/vapotheque.ch\/de\/wp-json\/wp\/v2\/media?parent=34583"}],"wp:term":[{"taxonomy":"product_cat","embeddable":true,"href":"https:\/\/vapotheque.ch\/de\/wp-json\/wp\/v2\/product_cat?post=34583"},{"taxonomy":"product_tag","embeddable":true,"href":"https:\/\/vapotheque.ch\/de\/wp-json\/wp\/v2\/product_tag?post=34583"}],"curies":[{"name":"wp","href":"https:\/\/api.w.org\/{rel}","templated":true}]}}