{"id":34579,"date":"2024-09-13T13:44:26","date_gmt":"2024-09-13T11:44:26","guid":{"rendered":"https:\/\/vapotheque.ch\/boutique\/le-petit-verger-dragon-fruit-rote-fruechte-10-ml-e-liquid\/"},"modified":"2025-03-09T16:14:21","modified_gmt":"2025-03-09T15:14:21","slug":"le-petit-verger-dragon-fruit-rote-fruechte-10-ml-e-liquid","status":"publish","type":"product","link":"https:\/\/vapotheque.ch\/de\/shop\/le-petit-verger-dragon-fruit-rote-fruechte-10-ml-e-liquid\/","title":{"rendered":"Le Petit Verger &#8211; Dragon Fruit Rote Fr\u00fcchte 10 ml E-Liquid"},"content":{"rendered":"<h2><strong>Le Petit Verger Dragon Fruit Rote Fr\u00fcchte 10 ml E-Liquid : Exotik trifft auf Klassiker!<\/strong><\/h2>\n<p><strong>Savourea<\/strong> bereichert sich mit neuen fruchtigen Kreationen wie <strong>Petit Verger Drachenfrucht Rote Fr\u00fcchte 10 ml E-Liquid<\/strong>, immer inspiriert von unseren Marktst\u00e4nden und 100% nat\u00fcrlich! Savourea bietet uns E-Liquids mit authentischen Aromen, ohne Farbstoffe oder Sucralose, die Ihre Geschmacksnerven verw\u00f6hnen werden. Haben Sie Lust auf eine Geschmacksreise, die Abenteuer und Tradition miteinander verbindet? Lassen Sie sich von <strong>Petit Verger<\/strong> <strong>Fruit du Dragon Fruits<\/strong> <strong>Rouges<\/strong> <strong>10 ml E-Liquide<\/strong> <strong>verf\u00fchren<\/strong>! Eine subtile Mischung aus der Exotik der Pitaya und der bekannten S\u00fc\u00dfe von roten Fr\u00fcchten. Dieses harmonische Duo wird die Liebhaber fruchtiger Aromen zufrieden stellen, indem es einen originellen Touch verleiht und gleichzeitig den Komfort eines sicheren Wertes beibeh\u00e4lt. Bereiten Sie sich auf ein Erlebnis vor, das Sie aus der gewohnten Umgebung entf\u00fchrt, aber dennoch k\u00f6stlich vertraut ist! <\/p>\n<p>&nbsp;<\/p>\n<p><strong>Wichtig<\/strong>: E-Liquid bereits nikotinisiert, verkauft in einer 10 ml Flasche.<\/p>\n<p class=\"class-fabrication\">Hergestellt in Frankreich; PG\/VG-Verh\u00e4ltnis: 50 % \/ 50 %. Passt sich an jede Art von Material an.<\/p>\n<p>&nbsp;<\/p>\n<p>Entdecken Sie weitere Produkte der Marke <a href=\"\/marque\/savourea\/\" target=\"_blank\" rel=\"noopener\">Savourea<\/a>.<\/p>\n<p>Erhalten Sie Rabatte oder die neuesten Informationen \u00fcber unsere Produkte, indem Sie uns auf unseren sozialen Netzwerken folgen: <a href=\"https:\/\/www.facebook.com\/VapeAigleCH\" target=\"_blank\" rel=\"noopener\">Facebook<\/a> oder <a href=\"https:\/\/www.instagram.com\/vapotheque\" target=\"_blank\" rel=\"noopener\">Instagram<\/a>.<\/p>\n","protected":false},"excerpt":{"rendered":"<p>Le Petit Verger Dragon Fruit Rote Fr\u00fcchte 10 ml E-Liquid : Exotik trifft auf Klassiker! Savourea bereichert sich mit neuen fruchtigen Kreationen wie Petit Verger Drachenfrucht Rote Fr\u00fcchte 10 ml E-Liquid, immer inspiriert von unseren Marktst\u00e4nden und 100% nat\u00fcrlich! Savourea bietet uns E-Liquids mit authentischen Aromen, ohne Farbstoffe oder Sucralose, die Ihre Geschmacksnerven verw\u00f6hnen werden. [&hellip;]<\/p>\n","protected":false},"featured_media":33751,"template":"","meta":{"_acf_changed":false},"product_cat":[405,442,408,1629,1715,1977],"product_tag":[],"class_list":{"0":"post-34579","1":"product","2":"type-product","3":"status-publish","4":"has-post-thumbnail","6":"product_brand-savourea-de","7":"product_cat-e-liquids","8":"product_cat-hervorgehobene-produkte","9":"product_cat-lieferbar-innerhalb-von-24-stunden-de","10":"product_cat-10-ml-mit-nikotin","11":"product_cat-10ml-750-de","12":"product_cat-lagerraeumung","14":"first","15":"instock","16":"sale","17":"taxable","18":"shipping-taxable","19":"purchasable","20":"product-type-variable"},"acf":[],"jetpack_sharing_enabled":true,"_links":{"self":[{"href":"https:\/\/vapotheque.ch\/de\/wp-json\/wp\/v2\/product\/34579","targetHints":{"allow":["GET"]}}],"collection":[{"href":"https:\/\/vapotheque.ch\/de\/wp-json\/wp\/v2\/product"}],"about":[{"href":"https:\/\/vapotheque.ch\/de\/wp-json\/wp\/v2\/types\/product"}],"wp:featuredmedia":[{"embeddable":true,"href":"https:\/\/vapotheque.ch\/de\/wp-json\/wp\/v2\/media\/33751"}],"wp:attachment":[{"href":"https:\/\/vapotheque.ch\/de\/wp-json\/wp\/v2\/media?parent=34579"}],"wp:term":[{"taxonomy":"product_cat","embeddable":true,"href":"https:\/\/vapotheque.ch\/de\/wp-json\/wp\/v2\/product_cat?post=34579"},{"taxonomy":"product_tag","embeddable":true,"href":"https:\/\/vapotheque.ch\/de\/wp-json\/wp\/v2\/product_tag?post=34579"}],"curies":[{"name":"wp","href":"https:\/\/api.w.org\/{rel}","templated":true}]}}