{"id":34575,"date":"2024-09-13T13:10:23","date_gmt":"2024-09-13T11:10:23","guid":{"rendered":"https:\/\/vapotheque.ch\/boutique\/le-petit-verger-kirsche-wassermelone-10-ml-e-liquide\/"},"modified":"2025-03-09T16:14:21","modified_gmt":"2025-03-09T15:14:21","slug":"le-petit-verger-kirsche-wassermelone-10-ml-e-liquide","status":"publish","type":"product","link":"https:\/\/vapotheque.ch\/de\/shop\/le-petit-verger-kirsche-wassermelone-10-ml-e-liquide\/","title":{"rendered":"Le Petit Verger &#8211; Kirsche Wassermelone 10 ml E-Liquide"},"content":{"rendered":"<h2><strong>Le Petit Verger Kirsche Wassermelone 10 ml E-Liquid: ein gro\u00dfer (kleiner) Klassiker!<\/strong><\/h2>\n<p>Tauchen Sie ein in eine fruchtige Welle mit dem <strong>Le Petit Verger<\/strong><strong> Kirsche Wassermelone 10 ml E-Liquid<\/strong>! Stellen Sie sich die s\u00fc\u00dfe und saftige S\u00fc\u00dfe der Wassermelone vor, kombiniert mit der Intensit\u00e4t einer reifen Kirsche, f\u00fcr ein leichtes und ultra-genussvolles Dampferlebnis. Es ist, als w\u00fcrde man in frisch gepfl\u00fcckte Fr\u00fcchte im Herzen des Sommers bei\u00dfen! Hier gibt es keine \u00dcberraschungen, nur garantierten Genuss: <strong>Savourea<\/strong> h\u00e4lt seine Versprechen, die angek\u00fcndigten Fr\u00fcchte sind die gedampften Fr\u00fcchte, und damit basta! <strong>Le Petit Verger<\/strong> feiert die Natur in all ihrer Pracht mit 100% fruchtigen Rezepten, die von den bunten Marktst\u00e4nden in der Provence inspiriert sind. Ohne Farbstoffe, ohne Sucralose, nur authentische und nat\u00fcrliche Aromen. <strong>Kirsche Wassermelone<\/strong> verspricht Ihnen ein perfektes Gleichgewicht zwischen S\u00fc\u00dfe und Frische, alles ohne Eis-Effekt, f\u00fcr ein sanftes, delikates und absolut unwiderstehliches Dampfen. <\/p>\n<p>&nbsp;<\/p>\n<p><strong>Wichtig<\/strong>: E-Liquid bereits nikotinisiert, verkauft in einer 10 ml Flasche.<\/p>\n<p class=\"class-fabrication\">Hergestellt in Frankreich; PG\/VG-Verh\u00e4ltnis: 50 % \/ 50 %. Passt sich an jede Art von Material an.<\/p>\n<p>&nbsp;<\/p>\n<p>Entdecken Sie weitere Produkte der Marke <a href=\"\/marque\/savourea\/\" target=\"_blank\" rel=\"noopener\">Savourea<\/a>.<\/p>\n<p>Erhalten Sie Rabatte oder die neuesten Informationen \u00fcber unsere Produkte, indem Sie uns auf unseren sozialen Netzwerken folgen: <a href=\"https:\/\/www.facebook.com\/VapeAigleCH\" target=\"_blank\" rel=\"noopener\">Facebook<\/a> oder <a href=\"https:\/\/www.instagram.com\/vapotheque\" target=\"_blank\" rel=\"noopener\">Instagram<\/a>.<\/p>\n","protected":false},"excerpt":{"rendered":"<p>Le Petit Verger Kirsche Wassermelone 10 ml E-Liquid: ein gro\u00dfer (kleiner) Klassiker! Tauchen Sie ein in eine fruchtige Welle mit dem Le Petit Verger Kirsche Wassermelone 10 ml E-Liquid! Stellen Sie sich die s\u00fc\u00dfe und saftige S\u00fc\u00dfe der Wassermelone vor, kombiniert mit der Intensit\u00e4t einer reifen Kirsche, f\u00fcr ein leichtes und ultra-genussvolles Dampferlebnis. Es ist, [&hellip;]<\/p>\n","protected":false},"featured_media":33747,"template":"","meta":{"_acf_changed":false},"product_cat":[405,442,408,1629,1715,1977],"product_tag":[],"class_list":{"0":"post-34575","1":"product","2":"type-product","3":"status-publish","4":"has-post-thumbnail","6":"product_brand-savourea-de","7":"product_cat-e-liquids","8":"product_cat-hervorgehobene-produkte","9":"product_cat-lieferbar-innerhalb-von-24-stunden-de","10":"product_cat-10-ml-mit-nikotin","11":"product_cat-10ml-750-de","12":"product_cat-lagerraeumung","14":"first","15":"instock","16":"sale","17":"taxable","18":"shipping-taxable","19":"purchasable","20":"product-type-variable"},"acf":[],"jetpack_sharing_enabled":true,"_links":{"self":[{"href":"https:\/\/vapotheque.ch\/de\/wp-json\/wp\/v2\/product\/34575","targetHints":{"allow":["GET"]}}],"collection":[{"href":"https:\/\/vapotheque.ch\/de\/wp-json\/wp\/v2\/product"}],"about":[{"href":"https:\/\/vapotheque.ch\/de\/wp-json\/wp\/v2\/types\/product"}],"wp:featuredmedia":[{"embeddable":true,"href":"https:\/\/vapotheque.ch\/de\/wp-json\/wp\/v2\/media\/33747"}],"wp:attachment":[{"href":"https:\/\/vapotheque.ch\/de\/wp-json\/wp\/v2\/media?parent=34575"}],"wp:term":[{"taxonomy":"product_cat","embeddable":true,"href":"https:\/\/vapotheque.ch\/de\/wp-json\/wp\/v2\/product_cat?post=34575"},{"taxonomy":"product_tag","embeddable":true,"href":"https:\/\/vapotheque.ch\/de\/wp-json\/wp\/v2\/product_tag?post=34575"}],"curies":[{"name":"wp","href":"https:\/\/api.w.org\/{rel}","templated":true}]}}