{"id":34567,"date":"2024-09-12T13:04:30","date_gmt":"2024-09-12T11:04:30","guid":{"rendered":"https:\/\/vapotheque.ch\/boutique\/vapor-flavour-booster-nic-salt-10ml\/"},"modified":"2026-04-01T15:34:03","modified_gmt":"2026-04-01T13:34:03","slug":"vapor-flavour-booster-nic-salt-10ml","status":"publish","type":"product","link":"https:\/\/vapotheque.ch\/de\/shop\/vapor-flavour-booster-nic-salt-10ml\/","title":{"rendered":"Vapor Flavour &#8211; Booster Nic Salt 20 mg &#8211; 10 ml"},"content":{"rendered":"<h2>Vapor Flavour Booster Nic Salt 20 mg &#8211; 10ml: <strong>Top-Qualit\u00e4t, keine Kompromisse<\/strong>!<\/h2>\n<p>Der <b>Vapor Flavour Booster Nic Salt 20 mg &#8211; 10ml<\/b> bietet Ihnen 20 mg\/ml Nikotinsalze, ausbalanciert mit einem perfekt optimierten Verh\u00e4ltnis von <strong>50 % Propylenglykol (PG)<\/strong> und <strong>50 % pflanzlichem Glyzerin (VG)<\/strong>. Dieser Booster ist die perfekte Wahl, um Ihre <strong>DIY-Mischungen<\/strong> und <strong>Shortfill-Liquids<\/strong> mit einer genauen Dosis Nikotin anzureichern.<\/p>\n<h3><strong>Ein ideales PG\/VG-Verh\u00e4ltnis f\u00fcr Vielseitigkeit<\/strong><\/h3>\n<p>Mit seinem <strong>50\/50-Verh\u00e4ltnis<\/strong> passt dieser Booster zu <strong>80 % der<\/strong> auf dem Markt erh\u00e4ltlichen <strong>Materialien<\/strong>, was ihn zu einer unkomplizierten Option f\u00fcr die meisten Dampfer-Setups macht. Ob Sie gro\u00dfe Wolken oder intensive Aromen bevorzugen, Vapor Flavour hat an alles gedacht, um Ihnen ein fl\u00fcssiges und ausgewogenes Dampfen zu erm\u00f6glichen.<\/p>\n<h3><strong>VaporFlavour\u2122 Nikotin-Booster \u2013 Entspricht dem neuen Schweizer Tabakgesetz!<\/strong><\/h3>\n<p>Bei <strong>VaporFlavour\u2122<\/strong> war es schon immer unsere Mission, hervorragende Produkte zu liefern, und unsere neuen <strong>Nikotin-Booster<\/strong> sind keine Ausnahme. Diese Booster entsprechen den neuesten Anforderungen des <strong>Schweizer Tabakgesetzes<\/strong> und werden mit dem <strong>reinsten Nikotin<\/strong> und einer ultra-leistungsstarken <strong>Premium-Basis<\/strong> hergestellt, um ein unvergleichliches Dampferlebnis zu garantieren.<\/p>\n<h3><strong>Warum sollten Sie sich f\u00fcr unsere Booster entscheiden?<\/strong><\/h3>\n<p>Es ist nicht nur eine Frage der Legalit\u00e4t. Wir sind der festen \u00dcberzeugung, dass <strong>Qualit\u00e4t<\/strong> und <strong>Sicherheit<\/strong> Hand in Hand gehen. Wenn unsere Preise etwas h\u00f6her als die der Konkurrenz erscheinen, dann liegt das daran, dass wir uns weigern, an der Qualit\u00e4t zu sparen. Mit <strong>VaporFlavour\u2122<\/strong> k\u00f6nnen Sie sicher sein, dass Sie Ihren Kunden <strong>das Beste auf dem Markt<\/strong> bieten, in Bezug auf Reinheit, Konsistenz und Leistung.<\/p>\n<h3><strong>Kontrolliertes und sicheres Dampfen<\/strong><\/h3>\n<p>Unsere <strong>Booster<\/strong> sind so konzipiert, dass sie sich perfekt in jedes E-Liquid einf\u00fcgen und einen Nikotingehalt bieten, der den Bed\u00fcrfnissen jedes Einzelnen entspricht, und das alles in \u00dcbereinstimmung mit den <strong>neuen Schweizer Standards<\/strong>. Verabschieden Sie sich von Kompromissen und setzen Sie auf Sicherheit, Transparenz und die hohe Qualit\u00e4t unserer Produkte.<\/p>\n<h3><strong>Hauptmerkmale :<\/strong><\/h3>\n<ul>\n<li><strong>Hochwertiges Nikotin<\/strong> gem\u00e4\u00df den Schweizer Standards<\/li>\n<li><strong>Premium-Basis<\/strong> f\u00fcr ein sanftes und ausgewogenes Dampfen<\/li>\n<li>Geeignet f\u00fcr alle Arten von E-Liquids<\/li>\n<li>Hergestellt aus sorgf\u00e4ltig ausgew\u00e4hlten Zutaten f\u00fcr eine <strong>optimale Erfahrung<\/strong><\/li>\n<li><strong>Qualit\u00e4tsgarantie VaporFlavour\u2122<\/strong><\/li>\n<\/ul>\n<p>Entscheiden Sie sich f\u00fcr Sicherheit, Qualit\u00e4t und Zuverl\u00e4ssigkeit mit den <strong>VaporFlavour\u2122-Boostern<\/strong>. Ihre Kunden verdienen es und Sie auch!<\/p>\n<p>&nbsp;<\/p>\n<h3><strong>Wie viel <b>Vapor Flavour Booster Nic Salt 20 mg &#8211; 10ml<\/b> ben\u00f6tigen Sie?<\/strong><\/h3>\n<p>F\u00fcr ein <strong>50 ml <\/strong> E-Liquid: Geben Sie <strong>1 Booster von 10 ml<\/strong> Nikotin mit 20 mg\/ml hinzu, um <strong>3 mg\/ml<\/strong> Nikotin zu erhalten, oder <strong>2 Booster<\/strong>, um <strong>6 mg\/ml<\/strong> zu erreichen. F\u00fcr ein <strong>100 ml <\/strong> Liquid: F\u00fcgen Sie <strong>2 Booster von 10 ml<\/strong> Nikotin mit 18 <strong>mg\/ml<\/strong> hinzu, um <strong>3 mg\/ml<\/strong> zu erhalten, und <strong>5 Booster<\/strong>, um <strong>6 mg\/ml<\/strong> zu erreichen. Diese Dosierungen erm\u00f6glichen es Ihnen, Ihren Nikotingehalt anzupassen und gleichzeitig ein gutes Gleichgewicht f\u00fcr ein optimales Dampfen zu bewahren.<\/p>\n<p>&nbsp;<\/p>\n<p>&nbsp;<\/p>\n<p>Sehen Sie sich auch andere Produkte der Marke <a href=\"https:\/\/vapotheque.ch\/de\/marque\/vapor-flavour-de\/\" target=\"_blank\" rel=\"noopener\">Vapor Flavour<\/a> an.<\/p>\n<p>Erhalte Rabatte oder die neuesten Informationen \u00fcber unsere anderen im Gesch\u00e4ft erh\u00e4ltlichen Produkte, indem du uns auf unseren sozialen Netzwerken folgst: <a href=\"https:\/\/www.facebook.com\/VapeAigleCH\" target=\"_blank\" rel=\"noopener\">Facebook<\/a> oder <a href=\"https:\/\/www.instagram.com\/vapotheque\" target=\"_blank\" rel=\"noopener\">Instagram<\/a>.<\/p>\n","protected":false},"excerpt":{"rendered":"<p>Vapor Flavour Booster Nic Salt 20 mg &#8211; 10ml: Top-Qualit\u00e4t, keine Kompromisse! Der Vapor Flavour Booster Nic Salt 20 mg &#8211; 10ml bietet Ihnen 20 mg\/ml Nikotinsalze, ausbalanciert mit einem perfekt optimierten Verh\u00e4ltnis von 50 % Propylenglykol (PG) und 50 % pflanzlichem Glyzerin (VG). Dieser Booster ist die perfekte Wahl, um Ihre DIY-Mischungen und Shortfill-Liquids [&hellip;]<\/p>\n","protected":false},"featured_media":45479,"template":"","meta":{"_acf_changed":false},"product_cat":[443,442,408,498],"product_tag":[],"class_list":{"0":"post-34567","1":"product","2":"type-product","3":"status-publish","4":"has-post-thumbnail","6":"product_brand-vapor-flavour-de","7":"product_cat-diy-de","8":"product_cat-hervorgehobene-produkte","9":"product_cat-lieferbar-innerhalb-von-24-stunden-de","10":"product_cat-boosters-diy-de","12":"first","13":"instock","14":"taxable","15":"shipping-taxable","16":"purchasable","17":"product-type-simple"},"acf":[],"jetpack_sharing_enabled":true,"_links":{"self":[{"href":"https:\/\/vapotheque.ch\/de\/wp-json\/wp\/v2\/product\/34567","targetHints":{"allow":["GET"]}}],"collection":[{"href":"https:\/\/vapotheque.ch\/de\/wp-json\/wp\/v2\/product"}],"about":[{"href":"https:\/\/vapotheque.ch\/de\/wp-json\/wp\/v2\/types\/product"}],"wp:featuredmedia":[{"embeddable":true,"href":"https:\/\/vapotheque.ch\/de\/wp-json\/wp\/v2\/media\/45479"}],"wp:attachment":[{"href":"https:\/\/vapotheque.ch\/de\/wp-json\/wp\/v2\/media?parent=34567"}],"wp:term":[{"taxonomy":"product_cat","embeddable":true,"href":"https:\/\/vapotheque.ch\/de\/wp-json\/wp\/v2\/product_cat?post=34567"},{"taxonomy":"product_tag","embeddable":true,"href":"https:\/\/vapotheque.ch\/de\/wp-json\/wp\/v2\/product_tag?post=34567"}],"curies":[{"name":"wp","href":"https:\/\/api.w.org\/{rel}","templated":true}]}}