{"id":32603,"date":"2024-07-08T13:10:53","date_gmt":"2024-07-08T11:10:53","guid":{"rendered":"https:\/\/vapotheque.ch\/boutique\/le-petit-verger-frische-ananas-kokosnuss-e-liquid\/"},"modified":"2024-11-10T21:02:37","modified_gmt":"2024-11-10T20:02:37","slug":"le-petit-verger-frische-ananas-kokosnuss-e-liquid","status":"publish","type":"product","link":"https:\/\/vapotheque.ch\/de\/shop\/le-petit-verger-frische-ananas-kokosnuss-e-liquid\/","title":{"rendered":"Le Petit Verger &#8211; Frische Ananas Kokosnuss E-Liquid"},"content":{"rendered":"<h2>Le Petit Verger de Savourea &#8211; Gefrorene Ernten f\u00fcr einen frischen und fruchtigen Dampf!<\/h2>\n<p>  Petit Verger Ananas Coco Frisches E-Liquid geh\u00f6rt zu den beliebtesten fruchtigen Produkten der Gegenwart. Der Kleine Obstgarten von Savourea sieht seine Ernte durch einen eisigen Winter vereist. Aber was soll&#8217;s, so kommen Sie in den Genuss ultrafrischer Versionen Ihrer liebsten fruchtigen E-Liquids. Wenn f\u00fcr Sie Dampfen ohne eine gute Portion Frische undenkbar ist, sollten Sie sich die anderen frischen und fruchtigen Rezepte von Petit Verger Frais nicht entgehen lassen! Wir sind uns nicht sicher, ob wir uns auf den Seychellen oder an der Opalk\u00fcste befinden. Auf der einen Seite versetzen Sie die sonnigen, tropischen Aromen von Ananas und Kokosnuss unter Palmen. Auf der anderen Seite, am Ende des Zuges, ein frischer Wind, der Ihnen das Blut gefrieren l\u00e4sst, wie ein echter Pi\u00f1a Colada on the rocks.  <strong>Gegens\u00e4tze ziehen sich an, und diese frische Juice Ananas Coco beweist es uns!<\/strong> Stellen Sie sich vor, Sie liegen an einem paradiesischen Strand, schl\u00fcrfen einen eisgek\u00fchlten Cocktail und sp\u00fcren dabei die Meeresbrise. Genau das werden Sie mit jedem Zug an dieser E-Liquid sp\u00fcren. Die s\u00fc\u00dfe S\u00fc\u00dfe der Ananas verwebt sich mit der cremigen F\u00fclle der Kokosnuss und kreiert einen exotischen Tanz auf Ihren Geschmacksknospen. Und gerade, wenn Sie denken, Sie h\u00e4tten alles probiert, fegt eine Welle intensiver Frische \u00fcber Ihren Gaumen und hinterl\u00e4sst ein belebendes, unwiderstehliches Gef\u00fchl. Mit <strong>Le Petit Verger Frais<\/strong> ist jede Inhalation ein exotisches und erfrischendes Abenteuer, ein echter Geschmacksausflug. Lassen Sie sich von dieser erstaunlichen Mischung verf\u00fchren und genie\u00dfen Sie mit jedem Zug einen Moment der puren Flucht aus dem Alltag. \ud83c\udf34\ud83c\udf4d\ud83e\udd65\u2744\ufe0f Machen Sie sich bereit f\u00fcr eine einzigartige sensorische Reise und schlie\u00dfen Sie sich der Gemeinschaft der Dampfer an, die von den bezaubernden und eisigen Aromen des Petit Verger von Savourea begeistert sind. Frische war noch nie so k\u00f6stlich!  &nbsp;  Wichtig: Liquid mit Aromastoffen, verkauft in einer 70 ml-Flasche.  <\/p>\n<p class=\"class-fabrication\">Hergestellt in Frankreich; PG\/VG-Verh\u00e4ltnis: 50 % \/ 50 %. Passt sich an jede Art von Material an.<\/p>\n<p>&nbsp;  Entdecken Sie weitere Produkte der Marke <a href=\"\/marque\/savourea\/\" target=\"_blank\" rel=\"noopener\">Savourea<\/a>. Erhalten Sie Rabatte oder die neuesten Informationen \u00fcber unsere Produkte, indem Sie uns auf unseren sozialen Netzwerken folgen: <a href=\"https:\/\/www.facebook.com\/VapeAigleCH\" target=\"_blank\" rel=\"noopener\">Facebook<\/a> oder <a href=\"https:\/\/www.instagram.com\/vapotheque\" target=\"_blank\" rel=\"noopener\">Instagram<\/a>.<\/p>\n","protected":false},"excerpt":{"rendered":"<p>Le Petit Verger de Savourea &#8211; Gefrorene Ernten f\u00fcr einen frischen und fruchtigen Dampf! Petit Verger Ananas Coco Frisches E-Liquid geh\u00f6rt zu den beliebtesten fruchtigen Produkten der Gegenwart. Der Kleine Obstgarten von Savourea sieht seine Ernte durch einen eisigen Winter vereist. Aber was soll&#8217;s, so kommen Sie in den Genuss ultrafrischer Versionen Ihrer liebsten fruchtigen [&hellip;]<\/p>\n","protected":false},"featured_media":32340,"template":"","meta":{"_acf_changed":false},"product_cat":[405,404,442,408,1686,1977,1679],"product_tag":[],"class_list":{"0":"post-32603","1":"product","2":"type-product","3":"status-publish","4":"has-post-thumbnail","6":"product_brand-savourea-de","7":"product_cat-e-liquids","8":"product_cat-fruchtig","9":"product_cat-hervorgehobene-produkte","10":"product_cat-lieferbar-innerhalb-von-24-stunden-de","11":"product_cat-50-ml-fur-70-ml","12":"product_cat-lagerraeumung","13":"product_cat-menge-e-flussigkeit-kapazitat-flasche","15":"first","16":"instock","17":"sale","18":"taxable","19":"shipping-taxable","20":"purchasable","21":"product-type-simple"},"acf":[],"jetpack_sharing_enabled":true,"_links":{"self":[{"href":"https:\/\/vapotheque.ch\/de\/wp-json\/wp\/v2\/product\/32603","targetHints":{"allow":["GET"]}}],"collection":[{"href":"https:\/\/vapotheque.ch\/de\/wp-json\/wp\/v2\/product"}],"about":[{"href":"https:\/\/vapotheque.ch\/de\/wp-json\/wp\/v2\/types\/product"}],"wp:featuredmedia":[{"embeddable":true,"href":"https:\/\/vapotheque.ch\/de\/wp-json\/wp\/v2\/media\/32340"}],"wp:attachment":[{"href":"https:\/\/vapotheque.ch\/de\/wp-json\/wp\/v2\/media?parent=32603"}],"wp:term":[{"taxonomy":"product_cat","embeddable":true,"href":"https:\/\/vapotheque.ch\/de\/wp-json\/wp\/v2\/product_cat?post=32603"},{"taxonomy":"product_tag","embeddable":true,"href":"https:\/\/vapotheque.ch\/de\/wp-json\/wp\/v2\/product_tag?post=32603"}],"curies":[{"name":"wp","href":"https:\/\/api.w.org\/{rel}","templated":true}]}}