{"id":32548,"date":"2024-07-10T16:56:42","date_gmt":"2024-07-10T14:56:42","guid":{"rendered":"https:\/\/vapotheque.ch\/boutique\/montreal-original-biberschwanz-e-liquid\/"},"modified":"2024-11-12T11:28:47","modified_gmt":"2024-11-12T10:28:47","slug":"montreal-original-biberschwanz-e-liquid","status":"publish","type":"product","link":"https:\/\/vapotheque.ch\/de\/shop\/montreal-original-biberschwanz-e-liquid\/","title":{"rendered":"Montreal Original &#8211; Biberschwanz E-Liquid"},"content":{"rendered":"<h2>Entdecken Sie die Gourmandise neu mit dem E-Liquid Biberschwanz von Montreal Original!<\/h2>\n<p>Bereiten Sie Ihre Geschmacksknospen auf eine wahre Geschmacksexplosion vor mit dem Montr\u00e9al Original Biberschwanz E-Liquid! Inspiriert von einer der symboltr\u00e4chtigsten K\u00f6stlichkeiten Kanadas wird Sie dieses Liquid f\u00fcr die elektronische Zigarette auf ein Geschmacksabenteuer entf\u00fchren, bei dem die Gaumenfreuden die Oberhand gewinnen.<\/p>\n<p>Stellen Sie sich vor, Sie machen inmitten der verschneiten Landschaft des hohen Nordens eine Pause, um einen frisch zubereiteten Biberschwanz zu probieren. Diese kanadische Geb\u00e4ckspezialit\u00e4t, <strong>ein frittierter Teig, der mit Zimt \u00fcberzogen ist<\/strong>, ist ein wahrer Genuss f\u00fcr die Sinne. Seine weiche Textur und seine s\u00fc\u00dfen und w\u00fcrzigen Noten bieten bei jedem Zug ein w\u00e4rmendes Vergn\u00fcgen. Aber das ist noch nicht alles! Montreal Original hat diesem Rezept einen Hauch von <strong>Classic hinzugef\u00fcgt<\/strong>, um ein perfektes Gleichgewicht zwischen Tradition und Innovation zu schaffen.<\/p>\n<p>Aber warum dort aufh\u00f6ren? Montreal Original ist nicht einfach nur ein Geschmackssch\u00f6pfer; es ist ein Pionier in der Kunst der Aromaextraktion. Dank einer hochmodernen Methode, der Umkehrosmose mit Glycerin, die normalerweise der Meerwasserentsalzung oder der Abwasserbehandlung vorbehalten ist, gew\u00e4hrleistet der Hersteller eine einwandfreie Wiedergabe der Aromen. Diese saubere und innovative Technik garantiert eine Reinheit und Intensit\u00e4t der Aromen, die in der Welt des Dampfens un\u00fcbertroffen ist.<\/p>\n<p>Mit dem e-Liquid Biberschwanz ist jeder Zug eine Einladung, dem Alltag zu entfliehen und neue Gef\u00fchle zu entdecken. Ob Sie ein Anf\u00e4nger oder ein erfahrener Experte sind, lassen Sie sich von dieser einzigartigen und k\u00f6stlichen Kreation von Montreal Original verf\u00fchren. Es ist viel mehr als nur eine E-Liquid, es ist ein vollwertiges sensorisches Erlebnis, das Sie erwartet!<\/p>\n<p>Sind Sie also bereit, sich auf eine geschmackliche Reise ins Herz Kanadas zu begeben? Vertrauen Sie Montr\u00e9al Original, um Ihre Geschmacksnerven zu \u00fcberraschen und Ihr Dampferlebnis neu zu definieren. Gute Reise und gute Verkostung!<\/p>\n<p>&nbsp;<\/p>\n<p>Wichtig: E-Liquid mit Aromastoffen geboostet <strong>50ml<\/strong>, verkauft in 60ml-Flaschen.<\/p>\n<p class=\"class-fabrication\">Hergestellt in Kanada; PG\/VG-Verh\u00e4ltnis:<strong> 50 % \/ 50 %<\/strong>.<\/p>\n<p>&nbsp;<\/p>\n<p>Entdecken Sie weitere Produkte der Marke <a href=\"\/product_brand\/montreal-original\/\" target=\"_blank\" rel=\"noopener\">Montreal Original<\/a>.<\/p>\n<p>Erhalten Sie Rabatte oder die neuesten Informationen \u00fcber unsere Produkte, indem Sie uns auf unseren sozialen Netzwerken folgen: <a href=\"https:\/\/www.facebook.com\/VapeAigleCH\" target=\"_blank\" rel=\"noopener\">Facebook<\/a> oder <a href=\"https:\/\/www.instagram.com\/vapotheque\" target=\"_blank\" rel=\"noopener\">Instagram<\/a>.<\/p>\n","protected":false},"excerpt":{"rendered":"<p>Entdecken Sie die Gourmandise neu mit dem E-Liquid Biberschwanz von Montreal Original! Bereiten Sie Ihre Geschmacksknospen auf eine wahre Geschmacksexplosion vor mit dem Montr\u00e9al Original Biberschwanz E-Liquid! Inspiriert von einer der symboltr\u00e4chtigsten K\u00f6stlichkeiten Kanadas wird Sie dieses Liquid f\u00fcr die elektronische Zigarette auf ein Geschmacksabenteuer entf\u00fchren, bei dem die Gaumenfreuden die Oberhand gewinnen. Stellen Sie [&hellip;]<\/p>\n","protected":false},"featured_media":47773,"template":"","meta":{"_acf_changed":false},"product_cat":[405,397,442,408,403,1685,1679],"product_tag":[],"class_list":{"0":"post-32548","1":"product","2":"type-product","3":"status-publish","4":"has-post-thumbnail","6":"product_brand-montreal-original-de","7":"product_cat-e-liquids","8":"product_cat-gourmands-de","9":"product_cat-hervorgehobene-produkte","10":"product_cat-lieferbar-innerhalb-von-24-stunden-de","11":"product_cat-tabak","12":"product_cat-50-ml-fur-60-ml","13":"product_cat-menge-e-flussigkeit-kapazitat-flasche","15":"first","16":"outofstock","17":"taxable","18":"shipping-taxable","19":"purchasable","20":"product-type-simple"},"acf":[],"jetpack_sharing_enabled":true,"_links":{"self":[{"href":"https:\/\/vapotheque.ch\/de\/wp-json\/wp\/v2\/product\/32548","targetHints":{"allow":["GET"]}}],"collection":[{"href":"https:\/\/vapotheque.ch\/de\/wp-json\/wp\/v2\/product"}],"about":[{"href":"https:\/\/vapotheque.ch\/de\/wp-json\/wp\/v2\/types\/product"}],"wp:featuredmedia":[{"embeddable":true,"href":"https:\/\/vapotheque.ch\/de\/wp-json\/wp\/v2\/media\/47773"}],"wp:attachment":[{"href":"https:\/\/vapotheque.ch\/de\/wp-json\/wp\/v2\/media?parent=32548"}],"wp:term":[{"taxonomy":"product_cat","embeddable":true,"href":"https:\/\/vapotheque.ch\/de\/wp-json\/wp\/v2\/product_cat?post=32548"},{"taxonomy":"product_tag","embeddable":true,"href":"https:\/\/vapotheque.ch\/de\/wp-json\/wp\/v2\/product_tag?post=32548"}],"curies":[{"name":"wp","href":"https:\/\/api.w.org\/{rel}","templated":true}]}}