{"id":32546,"date":"2024-07-08T18:48:35","date_gmt":"2024-07-08T16:48:35","guid":{"rendered":"https:\/\/vapotheque.ch\/boutique\/le-petit-verger-corossol-pfirsich-frisch-e-liquid\/"},"modified":"2025-12-17T15:15:44","modified_gmt":"2025-12-17T14:15:44","slug":"le-petit-verger-corossol-pfirsich-frisch-e-liquid","status":"publish","type":"product","link":"https:\/\/vapotheque.ch\/de\/shop\/le-petit-verger-corossol-pfirsich-frisch-e-liquid\/","title":{"rendered":"Le Petit Verger &#8211; Corossol Pfirsich Frisch E-Liquid 50 ml \/ 70 ml"},"content":{"rendered":"<h2>Le Petit Verger de Savourea &#8211; Eine Explosion exotischer und erfrischender Aromen!<\/h2>\n<p>Petit Verger Corossol Pfirsich Frisch E-Liquid ist Teil der derzeit angesagtesten fruchtigen Produktreihe. Entdecken Sie die fruchtigen Aromen von Le Petit Verger mit einem Hauch von atemberaubender Frische neu. Ein herrlich belebendes Dampferlebnis erwartet Sie mit diesen hochwertigen E-Liquids, die von Savourea liebevoll in Frankreich hergestellt werden.<\/p>\n<p><strong>Lassen Sie sich nicht von ihrer stacheligen Schale t\u00e4uschen<\/strong>, die Korossol hat ein weiches Herz! Diese exotische Frucht verstr\u00f6mt eine cremige S\u00fc\u00dfe mit einem Hauch von S\u00e4ure, die Sie schon beim ersten Zug auf eine Reise mitnimmt. Aber das ist noch nicht alles, denn diese k\u00fchne Korossol hat einen tollen Partner gefunden: einen saftigen, sonnigen Pfirsich.<\/p>\n<p><strong>Stellen Sie sich die Szene vor<\/strong>: Ihr Gaumen wird von diesen k\u00f6stlichen, sonnigen Aromen \u00fcberw\u00e4ltigt, die die Exotik von Korossol und die s\u00fc\u00dfe Sanftheit von Pfirsich miteinander verbinden. Ein wahrer fruchtiger Tanz, der Sie in die Tropen entf\u00fchrt, wo jede Inhalation ein Fest f\u00fcr Ihre Geschmacksknospen ist.<\/p>\n<p><strong>Aber halt, da ist noch mehr!<\/strong> Gerade wenn Sie diese Symphonie der Aromen genie\u00dfen, \u00fcberrascht Sie eine besonders ergreifende Welle der Frische, die dem ohnehin schon erhabenen Erlebnis eine erfrischende Dimension hinzuf\u00fcgt. Es ist wie ein Sprung in einen k\u00fchlen Pool nach einem Sonnenbad: belebend und unwiderstehlich.<\/p>\n<p><strong>Le Petit Verger zeichnet sich wieder einmal aus<\/strong> und bietet einen Hauch von Dampf, der in vollen Z\u00fcgen genossen werden kann. Diese einzigartige Mischung aus Korosol und Pfirsich, gew\u00fcrzt mit einem Hauch von Frische, ist perfekt f\u00fcr alle, die nach einem fruchtigen und belebenden Dampfen suchen.<\/p>\n<p><strong>Sind Sie bereit, sich auf dieses geschmackliche Abenteuer einzuschiffen?<\/strong> Lassen Sie sich von dieser exotischen und erfrischenden Kombination verf\u00fchren und entdecken Sie, warum Le Petit Verger die Referenz f\u00fcr Liebhaber fruchtiger Geschmacksrichtungen ist.<\/p>\n<p><strong>Tauchen Sie ein in diese Welt der Aromen<\/strong> und erleben Sie einen au\u00dfergew\u00f6hnlichen Vape mit Le Petit Verger de Savourea. Jeder Zug ist eine Einladung zur Flucht, eine Feier der Fr\u00fcchte in ihrer k\u00f6stlichsten und erfrischendsten Form. <\/p>\n<p>Worauf warten Sie dann noch? Schnappen Sie sich Ihre E-Zigarette, schlie\u00dfen Sie die Augen und lassen Sie dieses fruchtig-frische Duo Ihren Alltag in einen unvergesslichen exotischen Ausflug verwandeln. <strong>Savourea <\/strong> schenkt Ihnen ein Dampfen, das Sie nie vergessen werden! \u2744\ufe0f<\/p>\n<\/p>\n<p>Wichtig: E-Liquid in 50-ml-Geschmacksrichtungen, verkauft in einer 70-ml-Flasche.<\/p>\n<p class=\"class-fabrication\">Hergestellt in Frankreich; PG\/VG-Verh\u00e4ltnis: 50 % \/ 50 %. Passt in alle Arten von Ger\u00e4ten. <\/p>\n<\/p>\n<p>Entdecken Sie die anderen Produkte der Marke <a href=\"..\/..\/marque\/savourea\/\" target=\"_blank\" rel=\"noopener\">Savourea<\/a>.<\/p>\n<p>Erhalten Sie Rabatte oder die neuesten Informationen zu unseren Produkten, indem Sie uns in unseren sozialen Netzwerken folgen: <a href=\"https:\/\/www.facebook.com\/VapeAigleCH\" target=\"_blank\" rel=\"noopener\">Facebook<\/a> oder <a href=\"https:\/\/www.instagram.com\/vapotheque\" target=\"_blank\" rel=\"noopener\">Instagram<\/a>.<\/p>\n","protected":false},"excerpt":{"rendered":"<p>Le Petit Verger de Savourea &#8211; Eine Explosion exotischer und erfrischender Aromen! Petit Verger Corossol Pfirsich Frisch E-Liquid ist Teil der derzeit angesagtesten fruchtigen Produktreihe. Entdecken Sie die fruchtigen Aromen von Le Petit Verger mit einem Hauch von atemberaubender Frische neu. Ein herrlich belebendes Dampferlebnis erwartet Sie mit diesen hochwertigen E-Liquids, die von Savourea liebevoll [&hellip;]<\/p>\n","protected":false},"featured_media":32373,"template":"","meta":{"_acf_changed":false},"product_cat":[405,404,442,408,1686,1977,1679],"product_tag":[],"class_list":{"0":"post-32546","1":"product","2":"type-product","3":"status-publish","4":"has-post-thumbnail","6":"product_brand-savourea-de","7":"product_cat-e-liquids","8":"product_cat-fruchtig","9":"product_cat-hervorgehobene-produkte","10":"product_cat-lieferbar-innerhalb-von-24-stunden-de","11":"product_cat-50-ml-fur-70-ml","12":"product_cat-lagerraeumung","13":"product_cat-menge-e-flussigkeit-kapazitat-flasche","15":"first","16":"instock","17":"sale","18":"taxable","19":"shipping-taxable","20":"purchasable","21":"product-type-simple"},"acf":[],"jetpack_sharing_enabled":true,"_links":{"self":[{"href":"https:\/\/vapotheque.ch\/de\/wp-json\/wp\/v2\/product\/32546","targetHints":{"allow":["GET"]}}],"collection":[{"href":"https:\/\/vapotheque.ch\/de\/wp-json\/wp\/v2\/product"}],"about":[{"href":"https:\/\/vapotheque.ch\/de\/wp-json\/wp\/v2\/types\/product"}],"wp:featuredmedia":[{"embeddable":true,"href":"https:\/\/vapotheque.ch\/de\/wp-json\/wp\/v2\/media\/32373"}],"wp:attachment":[{"href":"https:\/\/vapotheque.ch\/de\/wp-json\/wp\/v2\/media?parent=32546"}],"wp:term":[{"taxonomy":"product_cat","embeddable":true,"href":"https:\/\/vapotheque.ch\/de\/wp-json\/wp\/v2\/product_cat?post=32546"},{"taxonomy":"product_tag","embeddable":true,"href":"https:\/\/vapotheque.ch\/de\/wp-json\/wp\/v2\/product_tag?post=32546"}],"curies":[{"name":"wp","href":"https:\/\/api.w.org\/{rel}","templated":true}]}}