{"id":32545,"date":"2024-07-08T18:44:47","date_gmt":"2024-07-08T16:44:47","guid":{"rendered":"https:\/\/vapotheque.ch\/boutique\/le-petit-verger-wassermelone-melone-frisch-e-liquide\/"},"modified":"2025-12-17T13:26:46","modified_gmt":"2025-12-17T12:26:46","slug":"le-petit-verger-wassermelone-melone-frisch-e-liquide","status":"publish","type":"product","link":"https:\/\/vapotheque.ch\/de\/shop\/le-petit-verger-wassermelone-melone-frisch-e-liquide\/","title":{"rendered":"Le Petit Verger &#8211; Wassermelone Melone Frisch E-Liquid 50 ml \/ 70 ml"},"content":{"rendered":"<h2>Der kleine Obstgarten von Savourea &#8211; Eine s\u00fc\u00dfe und erfrischende Sommerflucht!<\/h2>\n<p>Petit Verger Wassermelone Melone Frisch E-Liquid ist Teil der derzeit angesagtesten fruchtigen Produktreihe. Entdecken Sie die fruchtigen Aromen der Produktreihe Le Petit Verger neu, die nun durch eine erfrischende Note aufgewertet werden. Tauchen Sie ein in ein k\u00f6stliches und zugleich belebendes Dampferlebnis mit diesen hochwertigen E-Liquids, die von Savourea liebevoll in Frankreich hergestellt werden.<\/p>\n<p><strong>Abgesehen von David und Jonathan und ihrem Sommerhit 88<\/strong> gibt es kein kultigeres Sommerduo als die Wassermelone und die Melone. Wohin Sie auch gehen, diese beiden Fr\u00fcchte sind die unbestrittenen Stars der sonnigen Tage, bereit, sich an ihrem s\u00fc\u00dfen und saftigen Geschmack zu erfreuen.<\/p>\n<p><strong>Stellen Sie sich vor<\/strong>: Ein hei\u00dfer Sommertag, Sie liegen auf einer Sonnenliege, die Sonne scheint und es weht eine leichte Brise. Was k\u00f6nnte besser dazu passen als die exquisiten Noten von <strong>Wassermelone <\/strong> und <strong>Melone<\/strong>, die jetzt auch in Ihrer E-Zigarette erh\u00e4ltlich sind? Jeder Zug ist eine Geschmacksexplosion, eine Einladung, den Sommer auch mitten im Winter zu genie\u00dfen.<\/p>\n<p>Aber das ist noch nicht alles! <strong>Savourea <\/strong> hat dieser ohnehin schon perfekten Mischung noch einen angenehmen <strong>Frischekick <\/strong> hinzugef\u00fcgt. Es ist, als w\u00fcrden Sie jedes Mal, wenn Sie vaporisieren, in ein St\u00fcck k\u00fchle Wassermelone bei\u00dfen oder einen L\u00f6ffel eiskalte Melone genie\u00dfen.<\/p>\n<p><strong>Savourea&#8217;s Petit Verger<\/strong> bietet Ihnen mit jeder Inhalation eine sommerliche Flucht aus dem Alltag. Dieses fruchtig-erfrischende Duo ist perfekt f\u00fcr alle, die die Essenz des Sommers einfangen und das Urlaubsgef\u00fchl das ganze Jahr \u00fcber verl\u00e4ngern m\u00f6chten. \u2744\ufe0f<\/p>\n<p><strong>Warum also warten?<\/strong> Tauchen Sie ein in diesen fruchtigen Genuss und lassen Sie sich von der Magie der Wassermelone und der Melone mitrei\u00dfen, die durch einen Hauch von Frische veredelt wird. Das ist eine wahre Sommersymphonie f\u00fcr Ihren Gaumen und eine perfekte M\u00f6glichkeit, Ihren Alltag zu beleben.<\/p>\n<p><strong>Schlie\u00dfen Sie sich der Sommerparty mit Le Petit Verger<\/strong> an und finden Sie heraus, warum dieser Anzug so ikonisch ist. Genie\u00dfen Sie jeden Moment mit dieser s\u00fc\u00dfen, saftigen und unglaublich erfrischenden Mischung.<\/p>\n<p>Sind Sie bereit, Ihr Dampfen in eine Feier des Sommers zu verwandeln? Lassen Sie sich dieses einzigartige Erlebnis nicht entgehen und lassen Sie <strong>Le Petit Verger de Savourea<\/strong> zu Ihrem unverzichtbaren Dampferbegleiter werden.<\/p>\n<\/p>\n<p>Wichtig: E-Liquid in 50-ml-Geschmacksrichtungen, verkauft in einer 70-ml-Flasche.<\/p>\n<p class=\"class-fabrication\">Hergestellt in Frankreich; PG\/VG-Verh\u00e4ltnis: 50 % \/ 50 %. Passt in alle Arten von Ger\u00e4ten. <\/p>\n<\/p>\n<p>Entdecken Sie die anderen Produkte der Marke <a href=\"..\/..\/marque\/savourea\/\" target=\"_blank\" rel=\"noopener\">Savourea<\/a>.<\/p>\n<p>Erhalten Sie Rabatte oder die neuesten Informationen zu unseren Produkten, indem Sie uns in unseren sozialen Netzwerken folgen: <a href=\"https:\/\/www.facebook.com\/VapeAigleCH\" target=\"_blank\" rel=\"noopener\">Facebook<\/a> oder <a href=\"https:\/\/www.instagram.com\/vapotheque\" target=\"_blank\" rel=\"noopener\">Instagram<\/a>.<\/p>\n","protected":false},"excerpt":{"rendered":"<p>Der kleine Obstgarten von Savourea &#8211; Eine s\u00fc\u00dfe und erfrischende Sommerflucht! Petit Verger Wassermelone Melone Frisch E-Liquid ist Teil der derzeit angesagtesten fruchtigen Produktreihe. Entdecken Sie die fruchtigen Aromen der Produktreihe Le Petit Verger neu, die nun durch eine erfrischende Note aufgewertet werden. Tauchen Sie ein in ein k\u00f6stliches und zugleich belebendes Dampferlebnis mit diesen [&hellip;]<\/p>\n","protected":false},"featured_media":32370,"template":"","meta":{"_acf_changed":false},"product_cat":[405,404,442,408,1686,1977,1679],"product_tag":[],"class_list":{"0":"post-32545","1":"product","2":"type-product","3":"status-publish","4":"has-post-thumbnail","6":"product_brand-savourea-de","7":"product_cat-e-liquids","8":"product_cat-fruchtig","9":"product_cat-hervorgehobene-produkte","10":"product_cat-lieferbar-innerhalb-von-24-stunden-de","11":"product_cat-50-ml-fur-70-ml","12":"product_cat-lagerraeumung","13":"product_cat-menge-e-flussigkeit-kapazitat-flasche","15":"first","16":"instock","17":"sale","18":"taxable","19":"shipping-taxable","20":"purchasable","21":"product-type-simple"},"acf":[],"jetpack_sharing_enabled":true,"_links":{"self":[{"href":"https:\/\/vapotheque.ch\/de\/wp-json\/wp\/v2\/product\/32545","targetHints":{"allow":["GET"]}}],"collection":[{"href":"https:\/\/vapotheque.ch\/de\/wp-json\/wp\/v2\/product"}],"about":[{"href":"https:\/\/vapotheque.ch\/de\/wp-json\/wp\/v2\/types\/product"}],"wp:featuredmedia":[{"embeddable":true,"href":"https:\/\/vapotheque.ch\/de\/wp-json\/wp\/v2\/media\/32370"}],"wp:attachment":[{"href":"https:\/\/vapotheque.ch\/de\/wp-json\/wp\/v2\/media?parent=32545"}],"wp:term":[{"taxonomy":"product_cat","embeddable":true,"href":"https:\/\/vapotheque.ch\/de\/wp-json\/wp\/v2\/product_cat?post=32545"},{"taxonomy":"product_tag","embeddable":true,"href":"https:\/\/vapotheque.ch\/de\/wp-json\/wp\/v2\/product_tag?post=32545"}],"curies":[{"name":"wp","href":"https:\/\/api.w.org\/{rel}","templated":true}]}}