{"id":32542,"date":"2024-07-08T18:12:31","date_gmt":"2024-07-08T16:12:31","guid":{"rendered":"https:\/\/vapotheque.ch\/boutique\/le-petit-verger-erdbeere-birne-frisch-e-liquid\/"},"modified":"2024-10-04T12:16:45","modified_gmt":"2024-10-04T10:16:45","slug":"le-petit-verger-erdbeere-birne-frisch-e-liquid","status":"publish","type":"product","link":"https:\/\/vapotheque.ch\/de\/shop\/le-petit-verger-erdbeere-birne-frisch-e-liquid\/","title":{"rendered":"Le Petit Verger &#8211; Erdbeere Birne Frisch E-Liquid"},"content":{"rendered":"<h2>Le Petit Verger von Savourea &#8211; Eine fruchtig-frische Fusion f\u00fcr ein exquisites Dampferlebnis!<\/h2>\n<p>  Petit Verger Erdbeere Birne Frisch E-Liquid geh\u00f6rt zu den beliebtesten fruchtigen Produkten der heutigen Zeit. Entdecken Sie die fruchtigen Aromen der Produktreihe Le Petit Verger neu, jetzt verfeinert durch eine erfrischende Note. Tauchen Sie ein in ein k\u00f6stliches und belebendes Dampferlebnis mit diesen hochwertigen E-Liquids, die von Savourea liebevoll in Frankreich hergestellt werden. <strong>Willkommen in einer Welt, in der alles nur aus S\u00fc\u00dfe und Sinnlichkeit<\/strong> besteht, mit dem unwiderstehlichen Duo aus <strong>Erdbeere<\/strong> und <strong>Birne<\/strong>! Stellen Sie sich vor, Sie w\u00e4ren in einem sonnigen Obstgarten, wo jeder Zug Sie mit der s\u00fc\u00dfen S\u00fc\u00dfe reifer Erdbeeren und der saftigen Zartheit von Birnen umh\u00fcllt. Es ist eine wahre fruchtige Symphonie, die Sie sofort in einen Zustand der Gl\u00fcckseligkeit versetzt. Aber Vorsicht, <strong>ein intensives Gef\u00fchl der Frische lauert in der N\u00e4he! <\/strong> Gerade wenn Sie glauben, in einen Kokon aus S\u00fc\u00dfe eingetaucht zu sein, weckt eine <strong>erfrischende Brise<\/strong> Ihre Geschmacksknospen und verleiht jeder Inhalation eine aufregende Dimension. Es ist wie eine eiskalte \u00dcberraschung, die Sie auf Trab h\u00e4lt, die Sie aber wie ein echter Champion des Dampfens verkraften k\u00f6nnen. Sie sind <strong>aus einem Grund hier<\/strong>: Sie sind ein Liebhaber oder eine Liebhaberin von fruchtigen und erfrischenden Kreationen. Und diese einzigartige Mischung aus Erdbeere und Birne, die mit einem Hauch von Frische gew\u00fcrzt ist, ist genau das Richtige f\u00fcr Sie. Mit <strong>Le Petit Verger von Savourea<\/strong> ist jeder Zug ein Ausflug f\u00fcr die Sinne, ein geschmackliches Abenteuer, das S\u00fc\u00dfe, Sinnlichkeit und Frische vereint. Sind Sie also bereit, die Herausforderung anzunehmen und diese exquisite Erfahrung zu genie\u00dfen? \ud83c\udf3f\ud83c\udf53\ud83c\udf50\u2744\ufe0f Tauchen Sie ein in diese k\u00f6stliche Konfektion und lassen Sie sich von der fruchtigen und erfrischenden Magie dieses einzigartigen E-Liquids mitrei\u00dfen. <strong>Savourea<\/strong> hat ein wahres Kunstwerk f\u00fcr Ihre Geschmacksknospen geschaffen und jede Inhalation ist eine Feier der Aromen.<br \/>\nSchlie\u00dfen Sie sich der Gemeinschaft der Dampfer an, die von Le Petit Verger begeistert sind, und genie\u00dfen Sie jeden Moment mit dieser bet\u00f6renden Mischung aus Erdbeere und Birne, gekr\u00f6nt von einer unvergesslichen Frische.<br \/>\n\ud83c\udf1f <strong>Lassen Sie sich dieses fruchtige Abenteuer nicht entgehen!<\/strong> Machen Sie sich auf ein sensationelles Dampfen gefasst, das Ihnen bleibende Geschmackserinnerungen bescheren wird.<br \/>\n\ud83c\udf43\ud83c\udf53\ud83c\udf50\ud83c\udf2c\ufe0f &nbsp; Wichtig: Mit Aromen angereichertes Liquid, verkauft in einer 70 ml Flasche.     <\/p>\n<p class=\"class-fabrication\">Hergestellt in Frankreich; PG\/VG-Verh\u00e4ltnis: 50 % \/ 50 %. Passt sich an jede Art von Material an.<\/p>\n<p>&nbsp;  Entdecken Sie weitere Produkte der Marke <a href=\"\/marque\/savourea\/\" target=\"_blank\" rel=\"noopener\">Savourea<\/a>. Erhalten Sie Rabatte oder die neuesten Informationen \u00fcber unsere Produkte, indem Sie uns auf unseren sozialen Netzwerken folgen: <a href=\"https:\/\/www.facebook.com\/VapeAigleCH\" target=\"_blank\" rel=\"noopener\">Facebook<\/a> oder <a href=\"https:\/\/www.instagram.com\/vapotheque\" target=\"_blank\" rel=\"noopener\">Instagram<\/a>.<\/p>\n","protected":false},"excerpt":{"rendered":"<p>Le Petit Verger von Savourea &#8211; Eine fruchtig-frische Fusion f\u00fcr ein exquisites Dampferlebnis! Petit Verger Erdbeere Birne Frisch E-Liquid geh\u00f6rt zu den beliebtesten fruchtigen Produkten der heutigen Zeit. Entdecken Sie die fruchtigen Aromen der Produktreihe Le Petit Verger neu, jetzt verfeinert durch eine erfrischende Note. Tauchen Sie ein in ein k\u00f6stliches und belebendes Dampferlebnis mit [&hellip;]<\/p>\n","protected":false},"featured_media":32359,"template":"","meta":{"_acf_changed":false},"product_cat":[405,404,442,408,1686,1977,1679],"product_tag":[],"class_list":{"0":"post-32542","1":"product","2":"type-product","3":"status-publish","4":"has-post-thumbnail","6":"product_brand-savourea-de","7":"product_cat-e-liquids","8":"product_cat-fruchtig","9":"product_cat-hervorgehobene-produkte","10":"product_cat-lieferbar-innerhalb-von-24-stunden-de","11":"product_cat-50-ml-fur-70-ml","12":"product_cat-lagerraeumung","13":"product_cat-menge-e-flussigkeit-kapazitat-flasche","15":"first","16":"instock","17":"sale","18":"taxable","19":"shipping-taxable","20":"purchasable","21":"product-type-simple"},"acf":[],"jetpack_sharing_enabled":true,"_links":{"self":[{"href":"https:\/\/vapotheque.ch\/de\/wp-json\/wp\/v2\/product\/32542","targetHints":{"allow":["GET"]}}],"collection":[{"href":"https:\/\/vapotheque.ch\/de\/wp-json\/wp\/v2\/product"}],"about":[{"href":"https:\/\/vapotheque.ch\/de\/wp-json\/wp\/v2\/types\/product"}],"wp:featuredmedia":[{"embeddable":true,"href":"https:\/\/vapotheque.ch\/de\/wp-json\/wp\/v2\/media\/32359"}],"wp:attachment":[{"href":"https:\/\/vapotheque.ch\/de\/wp-json\/wp\/v2\/media?parent=32542"}],"wp:term":[{"taxonomy":"product_cat","embeddable":true,"href":"https:\/\/vapotheque.ch\/de\/wp-json\/wp\/v2\/product_cat?post=32542"},{"taxonomy":"product_tag","embeddable":true,"href":"https:\/\/vapotheque.ch\/de\/wp-json\/wp\/v2\/product_tag?post=32542"}],"curies":[{"name":"wp","href":"https:\/\/api.w.org\/{rel}","templated":true}]}}