{"id":32539,"date":"2024-07-08T13:31:38","date_gmt":"2024-07-08T11:31:38","guid":{"rendered":"https:\/\/vapotheque.ch\/boutique\/le-petit-verger-schwarze-johannisbeere-himbeere-frisch-e-liquid\/"},"modified":"2024-10-04T12:16:40","modified_gmt":"2024-10-04T10:16:40","slug":"le-petit-verger-schwarze-johannisbeere-himbeere-frisch-e-liquid","status":"publish","type":"product","link":"https:\/\/vapotheque.ch\/de\/shop\/le-petit-verger-schwarze-johannisbeere-himbeere-frisch-e-liquid\/","title":{"rendered":"Le Petit Verger &#8211; Schwarze Johannisbeere Himbeere Frisch E-Liquid"},"content":{"rendered":"<h3>Der kleine Obstgarten von Savourea &#8211; Ein knisternder Wettlauf zu schneebedeckten Gipfeln!<\/h3>\n<p>  Der Petit Verger Cassis Framboise Frais E-Liquide geh\u00f6rt zu den beliebtesten fruchtigen Produkten. Der Kleine Obstgarten von Savourea sieht seine Ernte durch einen eisigen Winter vereist. Aber was soll&#8217;s, so kommen Sie in den Genuss ultrafrischer Versionen Ihrer liebsten fruchtigen E-Liquids. Verbringen Sie einen angenehmen Moment beim Dampfen mit diesen hochwertigen, sorgf\u00e4ltig in Frankreich hergestellten Liquids. <strong>Machen Sie sich bereit f\u00fcr ein eisiges und fruchtiges Abenteuer!<\/strong> In diesem Juice rasen <strong>schwarze Johannisbeeren<\/strong> und <strong>Himbeeren<\/strong> \u00fcber schneebedeckte Gipfel, um den legend\u00e4ren Gipfel der <strong>Frische<\/strong> zu erreichen. Stellen Sie sich vor, wie diese beiden Fr\u00fcchte die H\u00e4nge hinuntersausen, ihre s\u00fc\u00dfen und s\u00e4uerlichen Noten wetteifern in jeder Kurve um Lebendigkeit, bis die ultimative Frische ihr Rennen kr\u00f6nt. Schlie\u00dfen Sie sich diesem aufregenden Rennen an und genie\u00dfen Sie einen Dampf voller zischender Aromen und atemberaubender Frische. <strong>Jeder Zug ist ein fruchtiger Adrenalinsto\u00df!<\/strong> Die schwarze Johannisbeere mit ihrem reichen und tiefen Geschmack mischt sich harmonisch mit der leichten und spritzigen Himbeere und schafft so ein perfektes Gleichgewicht zwischen S\u00fc\u00dfe und S\u00e4ure. Und gerade wenn du denkst, dass der Lauf seinen H\u00f6hepunkt erreicht, tr\u00e4gt dich eine Welle intensiver Frische davon und hinterl\u00e4sst ein belebendes und unvergessliches Gef\u00fchl. Mit <strong>Le Petit Verger Frais<\/strong> ist jede Inhalation ein aufregendes Geschmacksabenteuer, eine wahre Reise zu eisigen Gipfeln, auf denen die Frische regiert. Lassen Sie sich von diesem Wettlauf der Geschm\u00e4cker mitrei\u00dfen und schlie\u00dfen Sie sich der Gemeinschaft der Dampfer an, die von den Savourea-E-Liquids begeistert sind. \ud83c\udf2c\ufe0f\ud83c\udf47\ud83c\udf43 S <strong>ind<\/strong> Sie <strong>bereit f\u00fcr ein Abenteuer?<\/strong> Ziehen Sie Ihre Ausr\u00fcstung an und erobern Sie die Aromen mit diesem dynamischen und erfrischenden Duo aus schwarzer Johannisbeere und Himbeere. Ein Dampfen, das so aufregend ist wie eine Schlittenfahrt auf einem schneebedeckten Berg, erwartet Sie! \u2744\ufe0f\ud83c\udf47\ud83c\udf53 &nbsp; Wichtig: Mit Aromen angereichertes Liquid, verkauft in einer 70 ml Flasche.  <\/p>\n<p class=\"class-fabrication\">Hergestellt in Frankreich; PG\/VG-Verh\u00e4ltnis: 50 % \/ 50 %. Passt sich an jede Art von Material an.<\/p>\n<p>&nbsp;  Entdecken Sie weitere Produkte der Marke <a href=\"\/marque\/savourea\/\" target=\"_blank\" rel=\"noopener\">Savourea<\/a>. Erhalten Sie Rabatte oder die neuesten Informationen \u00fcber unsere Produkte, indem Sie uns auf unseren sozialen Netzwerken folgen: <a href=\"https:\/\/www.facebook.com\/VapeAigleCH\" target=\"_blank\" rel=\"noopener\">Facebook<\/a> oder <a href=\"https:\/\/www.instagram.com\/vapotheque\" target=\"_blank\" rel=\"noopener\">Instagram<\/a>.<\/p>\n","protected":false},"excerpt":{"rendered":"<p>Der kleine Obstgarten von Savourea &#8211; Ein knisternder Wettlauf zu schneebedeckten Gipfeln! Der Petit Verger Cassis Framboise Frais E-Liquide geh\u00f6rt zu den beliebtesten fruchtigen Produkten. Der Kleine Obstgarten von Savourea sieht seine Ernte durch einen eisigen Winter vereist. Aber was soll&#8217;s, so kommen Sie in den Genuss ultrafrischer Versionen Ihrer liebsten fruchtigen E-Liquids. Verbringen Sie [&hellip;]<\/p>\n","protected":false},"featured_media":45393,"template":"","meta":{"_acf_changed":false},"product_cat":[405,404,442,408,1686,1977,1679],"product_tag":[],"class_list":{"0":"post-32539","1":"product","2":"type-product","3":"status-publish","4":"has-post-thumbnail","6":"product_brand-savourea-de","7":"product_cat-e-liquids","8":"product_cat-fruchtig","9":"product_cat-hervorgehobene-produkte","10":"product_cat-lieferbar-innerhalb-von-24-stunden-de","11":"product_cat-50-ml-fur-70-ml","12":"product_cat-lagerraeumung","13":"product_cat-menge-e-flussigkeit-kapazitat-flasche","15":"first","16":"instock","17":"sale","18":"taxable","19":"shipping-taxable","20":"purchasable","21":"product-type-simple"},"acf":[],"jetpack_sharing_enabled":true,"_links":{"self":[{"href":"https:\/\/vapotheque.ch\/de\/wp-json\/wp\/v2\/product\/32539","targetHints":{"allow":["GET"]}}],"collection":[{"href":"https:\/\/vapotheque.ch\/de\/wp-json\/wp\/v2\/product"}],"about":[{"href":"https:\/\/vapotheque.ch\/de\/wp-json\/wp\/v2\/types\/product"}],"wp:featuredmedia":[{"embeddable":true,"href":"https:\/\/vapotheque.ch\/de\/wp-json\/wp\/v2\/media\/45393"}],"wp:attachment":[{"href":"https:\/\/vapotheque.ch\/de\/wp-json\/wp\/v2\/media?parent=32539"}],"wp:term":[{"taxonomy":"product_cat","embeddable":true,"href":"https:\/\/vapotheque.ch\/de\/wp-json\/wp\/v2\/product_cat?post=32539"},{"taxonomy":"product_tag","embeddable":true,"href":"https:\/\/vapotheque.ch\/de\/wp-json\/wp\/v2\/product_tag?post=32539"}],"curies":[{"name":"wp","href":"https:\/\/api.w.org\/{rel}","templated":true}]}}