{"id":32536,"date":"2024-07-05T17:18:23","date_gmt":"2024-07-05T15:18:23","guid":{"rendered":"https:\/\/vapotheque.ch\/boutique\/geekvape-wenax-m1-patronen\/"},"modified":"2024-07-22T18:52:04","modified_gmt":"2024-07-22T16:52:04","slug":"geekvape-wenax-m1-patronen","status":"publish","type":"product","link":"https:\/\/vapotheque.ch\/de\/shop\/geekvape-wenax-m1-patronen\/","title":{"rendered":"Geekvape &#8211; Wenax M1 Patronen"},"content":{"rendered":"<h2>Geekvape Wenax M1-Patronen: Abwechslung mit einem Clip!<\/h2>\n<p>Sind Sie es leid, immer die gleiche e-Liquid zu dampfen? Lust, von einem fruchtigen Geschmack auf einen klassischen Tabak ohne Kompromisse umzusteigen? Dann sind die Wenax M1-Ersatzpatronen von Geekvape genau das Richtige f\u00fcr Sie! Mit diesem 4er-Pack Patronen k\u00f6nnen Sie die e-Liquids im Vorbeigehen wechseln, ohne die Geschmacksrichtungen zu vermischen. Als zus\u00e4tzlichen Bonus ersetzen sie Ihre verbrauchten Patronen im Handumdrehen. Der Widerstand ist in den Tank integriert. Wenn Ihrem Coil also die Puste ausgeht, tauschen Sie einfach die gesamte Kartusche aus und schon geht es weiter!<\/p>\n<h3>Kompatibilit\u00e4t: Ein perfektes Match f\u00fcr Ihren Wenax M1<\/h3>\n<p>Diese Patronen sind kompatibel mit :<\/p>\n<ul>\n<li>Der Wenax M1 Pod<\/li>\n<li>Le pod Nachf\u00fcllpackung von Pulp<\/li>\n<\/ul>\n<h3>Zwei Versionen, um sich an Ihre Bed\u00fcrfnisse anzupassen<\/h3>\n<p>Geekvape wei\u00df, dass jeder Dampfer einzigartig ist, deshalb gibt es die Wenax M1 Patronen in zwei Versionen:<\/p>\n<h4>Wenax M1 0.80 Ohm Patronen<\/h4>\n<ul>\n<li><strong>MTL-Zug<\/strong> (mouth-to-lung): Perfekt f\u00fcr einen engen Zug, der eine traditionelle Zigarette nachahmt.<\/li>\n<li><strong>Verh\u00e4ltnis<\/strong> : 60PG\/40VG \u00e0 50PG\/50VG<\/li>\n<li><strong>Kompatibilit\u00e4t<\/strong>: Nikotinsalze und hohe Nikotinwerte f\u00fcr optimale Zufriedenheit.<\/li>\n<\/ul>\n<h4>Wenax M1 1.20 Ohm Patronen<\/h4>\n<ul>\n<li><strong>MTL-Zug<\/strong> (mouth-to-lung): noch enger, ideal f\u00fcr ein weiches und geschmackvolles Dampfen.<\/li>\n<li><strong>Verh\u00e4ltnis<\/strong> : 80PG\/20VG \u00e0 50PG\/50VG<\/li>\n<li><strong>Kompatibilit\u00e4t<\/strong>: Nikotinsalze, CBD und hohe Nikotinwerte f\u00fcr ein individuelles Erlebnis.<\/li>\n<\/ul>\n<h3>Einfachheit und Praktikabilit\u00e4t<\/h3>\n<p>Die Geekvape Wenax M1 Patronen mit ihrem 2 ml PCTG-Tank eignen sich perfekt f\u00fcr das Dampfen in MTL. Sie bieten ein gutes Fassungsverm\u00f6gen und eine hervorragende Geschmackswiedergabe. Die nicht regulierbare Bottom Airflow sorgt f\u00fcr eine konstante und zufriedenstellende Inhalation. Das Sahneh\u00e4ubchen auf dem Kuchen? Sie lassen sich mit einem einzigen Druck auf Ihre Batterie aufstecken und machen den Kartuschenwechsel so einfach wie das Wort &#8220;dampfen&#8221;.<\/p>\n<p>&nbsp;<\/p>\n<p>&nbsp;<\/p>\n<p>Erfahren Sie mehr \u00fcber die Produkte der Marke <a href=\"\/product_brand\/geekvape\/\" target=\"_blank\" rel=\"noopener\">GeekVape<\/a>.<\/p>\n<p>&nbsp;<\/p>\n<p>Erhalte Rabatte oder die neuesten Informationen \u00fcber unsere anderen im Gesch\u00e4ft erh\u00e4ltlichen Produkte, indem du uns auf unseren sozialen Netzwerken folgst: <a href=\"https:\/\/www.facebook.com\/VapeAigleCH\" target=\"_blank\" rel=\"noopener\">Facebook<\/a> oder <a href=\"https:\/\/www.instagram.com\/vapotheque\" target=\"_blank\" rel=\"noopener\">Instagram<\/a>.<\/p>\n","protected":false},"excerpt":{"rendered":"<p>Geekvape Wenax M1-Patronen: Abwechslung mit einem Clip! Sind Sie es leid, immer die gleiche e-Liquid zu dampfen? Lust, von einem fruchtigen Geschmack auf einen klassischen Tabak ohne Kompromisse umzusteigen? Dann sind die Wenax M1-Ersatzpatronen von Geekvape genau das Richtige f\u00fcr Sie! Mit diesem 4er-Pack Patronen k\u00f6nnen Sie die e-Liquids im Vorbeigehen wechseln, ohne die Geschmacksrichtungen [&hellip;]<\/p>\n","protected":false},"featured_media":32322,"template":"","meta":{"_acf_changed":false},"product_cat":[442,408,453,469],"product_tag":[],"class_list":{"0":"post-32536","1":"product","2":"type-product","3":"status-publish","4":"has-post-thumbnail","6":"product_brand-geekvape-de","7":"product_cat-hervorgehobene-produkte","8":"product_cat-lieferbar-innerhalb-von-24-stunden-de","9":"product_cat-pods-de","10":"product_cat-zubehor-pods","12":"first","13":"instock","14":"taxable","15":"shipping-taxable","16":"purchasable","17":"product-type-variable"},"acf":[],"jetpack_sharing_enabled":true,"_links":{"self":[{"href":"https:\/\/vapotheque.ch\/de\/wp-json\/wp\/v2\/product\/32536","targetHints":{"allow":["GET"]}}],"collection":[{"href":"https:\/\/vapotheque.ch\/de\/wp-json\/wp\/v2\/product"}],"about":[{"href":"https:\/\/vapotheque.ch\/de\/wp-json\/wp\/v2\/types\/product"}],"wp:featuredmedia":[{"embeddable":true,"href":"https:\/\/vapotheque.ch\/de\/wp-json\/wp\/v2\/media\/32322"}],"wp:attachment":[{"href":"https:\/\/vapotheque.ch\/de\/wp-json\/wp\/v2\/media?parent=32536"}],"wp:term":[{"taxonomy":"product_cat","embeddable":true,"href":"https:\/\/vapotheque.ch\/de\/wp-json\/wp\/v2\/product_cat?post=32536"},{"taxonomy":"product_tag","embeddable":true,"href":"https:\/\/vapotheque.ch\/de\/wp-json\/wp\/v2\/product_tag?post=32536"}],"curies":[{"name":"wp","href":"https:\/\/api.w.org\/{rel}","templated":true}]}}