{"id":32525,"date":"2024-07-05T17:02:30","date_gmt":"2024-07-05T15:02:30","guid":{"rendered":"https:\/\/vapotheque.ch\/boutique\/geekvape-starter-kit-wenax-m\/"},"modified":"2024-11-12T11:28:45","modified_gmt":"2024-11-12T10:28:45","slug":"geekvape-starter-kit-wenax-m","status":"publish","type":"product","link":"https:\/\/vapotheque.ch\/de\/shop\/geekvape-starter-kit-wenax-m\/","title":{"rendered":"Geekvape &#8211; Starter Kit Wenax M"},"content":{"rendered":"<h2>Geekvape Starter Kit Wenax M: Sch\u00f6n, Funktional und Ultra Nomade!<\/h2>\n<p>Das Geekvape Starter Kit Wenax M ist nicht nur ein Hilfsmittel zum Vaporisieren, es ist ein stilvolles Accessoire! Das schlichte, elegante Design kombiniert eine raffinierte Aluminiumlegierung mit Kunstleder und sorgt so f\u00fcr eine au\u00dfergew\u00f6hnliche Textur und Griffigkeit. Dieses elegante Duo besteht aus einem Wenax M1 Mini Pod und einer Powerbank, die magnetisch miteinander verbunden sind, um eine unvergleichliche Benutzerfreundlichkeit zu gew\u00e4hrleisten. Ob Sie sie zusammen oder einzeln verwenden, Sie werden ihre Leichtigkeit und Unauff\u00e4lligkeit zu sch\u00e4tzen wissen. Der Wenax M ist perfekt f\u00fcr Dampfer, die viel unterwegs sind. Dank seines kompakten Formats (93 \u00d7 34 \u00d7 22 mm f\u00fcr die Powerbank und 113,5 \u00d7 16 mm f\u00fcr den Pod) wird er Ihnen \u00fcberall hin folgen.<\/p>\n<h3>Vaporisieren Sie ohne zu z\u00e4hlen mit dem Wenax M Kit<\/h3>\n<p>Der Wenax M1 Mini Pod hat einen 400-mAh-Akku an Bord, aber das ist erst der Anfang. Die Powerbank f\u00fcgt weitere 2500 mAh hinzu und bietet Ihnen so eine beeindruckende Akkulaufzeit. Sie k\u00f6nnen zu einer Wanderung auf den Mont Blanc aufbrechen, ohne dass Ihnen jemals das Dampfen ausgeht. Mit den LED-Anzeigen auf dem Pod und der Powerbank k\u00f6nnen Sie Ihren Akkustand im Auge behalten:<\/p>\n<ul>\n<li><strong>Gr\u00fcn<\/strong>: von 100 % bis 70 %<\/li>\n<li><strong>Blau<\/strong>: von 70 % bis 30 %<\/li>\n<li><strong>Wei\u00df<\/strong>: von 30 % bis 0 %<\/li>\n<\/ul>\n<p>Wenn die Batterie des Pods leer ist, laden Sie ihn entweder magnetisch \u00fcber die Powerbank oder \u00fcber USB-C mit dem Anschluss an der Unterseite des Pods auf. Und wenn Ihr Handy mal leer ist, keine Sorge, die Powerbank kann es auch wieder aufladen (USB-C-auf-USB-C-Kabel im Lieferumfang enthalten).<\/p>\n<h3>Der Stress verfliegt mit diesem neuen Set!<\/h3>\n<p>Das Geekvape Starter Kit Wenax M wurde f\u00fcr eine einfache und unkomplizierte Nutzung entwickelt. Keine komplizierten Einstellungen n\u00f6tig: Die 16 W Leistung des Pods passt sich automatisch an den verwendeten Widerstand an. Dank Autodraw (Aktivierung beim Einatmen) brauchen Sie nur einen Zug zu nehmen, um Ihr Dampfen zu genie\u00dfen. Dieses Set ist perfekt f\u00fcr Anf\u00e4nger, die eine einfache und angenehme Erfahrung suchen.<\/p>\n<h3>Erhabenes MTL-Dampfen mit oder ohne Filter<\/h3>\n<p>Das Wenax M Kit wird mit Wenax M1 V2 Kartuschen geliefert, die mit Mesh-Widerst\u00e4nden ausgestattet sind, die f\u00fcr reiche Aromen und ein befriedigendes Dampfen sorgen. Mit einem 2-ml-Reservoir und einem auslaufsicheren Design sind diese Patronen ideal f\u00fcr den t\u00e4glichen Gebrauch. In diesem Set finden Sie zwei Versionen von Patronen:<\/p>\n<ul>\n<li><strong>Wenax M1 V2 0.8 Ohm Patrone<\/strong><\/li>\n<li><strong>Wenax M1 V2 1.2 Ohm Patrone<\/strong><\/li>\n<\/ul>\n<p>Diese Patronen bieten die M\u00f6glichkeit, das Drip-Tip zu wechseln. W\u00e4hlen Sie zwischen einem 510er Drip Tip aus Delrin oder Wenax-Filtermundst\u00fccken f\u00fcr diejenigen, die das Gef\u00fchl einer traditionellen Zigarette bevorzugen. Das Set enth\u00e4lt zwei Drip Tips aus Delrin und eine Packung mit zehn Wenax-Filtern.<\/p>\n<h3>Kompatibilit\u00e4t und Zubeh\u00f6r<\/h3>\n<p>Ihr Wenax M1 Mini Pod ist mit den Wenax M1 V2 Patronen sowie den Wenax M1 Patronen mit integrierten Drip Tips und Filterversion kompatibel. Beachten Sie, dass die Wenax M1 V2 Ersatzpatronen ohne Drip Tips verkauft werden. Bewahren Sie also die in diesem Kit enthaltenen Drip Tips gut auf oder besorgen Sie sich Wenax Filter.<\/p>\n<h3>Abschluss<\/h3>\n<p>Das Geekvape Starter Kit Wenax M ist der perfekte Begleiter f\u00fcr Dampfer, die auf der Suche nach einer eleganten, leistungsstarken und ultramobilen L\u00f6sung sind. Mit seinem durchdachten Design, der beeindruckenden Akkulaufzeit und der einfachen Bedienung eignet es sich sowohl f\u00fcr Anf\u00e4nger als auch f\u00fcr erfahrene Nutzer. Begeben Sie sich auf ein Abenteuer, ohne dass Ihnen das Dampfen jemals ausgeht, und genie\u00dfen Sie jeden Zug mit Stil und Einfachheit!<\/p>\n<h3>Kit-Inhalt :<\/h3>\n<ul>\n<li>1 Pod Wenax M1 Mini<\/li>\n<li>1 Powerbank<\/li>\n<li>1 Wenax M1 V2 0.8 Ohm Patrone<\/li>\n<li>1 Wenax M1 V2 1.2 Ohm Patrone<\/li>\n<li>2 Drip tips 510 delrin<\/li>\n<li>10 Wenax-Filter<\/li>\n<li>1 USB-C auf USB-C-Kabel<\/li>\n<li>1 Bedienungsanleitung<\/li>\n<\/ul>\n<p>&nbsp;<\/p>\n<p>Erfahren Sie mehr \u00fcber die Produkte der Marke <a href=\"\/product_brand\/geekvape\/\" target=\"_blank\" rel=\"noopener\">GeekVape<\/a>.<\/p>\n<p><strong><a href=\"\/categorie\/pods?orderby=date\/\" target=\"_blank\" rel=\"noopener\">Hier<\/a><\/strong> finden Sie alle unsere Pods.<\/p>\n<p>&nbsp;<\/p>\n<p>Erhalten Sie Rabatte oder die neuesten Informationen \u00fcber unsere anderen Produkte, die in unseren Gesch\u00e4ften erh\u00e4ltlich sind, indem Sie uns auf unseren sozialen Netzwerken folgen: <a href=\"https:\/\/www.facebook.com\/VapeAigleCH\" target=\"_blank\" rel=\"noopener\">Facebook<\/a> oder <a href=\"https:\/\/www.instagram.com\/vapotheque\" target=\"_blank\" rel=\"noopener\">Instagram<\/a>.<\/p>\n","protected":false},"excerpt":{"rendered":"<p>Geekvape Starter Kit Wenax M: Sch\u00f6n, Funktional und Ultra Nomade! Das Geekvape Starter Kit Wenax M ist nicht nur ein Hilfsmittel zum Vaporisieren, es ist ein stilvolles Accessoire! Das schlichte, elegante Design kombiniert eine raffinierte Aluminiumlegierung mit Kunstleder und sorgt so f\u00fcr eine au\u00dfergew\u00f6hnliche Textur und Griffigkeit. Dieses elegante Duo besteht aus einem Wenax M1 [&hellip;]<\/p>\n","protected":false},"featured_media":41857,"template":"","meta":{"_acf_changed":false},"product_cat":[442,408,453,454,1977],"product_tag":[],"class_list":{"0":"post-32525","1":"product","2":"type-product","3":"status-publish","4":"has-post-thumbnail","6":"product_brand-geekvape-de","7":"product_cat-hervorgehobene-produkte","8":"product_cat-lieferbar-innerhalb-von-24-stunden-de","9":"product_cat-pods-de","10":"product_cat-vapes-pods-de","11":"product_cat-lagerraeumung","13":"first","14":"outofstock","15":"sale","16":"taxable","17":"shipping-taxable","18":"purchasable","19":"product-type-variable"},"acf":[],"jetpack_sharing_enabled":true,"_links":{"self":[{"href":"https:\/\/vapotheque.ch\/de\/wp-json\/wp\/v2\/product\/32525","targetHints":{"allow":["GET"]}}],"collection":[{"href":"https:\/\/vapotheque.ch\/de\/wp-json\/wp\/v2\/product"}],"about":[{"href":"https:\/\/vapotheque.ch\/de\/wp-json\/wp\/v2\/types\/product"}],"wp:featuredmedia":[{"embeddable":true,"href":"https:\/\/vapotheque.ch\/de\/wp-json\/wp\/v2\/media\/41857"}],"wp:attachment":[{"href":"https:\/\/vapotheque.ch\/de\/wp-json\/wp\/v2\/media?parent=32525"}],"wp:term":[{"taxonomy":"product_cat","embeddable":true,"href":"https:\/\/vapotheque.ch\/de\/wp-json\/wp\/v2\/product_cat?post=32525"},{"taxonomy":"product_tag","embeddable":true,"href":"https:\/\/vapotheque.ch\/de\/wp-json\/wp\/v2\/product_tag?post=32525"}],"curies":[{"name":"wp","href":"https:\/\/api.w.org\/{rel}","templated":true}]}}