{"id":32253,"date":"2024-06-25T18:14:49","date_gmt":"2024-06-25T16:14:49","guid":{"rendered":"https:\/\/vapotheque.ch\/boutique\/joyetech-eroll-slim-patronen\/"},"modified":"2024-09-30T10:50:43","modified_gmt":"2024-09-30T08:50:43","slug":"joyetech-eroll-slim-patronen","status":"publish","type":"product","link":"https:\/\/vapotheque.ch\/de\/shop\/joyetech-eroll-slim-patronen\/","title":{"rendered":"Joyetech &#8211; eRoll Slim Patronen"},"content":{"rendered":"<h2>Joyetech eRoll Slim Patronen: Erwecken Sie Ihr Kit zum Leben!<\/h2>\n<p>  Ihr eRoll Slim Pod verdient nur das Beste, und mit diesem Dreierpack Ersatzkartuschen wird er immer bereit sein, Ihnen ein au\u00dfergew\u00f6hnliches Dampferlebnis zu bieten. Diese Patronen sind mit eingebauten Mesh-Widerst\u00e4nden ausgestattet, die f\u00fcr explosive Aromen und einen gro\u00dfz\u00fcgigen Dampf sorgen.  <\/p>\n<h3>Das Geheimnis des Dampfen ohne Kompromisse<\/h3>\n<p>  Jede Patrone kann bis zu 2 ml Ihrer bevorzugten e-Fl\u00fcssigkeit enthalten, die in einem Tank aus PCTG gelagert wird, das f\u00fcr seine Robustheit und Transparenz bekannt ist. Das seitliche Bef\u00fcllen ist kinderleicht: In wenigen Sekunden ist Ihre Patrone bereit, um mit Hilfe eines praktischen und zuverl\u00e4ssigen Magnetsystems in Ihren eRoll Slim Pod eingesetzt zu werden.  <\/p>\n<h3>Erleben Sie den Geschmack mit den Mesh-Coils.<\/h3>\n<p>  Diese Patronen sind mit 1,0 Ohm Mesh-Widerst\u00e4nden ausgestattet, ideal f\u00fcr MTL-Z\u00fcge (Mouth-to-Lung). Sie bieten eine automatische Anpassung an Ihre Bed\u00fcrfnisse und sind f\u00fcr ein PG\/VG-Verh\u00e4ltnis von 70PG\/30VG bis 50PG\/50VG optimiert. Ob Sie nun Liquids mit einem Nikotingehalt von bis zu 20 mg\/ml bevorzugen, diese Patronen liefern bei jedem Zug ein befriedigendes und wohlschmeckendes Dampferlebnis.  <\/p>\n<h3>Jederzeit bereit zum Dampfen<\/h3>\n<p>  Die eRoll Slim-Patronen sind praktisch und effizient. Sobald der Widerstand Anzeichen von Erm\u00fcdung zeigt, tauschen Sie einfach die Patrone gegen eine neue aus und schon kann es weitergehen.  <\/p>\n<h3>Kompatibilit\u00e4t und Zubeh\u00f6r<\/h3>\n<p>  Stellen Sie sicher, dass Sie einen 510 Drip Tip zur Hand haben, da diese Patronen ohne Drip Tip geliefert werden. Wenn Sie 510er Drip Tips zu Hause haben, passen sie perfekt auf diese Patronen, so dass Sie Ihr Dampferlebnis noch individueller gestalten k\u00f6nnen.  <\/p>\n<h3>Technische Merkmale<\/h3>\n<ul>\n<li><strong>eRoll Slim Mesh 1.0 Ohm Cartridge :<\/strong>\n<ul>\n<li>MTL-Ziehung<\/li>\n<li>Automatische Einstellung<\/li>\n<li>PG\/VG-Verh\u00e4ltnis: 70PG\/30VG bis 50PG\/50VG<\/li>\n<li>Empfohlener Nikotingehalt: bis zu 20 mg\/ml<\/li>\n<\/ul>\n<\/li>\n<\/ul>\n<h3>Finden Sie erg\u00e4nzende Produkte<\/h3>\n<p>  Sehen Sie sich die Liste der erg\u00e4nzenden Produkte an, um sicherzustellen, dass Sie alles haben, was Sie brauchen, um Ihren eRoll Slim zu optimieren. Joyetech hat an alles gedacht, damit Sie jeden Moment mit Ihrer bevorzugten E-Zigarette genie\u00dfen k\u00f6nnen.  <\/p>\n<h3>Abschluss<\/h3>\n<p>  Erwecken Sie Ihren eRoll Slim Pod mit diesen Ersatzpatronen zu neuem Leben. Dank des ausgekl\u00fcgelten Designs und der Mesh-Widerst\u00e4nde k\u00f6nnen Sie jeden Puff mit intensivem Geschmack und reichlich Dampf genie\u00dfen. Lassen Sie Ihrem eRoll Slim nie die Leistung ausgehen und dampfen Sie weiterhin mit Stil und Effizienz! &nbsp; Finden Sie <strong><a href=\"\/categorie\/pods?orderby=date\/\" target=\"_blank\" rel=\"noopener\">hier<\/a> <\/strong>alle unsere Pods. Erhalten Sie Rabatte oder die neuesten Informationen \u00fcber unsere anderen Produkte in den Gesch\u00e4ften, indem Sie uns auf unseren sozialen Netzwerken folgen: <strong><a href=\"https:\/\/www.facebook.com\/VapeAigleCH\" target=\"_blank\" rel=\"noopener\">Facebook<\/a><\/strong> oder <strong><a href=\"https:\/\/www.instagram.com\/vapotheque\" target=\"_blank\" rel=\"noopener\">Instagram<\/a><\/strong>.<\/p>\n","protected":false},"excerpt":{"rendered":"<p>Joyetech eRoll Slim Patronen: Erwecken Sie Ihr Kit zum Leben! Ihr eRoll Slim Pod verdient nur das Beste, und mit diesem Dreierpack Ersatzkartuschen wird er immer bereit sein, Ihnen ein au\u00dfergew\u00f6hnliches Dampferlebnis zu bieten. Diese Patronen sind mit eingebauten Mesh-Widerst\u00e4nden ausgestattet, die f\u00fcr explosive Aromen und einen gro\u00dfz\u00fcgigen Dampf sorgen. Das Geheimnis des Dampfen ohne [&hellip;]<\/p>\n","protected":false},"featured_media":32126,"template":"","meta":{"_acf_changed":false},"product_cat":[442,408,453,454],"product_tag":[],"class_list":{"0":"post-32253","1":"product","2":"type-product","3":"status-publish","4":"has-post-thumbnail","6":"product_brand-joyetech-de","7":"product_cat-hervorgehobene-produkte","8":"product_cat-lieferbar-innerhalb-von-24-stunden-de","9":"product_cat-pods-de","10":"product_cat-vapes-pods-de","12":"first","13":"instock","14":"taxable","15":"shipping-taxable","16":"purchasable","17":"product-type-simple"},"acf":[],"jetpack_sharing_enabled":true,"_links":{"self":[{"href":"https:\/\/vapotheque.ch\/de\/wp-json\/wp\/v2\/product\/32253","targetHints":{"allow":["GET"]}}],"collection":[{"href":"https:\/\/vapotheque.ch\/de\/wp-json\/wp\/v2\/product"}],"about":[{"href":"https:\/\/vapotheque.ch\/de\/wp-json\/wp\/v2\/types\/product"}],"wp:featuredmedia":[{"embeddable":true,"href":"https:\/\/vapotheque.ch\/de\/wp-json\/wp\/v2\/media\/32126"}],"wp:attachment":[{"href":"https:\/\/vapotheque.ch\/de\/wp-json\/wp\/v2\/media?parent=32253"}],"wp:term":[{"taxonomy":"product_cat","embeddable":true,"href":"https:\/\/vapotheque.ch\/de\/wp-json\/wp\/v2\/product_cat?post=32253"},{"taxonomy":"product_tag","embeddable":true,"href":"https:\/\/vapotheque.ch\/de\/wp-json\/wp\/v2\/product_tag?post=32253"}],"curies":[{"name":"wp","href":"https:\/\/api.w.org\/{rel}","templated":true}]}}