{"id":32028,"date":"2024-04-18T15:02:52","date_gmt":"2024-04-18T13:02:52","guid":{"rendered":"https:\/\/vapotheque.ch\/boutique\/aspire-boxxer-kit\/"},"modified":"2024-11-12T11:28:35","modified_gmt":"2024-11-12T10:28:35","slug":"aspire-boxxer-kit","status":"publish","type":"product","link":"https:\/\/vapotheque.ch\/de\/shop\/aspire-boxxer-kit\/","title":{"rendered":"Aspire &#8211; Boxxer Kit"},"content":{"rendered":"<h2>Tauchen Sie ein in die Zukunft, wie Aspire sie sieht, mit dem neuen Boxxer Kit in modernem Design!<\/h2>\n<p>Das Boxxer Kit von Aspire wurde f\u00fcr erfahrene Dampfer auf der Suche nach Innovation entwickelt und kombiniert Stil und Leistung f\u00fcr ein unvergleichliches Dampferlebnis. Das ikonische Metallic-Finish ist in sechs leuchtenden Farben erh\u00e4ltlich und bietet nicht nur eine anspruchsvolle \u00c4sthetik, sondern auch einen optimalen Schutz gegen den t\u00e4glichen Verschlei\u00df und m\u00f6gliche Unf\u00e4lle.<\/p>\n<p>Mit einem 0,96&#8243; TFT-Farbdisplay zeigt diese elektronische Zigarette alle wichtigen Informationen w\u00e4hrend des Rauchens an und sorgt so f\u00fcr zus\u00e4tzlichen Genuss bei jeder Inhalation.<\/p>\n<p>Das Leistungsanpassungssystem des Boxxer-Kits erm\u00f6glicht es Ihnen, Ihr Dampferlebnis mit Pr\u00e4zision zu personalisieren. Mit den beiden Kn\u00f6pfen unter dem Display k\u00f6nnen Sie die Ausgangsleistung bis zu 80 W einfach einstellen und so bei jedem Zug einen dichten und schmackhaften Dampf erzeugen. Die ergonomische Anordnung der Tasten erleichtert den Zugriff w\u00e4hrend des Gebrauchs und sorgt f\u00fcr eine komfortable und intuitive Bedienung.<\/p>\n<p>Der Aspire Kit Boxxer wird von einem 18650er Akku (nicht im Lieferumfang enthalten) angetrieben und bietet eine au\u00dfergew\u00f6hnlich lange Laufzeit f\u00fcr lange, ununterbrochene Dampfsessions. Laden Sie Ihre elektronische Zigarette einfach \u00fcber den USB-C-Anschluss an der Unterseite des Ger\u00e4ts auf, um sie schnell und bequem aufzuladen.<\/p>\n<p>Der im Kit enthaltene AF-Clearomizer ist so konzipiert, dass er mit Ihrem Dampfrhythmus m\u00fchelos mithalten kann. Mit einem gro\u00dfz\u00fcgigen 4-ml-Tank und einem F\u00fcllsystem von oben ist er sehr praktisch in der Anwendung. Die einstellbare Airflow an der Oberseite des Clearomizers erm\u00f6glicht eine pr\u00e4zise Kontrolle des Luftstroms, reduziert das Risiko des Auslaufens und bietet eine au\u00dfergew\u00f6hnliche Vielseitigkeit beim Ziehen.<\/p>\n<p>Der AF Clearomizer ist mit den AF Flexus Widerst\u00e4nden kompatibel und wird mit zwei Widerst\u00e4nden geliefert:<\/p>\n<ul>\n<li>0,4 Ohm AF Flexus zur Verwendung zwischen 20 und 28 W<\/li>\n<li>0,6 Ohm AF Flexus zur Verwendung zwischen 15 und 18 W<\/li>\n<\/ul>\n<p>F\u00fcr ein optimales Dampferlebnis lassen Sie sich von dem Aspire Boxxer Kit verf\u00fchren, in dem Innovation und Leistung f\u00fcr einen unvergleichlich schmackhaften Dampf zusammenkommen.<\/p>\n<p>&nbsp;<\/p>\n<h3>Inhalt des Pakets<\/h3>\n<ul>\n<li>1x Box Boxxer<\/li>\n<li>1x AF Clearomizer<\/li>\n<li>1x 0.4 Ohm AF Flexus-Widerstand<\/li>\n<li>1x 0.6 Ohm AF Flexus-Widerstand<\/li>\n<li>1x Beutel mit Zubeh\u00f6r<\/li>\n<li>1x Benutzerhandbuch<\/li>\n<\/ul>\n<p>&nbsp;<\/p>\n<p>Sehen Sie sich alle anderen Produkte der Marke Aspire an. <strong><a href=\"\/marque\/aspire\/\" target=\"_blank\" rel=\"noopener\">Aspire<\/a><\/strong>.<\/p>\n<p>Erhalten Sie Rabatte oder die neuesten Informationen \u00fcber unsere anderen Produkte in den Gesch\u00e4ften, indem Sie uns auf unseren sozialen Netzwerken folgen: <strong><a href=\"https:\/\/www.facebook.com\/VapeAigleCH\" target=\"_blank\" rel=\"noopener\">Facebook<\/a><\/strong> oder <strong><a href=\"https:\/\/www.instagram.com\/vapotheque\" target=\"_blank\" rel=\"noopener\">Instagram<\/a><\/strong>.<\/p>\n","protected":false},"excerpt":{"rendered":"<p>Tauchen Sie ein in die Zukunft, wie Aspire sie sieht, mit dem neuen Boxxer Kit in modernem Design! Das Boxxer Kit von Aspire wurde f\u00fcr erfahrene Dampfer auf der Suche nach Innovation entwickelt und kombiniert Stil und Leistung f\u00fcr ein unvergleichliches Dampferlebnis. Das ikonische Metallic-Finish ist in sechs leuchtenden Farben erh\u00e4ltlich und bietet nicht nur [&hellip;]<\/p>\n","protected":false},"featured_media":30389,"template":"","meta":{"_acf_changed":false},"product_cat":[448,450,442,408],"product_tag":[],"class_list":{"0":"post-32028","1":"product","2":"type-product","3":"status-publish","4":"has-post-thumbnail","6":"product_brand-aspire-de","7":"product_cat-box-mods-de","8":"product_cat-elektro","9":"product_cat-hervorgehobene-produkte","10":"product_cat-lieferbar-innerhalb-von-24-stunden-de","12":"first","13":"instock","14":"taxable","15":"shipping-taxable","16":"purchasable","17":"product-type-variable"},"acf":[],"jetpack_sharing_enabled":true,"_links":{"self":[{"href":"https:\/\/vapotheque.ch\/de\/wp-json\/wp\/v2\/product\/32028","targetHints":{"allow":["GET"]}}],"collection":[{"href":"https:\/\/vapotheque.ch\/de\/wp-json\/wp\/v2\/product"}],"about":[{"href":"https:\/\/vapotheque.ch\/de\/wp-json\/wp\/v2\/types\/product"}],"wp:featuredmedia":[{"embeddable":true,"href":"https:\/\/vapotheque.ch\/de\/wp-json\/wp\/v2\/media\/30389"}],"wp:attachment":[{"href":"https:\/\/vapotheque.ch\/de\/wp-json\/wp\/v2\/media?parent=32028"}],"wp:term":[{"taxonomy":"product_cat","embeddable":true,"href":"https:\/\/vapotheque.ch\/de\/wp-json\/wp\/v2\/product_cat?post=32028"},{"taxonomy":"product_tag","embeddable":true,"href":"https:\/\/vapotheque.ch\/de\/wp-json\/wp\/v2\/product_tag?post=32028"}],"curies":[{"name":"wp","href":"https:\/\/api.w.org\/{rel}","templated":true}]}}