{"id":31522,"date":"2024-06-06T17:30:24","date_gmt":"2024-06-06T15:30:24","guid":{"rendered":"https:\/\/vapotheque.ch\/boutique\/steam-train-one-way-ticket-100ml-e-liquid\/"},"modified":"2026-02-12T12:00:43","modified_gmt":"2026-02-12T11:00:43","slug":"steam-train-one-way-ticket-100ml-e-liquid","status":"publish","type":"product","link":"https:\/\/vapotheque.ch\/de\/shop\/steam-train-one-way-ticket-100ml-e-liquid\/","title":{"rendered":"Steam Train &#8211; One Way Ticket 24 \/ 120 ML E-Liquide"},"content":{"rendered":"<h2 style=\"display: none;\">Steam Train &#8211; One Way Ticket 100ml E-Liquid<\/h2>\n<h2>Steam Train One Way Ticket E-Liquid. Die Tabak-E-Liquids, die sich von allen anderen abheben&#8230;<\/h2>\n<p><a href=\"https:\/\/vapotheque.ch\/de\/steam-train-4\/\" target=\"_blank\" rel=\"noopener\">Die<\/a> griechische <a href=\"https:\/\/vapotheque.ch\/de\/steam-train-4\/\" target=\"_blank\" rel=\"noopener\">Marke Steam Train<\/a> wird Sie mit dem One Way Ticket beeindrucken, wenn Sie Tabakgeschmack in Ihrer e-Liquid m\u00f6gen. <strong>Steam Train<\/strong> bietet Ihnen ein exklusives Liquid, das nur f\u00fcr Sie entwickelt wurde! Der <strong>Steam train<\/strong> <b>One Way Ticket,<\/b> die Liquid f\u00fcr alle Dampfer, die etwas auf sich halten. Wenn Sie Tabak beim Dampfen sch\u00e4tzen, wird der One Way Ticket perfekt sein, um Ihnen volle Zufriedenheit zu bieten.<\/p>\n<h2>Le One Way Ticket, Ein E-Liquid, das f\u00fcr Tabakliebhaber entwickelt wurde.<\/h2>\n<p>Man muss glauben, dass Dampfer bei E-Liquids die Qual der Wahl zwischen den verschiedenen Geschmacksrichtungen haben, die von den Herstellern angeboten werden. Das ist sicherlich der Grund, warum Steam train beschlossen hat, diesen neuen Saft mit tabak\u00e4hnlichen Aromen zu entwerfen, die alles \u00fcbersteigen, was man sich vorstellen kann. Obwohl dieses E-Liquid vor allem bei Frauen beliebt ist, kann man davon ausgehen, dass auch M\u00e4nner die s\u00fc\u00dfe Note, die es vermittelt, genie\u00dfen k\u00f6nnen.<\/p>\n<p>Das macht sicher den Unterschied zu anderen Fl\u00fcssigkeiten, die Sie anderswo entdecken k\u00f6nnen. Wenn Sie also Ihren Vaping-Moment mit einem neuen E-Liquid genie\u00dfen m\u00f6chten, wird Ihnen das One Way Ticket eine &#8220;Auszeit&#8221; im Land der tausend und einen Tabake erm\u00f6glichen!<\/p>\n<h3>Ein Saft mit einzigartigen Aromen<\/h3>\n<p>Steam train hat keine halben Sachen gemacht, als sie <strong>One Way Ticket<\/strong> entwickelt haben! Dieses E-Liquid ist ein wahres Geschmackskonzentrat der Aromen, aus denen es besteht. Ein <b>subtiler <\/b> Tabak <b>mit einem Hauch von Karamell. <\/b> <\/p>\n<h2>Ein leicht zu transportierender Beh\u00e4lter f\u00fcr das Steam Train One Way Ticket 120 ml<\/h2>\n<p>Wie die meisten seiner S\u00e4fte bietet Steam train allen Dampfern einen <strong>120 ml<\/strong> Beh\u00e4lter. Mit diesem Beh\u00e4lter ist es viel einfacher, seine-Fl\u00fcssigkeit zu transportieren und seine Nikotindosis nach Lust und Laune hinzuzuf\u00fcgen. Ob im B\u00fcro oder bei einem Ausflug mit Freunden, Ihre e-Liquids werden in jeder Tasche Platz finden. Wenn Sie also auf der Suche nach einer tabakhaltigen e-Liquid sind, die Ihnen einen Hauch von Genuss verleiht, wird Sie One Way Ticket sicherlich begeistern. So werden Ihre Momente des Vaporisierens zu einem unvergesslichen Erlebnis!<\/p>\n<p>Eine Top-Fl\u00fcssigkeit! Wie immer sind die Geschm\u00e4cker beim One Way Ticket verschieden. Entdecken Sie einen <b>subtilen<\/b> Tabak <b>mit einem Hauch von Karamell<\/b>. Es ist nicht auszuschlie\u00dfen, dass dieser Zug Sie in den Himmel des Tabakgenusses bringt! <\/p>\n<p><strong>ACHTUNG: Dieses Produkt ist ein konzentriertes Aroma von 24 ml, das vor Gebrauch verd\u00fcnnt werden muss!<\/strong><\/p>\n<p>&nbsp;<\/p>\n<h3><\/h3>\n<h3>Hilfe beim Aufstocken Ihres One Way Ticket E-Liquide :<\/h3>\n<p>Wenn Sie Ihr One Way Ticket erhalten, m\u00fcssen Sie die Nikotinersatzprodukte hinzuf\u00fcgen. <a href=\"https:\/\/vapotheque.ch\/de\/kategorie\/diy-de\/boosters-diy-de\/\"><strong>Nikotinbooster<\/strong><\/a> (falls erforderlich) sowie die <strong><a href=\"https:\/\/vapotheque.ch\/de\/shop\/vapor-flavour-basis-30pg-70vg\/\">PG\/VG-Basis<\/a><\/strong> bevor Sie es rauchen k\u00f6nnen. Die Flasche, die Sie erhalten, ist mit <strong>24 ml konzentriertem Aroma<\/strong> gef\u00fcllt. In dieser Reihenfolge m\u00fcssen Sie <strong>zuerst die<\/strong> ben\u00f6tigten <strong>Nikotinbooster<\/strong> <strong>und dann die PG\/VG-Basis<\/strong> hinzuf\u00fcgen, um die Flasche zu f\u00fcllen. Um Ihnen zu helfen, die Anzahl der <a href=\"https:\/\/vapotheque.ch\/de\/kategorie\/diy-de\/boosters-diy-de\/\"><strong>Nikotin-Boostern zu helfen.<\/strong><\/a> und der Menge an Glukose <strong><a href=\"https:\/\/vapotheque.ch\/de\/shop\/vapor-flavour-basis-30pg-70vg\/\">PG\/VG-Basis<\/a><\/strong> Nachfolgend finden Sie einige Beispiele: <\/p>\n<ul>\n<li>F\u00fcr 3 mg \/ ml Nikotin m\u00fcssen Sie 2x bestellen. <a href=\"https:\/\/vapotheque.ch\/de\/kategorie\/diy-de\/boosters-diy-de\/\"><strong>Nikotin Booster<\/strong><\/a> und 1x 100 ML Nikotin. <strong><a href=\"https:\/\/vapotheque.ch\/de\/shop\/vapor-flavour-basis-30pg-70vg\/\">Basis 30 PG \/ 70 VG bestellen.<\/a><\/strong>. F\u00fcllen Sie den Booster in die E-Liquid-Flasche und f\u00fcllen Sie die Flasche mit der PG\/VG\/VG-Basis auf. <\/li>\n<li>F\u00fcr 6 mg \/ ml Nikotin m\u00fcssen Sie 4x bestellen. <a href=\"https:\/\/vapotheque.ch\/de\/kategorie\/diy-de\/boosters-diy-de\/\"><strong>Nikotin-Booster<\/strong><\/a> und 1x 100 ML Nikotin. <strong><a href=\"https:\/\/vapotheque.ch\/de\/shop\/vapor-flavour-basis-30pg-70vg\/\">Basis 30 PG \/ 70 VG bestellen.<\/a><\/strong>. Geben Sie den Booster in die E-Liquid-Flasche und f\u00fcllen Sie die Flasche mit der Basis PG \/ VG \/ VG auf. <\/li>\n<li>F\u00fcr 9 mg \/ ml m\u00fcssen Sie 6x bestellen. <a href=\"https:\/\/vapotheque.ch\/de\/kategorie\/diy-de\/boosters-diy-de\/\"><strong>Nikotin-Booster<\/strong><\/a> und 1x 100 ML von <strong><a href=\"https:\/\/vapotheque.ch\/de\/shop\/vapor-flavour-basis-30pg-70vg\/\">Basis 30 PG \/ 70 VG bestellen.<\/a><\/strong>. Geben Sie den Booster in die E-Liquid-Flasche und f\u00fcllen Sie diese mit der PG \/ VG \/ VG-Basis auf. <\/li>\n<\/ul>\n<p><strong>So geht es weiter, bis das maximale Volumen der Flasche erreicht ist.<\/strong><\/p>\n<p><strong>Sollte nach dem Ausf\u00fcllen der Flasche noch etwas Basis vorhanden sein, bewahren Sie diese bitte dunkel und bei Raumtemperatur auf. Sie k\u00f6nnen sie bei Ihrer n\u00e4chsten Bestellung verwenden. <\/strong><\/p>\n<p>&nbsp;<\/p>\n<p>Wichtig: Mit Aromen angereicherte E-Liquids, die in einer 120-ml-Flasche verkauft werden.<\/p>\n<p class=\"class-fabrication\">Hergestellt in Griechenland; Dosierung: 100 % PG.<\/p>\n<p>&nbsp;<\/p>\n<p>Entdecken Sie weitere Produkte der Marke <a href=\"https:\/\/vapotheque.ch\/de\/steam-train-4\/\" target=\"_blank\" rel=\"noopener\">Steam Train<\/a>.<\/p>\n<p>Erhalten Sie Rabatte oder die neuesten Informationen \u00fcber das Steam Train One Way Ticket, indem Sie uns auf <a href=\"https:\/\/www.facebook.com\/VapeAigleCH\" target=\"_blank\" rel=\"noopener\">Facebook<\/a> oder <a href=\"https:\/\/www.instagram.com\/vapotheque\" target=\"_blank\" rel=\"noopener\">Instagram<\/a> folgen.<\/p>\n","protected":false},"excerpt":{"rendered":"<p><strong>Wie Sie die Booster richtig zu Ihrem Produkt hinzuf\u00fcgen, erfahren Sie in der nachfolgenden Beschreibung.<\/strong><\/p>\n","protected":false},"featured_media":31507,"template":"","meta":{"_acf_changed":false},"product_cat":[405,442,408,403,1682,1679],"product_tag":[],"class_list":{"0":"post-31522","1":"product","2":"type-product","3":"status-publish","4":"has-post-thumbnail","6":"product_brand-steam-train-de","7":"product_cat-e-liquids","8":"product_cat-hervorgehobene-produkte","9":"product_cat-lieferbar-innerhalb-von-24-stunden-de","10":"product_cat-tabak","11":"product_cat-24-ml-fur-120-ml","12":"product_cat-menge-e-flussigkeit-kapazitat-flasche","14":"first","15":"instock","16":"taxable","17":"shipping-taxable","18":"purchasable","19":"product-type-simple"},"acf":[],"jetpack_sharing_enabled":true,"_links":{"self":[{"href":"https:\/\/vapotheque.ch\/de\/wp-json\/wp\/v2\/product\/31522","targetHints":{"allow":["GET"]}}],"collection":[{"href":"https:\/\/vapotheque.ch\/de\/wp-json\/wp\/v2\/product"}],"about":[{"href":"https:\/\/vapotheque.ch\/de\/wp-json\/wp\/v2\/types\/product"}],"wp:featuredmedia":[{"embeddable":true,"href":"https:\/\/vapotheque.ch\/de\/wp-json\/wp\/v2\/media\/31507"}],"wp:attachment":[{"href":"https:\/\/vapotheque.ch\/de\/wp-json\/wp\/v2\/media?parent=31522"}],"wp:term":[{"taxonomy":"product_cat","embeddable":true,"href":"https:\/\/vapotheque.ch\/de\/wp-json\/wp\/v2\/product_cat?post=31522"},{"taxonomy":"product_tag","embeddable":true,"href":"https:\/\/vapotheque.ch\/de\/wp-json\/wp\/v2\/product_tag?post=31522"}],"curies":[{"name":"wp","href":"https:\/\/api.w.org\/{rel}","templated":true}]}}