{"id":30931,"date":"2024-05-14T14:23:45","date_gmt":"2024-05-14T12:23:45","guid":{"rendered":"https:\/\/vapotheque.ch\/boutique\/fumytech-hookah-dock\/"},"modified":"2024-11-12T11:28:44","modified_gmt":"2024-11-12T10:28:44","slug":"fumytech-hookah-dock","status":"publish","type":"product","link":"https:\/\/vapotheque.ch\/de\/shop\/fumytech-hookah-dock\/","title":{"rendered":"Fumytech &#8211; Hookah Dock"},"content":{"rendered":"<h2>Fumytech Hookah Dock ist ein Synonym f\u00fcr Eleganz und Benutzerfreundlichkeit.<\/h2>\n<p>Verwandeln Sie Ihre Hookah Air<strong>(separat<\/strong> erh\u00e4ltlich) mit dem Hookah Dock von Fumytech in eine hochwertige Wasserpfeife. Dieser einfache und elegante St\u00e4nder ist aus einer Aluminiumlegierung gefertigt und bietet sowohl Robustheit als auch eine Premium-\u00c4sthetik. Das integrierte Gitter l\u00e4sst die Lichteffekte Ihres Hookah Air sichtbar werden und sorgt f\u00fcr einen &#8220;Wow&#8221;-Effekt, der Ihre G\u00e4ste beeindrucken wird. Ein praktisches Podest ist ebenfalls vorhanden, damit Sie Ihr Mundst\u00fcck elegant ablegen k\u00f6nnen.<\/p>\n<h3>Tragbarkeit und kompaktes Design<\/h3>\n<p>Mit den Ma\u00dfen 153 mm x 150 mm x 80 mm ist das Hookah Dock so konzipiert, dass es leicht transportiert werden kann. Nehmen Sie ihn mit auf einen Abend mit Freunden oder genie\u00dfen Sie eine Shisha-Sitzung im Freien, wo immer Sie auch sind.<\/p>\n<h3>Inhalt des Hookah Docks<\/h3>\n<p>Das Hookah Dock besteht aus vier verschiedenen Elementen:<\/p>\n<ul>\n<li>Das Hookah Dock<\/li>\n<li>Der Adapter f\u00fcr Hookah Air<\/li>\n<li>Eine Silikonr\u00f6hre<\/li>\n<li>Ein extra langes Drip Tip, das an traditionelle Shishas erinnert.<\/li>\n<\/ul>\n<h3>Praktisches Design<\/h3>\n<p>Fumytech hat an alles gedacht, um Ihren Komfort zu maximieren. Sie k\u00f6nnen Ihr Hookah Air aufladen, ohne es aus dem Hookah Dock zu nehmen, dank einer kleinen Kerbe, die das Ladekabel durchl\u00e4sst. So k\u00f6nnen Sie lange Shisha-Abende ohne Unterbrechung genie\u00dfen.<\/p>\n<h3>Einfache Installation<\/h3>\n<p>Die Installation des Hookah Docks ist schnell und intuitiv, so dass Sie im Handumdrehen mit Ihrer Shisha-Sitzung beginnen k\u00f6nnen:<\/p>\n<ol>\n<li>Entfernen Sie das Topcap und das Drip Tip von Ihrer Hookah Air.<\/li>\n<li>Bringen Sie den mit dem Hookah Dock gelieferten Adapter anstelle des Top Caps an.<\/li>\n<li>Schlie\u00dfen Sie den Silikonschlauch an den Adapter an.<\/li>\n<li>Schlie\u00dfen Sie den mitgelieferten Drip Tip an das andere Ende des Rohrs an.<\/li>\n<li>Wenn Ihr Tank bereits voll ist, m\u00fcssen Sie nur noch inhalieren, um Ihre Sitzung zu genie\u00dfen.<\/li>\n<\/ol>\n<h3>Inhalt<\/h3>\n<ul>\n<li>1x Hookah Dock Support<\/li>\n<li>1x Hookah Dock-Adapter<\/li>\n<li>1x Silikonschlauch<\/li>\n<li>1x Mundst\u00fcck<\/li>\n<\/ul>\n<p>&nbsp;<\/p>\n<p>Sehen Sie sich alle anderen Produkte der Marke an <strong><br \/>\n  <a href=\"\/marque\/fumytech\/\" target=\"_blank\" rel=\"noopener\">Fumytech<\/a><br \/>\n<\/strong>.<\/p>\n<p>Erhalten Sie Rabatte oder die neuesten Informationen \u00fcber unsere anderen Produkte in den Gesch\u00e4ften, indem Sie uns auf unseren sozialen Netzwerken folgen: <strong><a href=\"https:\/\/www.facebook.com\/VapeAigleCH\" target=\"_blank\" rel=\"noopener\">Facebook<\/a><\/strong> oder <strong><a href=\"https:\/\/www.instagram.com\/vapotheque\" target=\"_blank\" rel=\"noopener\">Instagram<\/a><\/strong>.<\/p>\n","protected":false},"excerpt":{"rendered":"<p>Fumytech Hookah Dock ist ein Synonym f\u00fcr Eleganz und Benutzerfreundlichkeit. Verwandeln Sie Ihre Hookah Air(separat erh\u00e4ltlich) mit dem Hookah Dock von Fumytech in eine hochwertige Wasserpfeife. Dieser einfache und elegante St\u00e4nder ist aus einer Aluminiumlegierung gefertigt und bietet sowohl Robustheit als auch eine Premium-\u00c4sthetik. Das integrierte Gitter l\u00e4sst die Lichteffekte Ihres Hookah Air sichtbar werden [&hellip;]<\/p>\n","protected":false},"featured_media":30811,"template":"","meta":{"_acf_changed":false},"product_cat":[442,408,453,469],"product_tag":[],"class_list":{"0":"post-30931","1":"product","2":"type-product","3":"status-publish","4":"has-post-thumbnail","6":"product_brand-fumytech-de","7":"product_cat-hervorgehobene-produkte","8":"product_cat-lieferbar-innerhalb-von-24-stunden-de","9":"product_cat-pods-de","10":"product_cat-zubehor-pods","12":"first","13":"instock","14":"taxable","15":"shipping-taxable","16":"purchasable","17":"product-type-variable"},"acf":[],"jetpack_sharing_enabled":true,"_links":{"self":[{"href":"https:\/\/vapotheque.ch\/de\/wp-json\/wp\/v2\/product\/30931","targetHints":{"allow":["GET"]}}],"collection":[{"href":"https:\/\/vapotheque.ch\/de\/wp-json\/wp\/v2\/product"}],"about":[{"href":"https:\/\/vapotheque.ch\/de\/wp-json\/wp\/v2\/types\/product"}],"wp:featuredmedia":[{"embeddable":true,"href":"https:\/\/vapotheque.ch\/de\/wp-json\/wp\/v2\/media\/30811"}],"wp:attachment":[{"href":"https:\/\/vapotheque.ch\/de\/wp-json\/wp\/v2\/media?parent=30931"}],"wp:term":[{"taxonomy":"product_cat","embeddable":true,"href":"https:\/\/vapotheque.ch\/de\/wp-json\/wp\/v2\/product_cat?post=30931"},{"taxonomy":"product_tag","embeddable":true,"href":"https:\/\/vapotheque.ch\/de\/wp-json\/wp\/v2\/product_tag?post=30931"}],"curies":[{"name":"wp","href":"https:\/\/api.w.org\/{rel}","templated":true}]}}