{"id":30918,"date":"2024-05-14T16:13:48","date_gmt":"2024-05-14T14:13:48","guid":{"rendered":"https:\/\/vapotheque.ch\/boutique\/fumytech-hookah-air-patrone\/"},"modified":"2024-11-12T11:28:46","modified_gmt":"2024-11-12T10:28:46","slug":"fumytech-hookah-air-patrone","status":"publish","type":"product","link":"https:\/\/vapotheque.ch\/de\/shop\/fumytech-hookah-air-patrone\/","title":{"rendered":"Fumytech &#8211; Hookah Air Patrone"},"content":{"rendered":"<h2>Fumytech Hookah Air Patrone!<\/h2>\n<p>R\u00fcsten Sie Ihren Hookah Air e-Chicha mit der Fumytech Hookah Air Cartridge aus. Jede Patrone verf\u00fcgt \u00fcber einen 6 ml PCTG-Reservoir, das einfach an der Seite nachzuf\u00fcllen ist. Dank ihrer Mesh-Widerst\u00e4nde garantieren diese Kartuschen ein qualitativ hochwertiges Luftdampfen mit gro\u00dfz\u00fcgigem Dampf und einer au\u00dfergew\u00f6hnlichen Geschmackswiedergabe.<\/p>\n<h3>Inhalt des Pakets<\/h3>\n<p>Die Patronen werden paarweise verkauft und <strong>ohne Drip Tip geliefert<\/strong>, so dass Sie sie nach Ihren W\u00fcnschen anpassen k\u00f6nnen.<\/p>\n<h3>Vielfalt und Leistung<\/h3>\n<p>Fumytech bietet mehrere Optionen f\u00fcr Hookah Air-Kartuschen an, um das Dampferlebnis zu variieren. Je niedriger der Widerstand, desto mehr Dampf wird erzeugt. Entdecken Sie die drei verf\u00fcgbaren Versionen :<\/p>\n<ul>\n<li><strong>Hookah Air 0.3 Ohm Patrone<\/strong>\n<ul>\n<li><strong>Zeichnung:<\/strong> DTL (Direct to Lung)<\/li>\n<li><strong>PG\/VG-Verh\u00e4ltnis:<\/strong> von 50\/50 bis 10\/90<\/li>\n<\/ul>\n<\/li>\n<li><strong>Hookah Air 0.4 Ohm Patrone<\/strong>\n<ul>\n<li><strong>Zeichnung:<\/strong> DTL (Direct to Lung)<\/li>\n<li><strong>PG\/VG-Verh\u00e4ltnis:<\/strong> von 50\/50 bis 20\/80<\/li>\n<\/ul>\n<\/li>\n<li><strong>Hookah Air 0.6 Ohm Patrone<\/strong>\n<ul>\n<li><strong>Ziehung:<\/strong> DTL etwas enger<\/li>\n<li><strong>PG\/VG-Verh\u00e4ltnis:<\/strong> von 50\/50 bis 70\/30<\/li>\n<\/ul>\n<\/li>\n<\/ul>\n<h3>Warum sollten Sie sich f\u00fcr Hookah Air Cartridges entscheiden?<\/h3>\n<ul>\n<li><strong>Kapazit\u00e4t:<\/strong> 6-ml-Reservoir f\u00fcr eine l\u00e4ngere Nutzung ohne h\u00e4ufiges Nachf\u00fcllen.<\/li>\n<li><strong>Qualit\u00e4t:<\/strong> Starkes und haltbares PCTG-Material.<\/li>\n<li><strong>Leistung:<\/strong> Mesh-Widerst\u00e4nde f\u00fcr reichlich Dampf und Aromen.<\/li>\n<li><strong>Flexibilit\u00e4t:<\/strong> Mehrere Widerstandsoptionen, um Ihr Dampferlebnis anzupassen.<\/li>\n<\/ul>\n<p>Entscheiden Sie sich f\u00fcr die Hookah Air-Kartuschen von Fumytech und genie\u00dfen Sie ein optimiertes und abwechslungsreiches Dampfen, das all Ihren W\u00fcnschen entspricht.<\/p>\n<p>&nbsp;<\/p>\n<p>Sehen Sie sich alle anderen Produkte der Marke an <strong><br \/>\n  <a href=\"\/marque\/fumytech\/\" target=\"_blank\" rel=\"noopener\">Fumytech<\/a><br \/>\n<\/strong>.<\/p>\n<p>Erhalten Sie Rabatte oder die neuesten Informationen \u00fcber unsere anderen Produkte in den Gesch\u00e4ften, indem Sie uns auf unseren sozialen Netzwerken folgen: <strong><a href=\"https:\/\/www.facebook.com\/VapeAigleCH\" target=\"_blank\" rel=\"noopener\">Facebook<\/a><\/strong> oder <strong><a href=\"https:\/\/www.instagram.com\/vapotheque\" target=\"_blank\" rel=\"noopener\">Instagram<\/a><\/strong>.<\/p>\n","protected":false},"excerpt":{"rendered":"<p>Fumytech Hookah Air Patrone! R\u00fcsten Sie Ihren Hookah Air e-Chicha mit der Fumytech Hookah Air Cartridge aus. Jede Patrone verf\u00fcgt \u00fcber einen 6 ml PCTG-Reservoir, das einfach an der Seite nachzuf\u00fcllen ist. Dank ihrer Mesh-Widerst\u00e4nde garantieren diese Kartuschen ein qualitativ hochwertiges Luftdampfen mit gro\u00dfz\u00fcgigem Dampf und einer au\u00dfergew\u00f6hnlichen Geschmackswiedergabe. Inhalt des Pakets Die Patronen werden [&hellip;]<\/p>\n","protected":false},"featured_media":30825,"template":"","meta":{"_acf_changed":false},"product_cat":[408,453,469],"product_tag":[],"class_list":{"0":"post-30918","1":"product","2":"type-product","3":"status-publish","4":"has-post-thumbnail","6":"product_brand-fumytech-de","7":"product_cat-lieferbar-innerhalb-von-24-stunden-de","8":"product_cat-pods-de","9":"product_cat-zubehor-pods","11":"first","12":"instock","13":"taxable","14":"shipping-taxable","15":"purchasable","16":"product-type-variable"},"acf":[],"jetpack_sharing_enabled":true,"_links":{"self":[{"href":"https:\/\/vapotheque.ch\/de\/wp-json\/wp\/v2\/product\/30918","targetHints":{"allow":["GET"]}}],"collection":[{"href":"https:\/\/vapotheque.ch\/de\/wp-json\/wp\/v2\/product"}],"about":[{"href":"https:\/\/vapotheque.ch\/de\/wp-json\/wp\/v2\/types\/product"}],"wp:featuredmedia":[{"embeddable":true,"href":"https:\/\/vapotheque.ch\/de\/wp-json\/wp\/v2\/media\/30825"}],"wp:attachment":[{"href":"https:\/\/vapotheque.ch\/de\/wp-json\/wp\/v2\/media?parent=30918"}],"wp:term":[{"taxonomy":"product_cat","embeddable":true,"href":"https:\/\/vapotheque.ch\/de\/wp-json\/wp\/v2\/product_cat?post=30918"},{"taxonomy":"product_tag","embeddable":true,"href":"https:\/\/vapotheque.ch\/de\/wp-json\/wp\/v2\/product_tag?post=30918"}],"curies":[{"name":"wp","href":"https:\/\/api.w.org\/{rel}","templated":true}]}}