{"id":30521,"date":"2024-04-18T17:39:47","date_gmt":"2024-04-18T15:39:47","guid":{"rendered":"https:\/\/vapotheque.ch\/boutique\/voopoo-pnp-widerstaende-x\/"},"modified":"2024-11-12T11:28:28","modified_gmt":"2024-11-12T10:28:28","slug":"voopoo-pnp-widerstaende-x","status":"publish","type":"product","link":"https:\/\/vapotheque.ch\/de\/shop\/voopoo-pnp-widerstaende-x\/","title":{"rendered":"Voopoo &#8211; PNP-Widerst\u00e4nde X"},"content":{"rendered":"<h2>Die neue \u00c4ra der PNPs beginnt mit den VOOPOO PNP X Widerst\u00e4nden!<\/h2>\n<p>Entdecken Sie die PnP X Widerst\u00e4nde, die neueste Generation von Voopoo Coils. Mit deutlichen Verbesserungen bei der Baumwolle f\u00fcr eine optimale Absorption und einem \u00fcberarbeiteten Mesh f\u00fcr eine noch schnellere und effizientere Erw\u00e4rmung bieten diese Coils ein au\u00dfergew\u00f6hnliches Dampferlebnis. Ihr Design garantiert eine lange Lebensdauer, so dass Sie mit einem einzigen Widerstand bis zu 100 ml E-Fl\u00fcssigkeit dampfen k\u00f6nnen, w\u00e4hrend der Geschmack erhalten bleibt.<\/p>\n<p>Voopoo hat auch die Naht neu gestaltet, um eine perfekte Abdichtung zu gew\u00e4hrleisten, so dass Sie sich von l\u00e4stigen Lecks verabschieden k\u00f6nnen.<\/p>\n<p>Bitte beachten Sie, dass die PnP X-Plattform eine separate Einheit ist und dass diese Widerst\u00e4nde nicht mit den Standard-PnP-Coils kompatibel sind.<\/p>\n<h3>DIE VERSCHIEDENEN MODELLE DER PNP X-WIDERST\u00c4NDE VON VOOPOO :<\/h3>\n<p>Die PnP X-Widerst\u00e4nde sind in einer Vielzahl von Werten erh\u00e4ltlich und bieten somit ein Sortiment f\u00fcr alle Arten des Dampfens, ob direkt oder indirekt inhaliert wird.<\/p>\n<ul>\n<li><strong>PnP-Widerst\u00e4nde X 0,15 Ohm:<\/strong> DTL-Ziehung &#8211; zu verwenden zwischen 60 W und 80 W<\/li>\n<li><strong>PnP-Widerst\u00e4nde X 0,2 Ohm:<\/strong> DTL-Ziehung &#8211; zur Verwendung zwischen 40 W und 60 W<\/li>\n<li><strong>PnP-Widerst\u00e4nde X 0,3 Ohm:<\/strong> RDL-Ziehung &#8211; zur Verwendung zwischen 32 W und 40 W<\/li>\n<li><strong>Widerst\u00e4nde PnP X 0,6 Ohm:<\/strong> MTL\/RDL-Ziehung &#8211; zur Verwendung zwischen 18 W und 23 W<\/li>\n<\/ul>\n<p>&nbsp;<\/p>\n<p>Sehen Sie sich alle Produkte der Marke <a href=\"\/marque\/voopoo\/\" target=\"_blank\" rel=\"noopener\">Voopoo<\/a> an.<\/p>\n<p>Erhalten Sie Rabatte oder die neuesten Informationen \u00fcber unsere anderen Produkte, die in unseren Gesch\u00e4ften erh\u00e4ltlich sind, indem Sie uns auf unseren sozialen Netzwerken folgen: <a href=\"https:\/\/www.facebook.com\/VapeAigleCH\" target=\"_blank\" rel=\"noopener\">Facebook<\/a> oder <a href=\"https:\/\/www.instagram.com\/vapotheque\" target=\"_blank\" rel=\"noopener\">Instagram<\/a>.<\/p>\n","protected":false},"excerpt":{"rendered":"<p>Die neue \u00c4ra der PNPs beginnt mit den VOOPOO PNP X Widerst\u00e4nden! Entdecken Sie die PnP X Widerst\u00e4nde, die neueste Generation von Voopoo Coils. Mit deutlichen Verbesserungen bei der Baumwolle f\u00fcr eine optimale Absorption und einem \u00fcberarbeiteten Mesh f\u00fcr eine noch schnellere und effizientere Erw\u00e4rmung bieten diese Coils ein au\u00dfergew\u00f6hnliches Dampferlebnis. Ihr Design garantiert eine [&hellip;]<\/p>\n","protected":false},"featured_media":30413,"template":"","meta":{"_acf_changed":false},"product_cat":[440,442,408,399],"product_tag":[],"class_list":{"0":"post-30521","1":"product","2":"type-product","3":"status-publish","4":"has-post-thumbnail","6":"product_brand-voopoo-de","7":"product_cat-atomizer","8":"product_cat-hervorgehobene-produkte","9":"product_cat-lieferbar-innerhalb-von-24-stunden-de","10":"product_cat-vorgefertigte-widerstande","12":"first","13":"instock","14":"taxable","15":"shipping-taxable","16":"purchasable","17":"product-type-variable"},"acf":[],"jetpack_sharing_enabled":true,"_links":{"self":[{"href":"https:\/\/vapotheque.ch\/de\/wp-json\/wp\/v2\/product\/30521","targetHints":{"allow":["GET"]}}],"collection":[{"href":"https:\/\/vapotheque.ch\/de\/wp-json\/wp\/v2\/product"}],"about":[{"href":"https:\/\/vapotheque.ch\/de\/wp-json\/wp\/v2\/types\/product"}],"wp:featuredmedia":[{"embeddable":true,"href":"https:\/\/vapotheque.ch\/de\/wp-json\/wp\/v2\/media\/30413"}],"wp:attachment":[{"href":"https:\/\/vapotheque.ch\/de\/wp-json\/wp\/v2\/media?parent=30521"}],"wp:term":[{"taxonomy":"product_cat","embeddable":true,"href":"https:\/\/vapotheque.ch\/de\/wp-json\/wp\/v2\/product_cat?post=30521"},{"taxonomy":"product_tag","embeddable":true,"href":"https:\/\/vapotheque.ch\/de\/wp-json\/wp\/v2\/product_tag?post=30521"}],"curies":[{"name":"wp","href":"https:\/\/api.w.org\/{rel}","templated":true}]}}