{"id":30274,"date":"2024-04-09T16:13:29","date_gmt":"2024-04-09T14:13:29","guid":{"rendered":"https:\/\/vapotheque.ch\/boutique\/protect-die-4-jahreszeiten-fruehling-mango-ananas-e-liquid\/"},"modified":"2024-10-04T13:03:00","modified_gmt":"2024-10-04T11:03:00","slug":"protect-die-4-jahreszeiten-fruehling-mango-ananas-e-liquid","status":"publish","type":"product","link":"https:\/\/vapotheque.ch\/de\/shop\/protect-die-4-jahreszeiten-fruehling-mango-ananas-e-liquid\/","title":{"rendered":"Protect &#8211; Die 4 Jahreszeiten Fr\u00fchling &#8211; Mango Ananas E-Liquid"},"content":{"rendered":"<h2 style=\"font-family: Saira,sans-serif; font-weight: bold; line-height: 1.3; font-size: 37px; margin-top: 12.5px; margin-bottom: 12.5px;\">Protect macht es wie Vivaldi und beginnt in Die vier Jahreszeiten mit dem Fr\u00fchling!<\/h2>\n<p>Kommen Sie und entdecken Sie ohne weitere Verz\u00f6gerung das neue Sortiment der Franzosen von Protect mit Rezepten im Rhythmus der vier Jahreszeiten. Sie sind es gewohnt, in unseren Dampfergewohnheiten den Regen und den Sonnenschein zu machen, und die Produktreihe Les 4 Saisons wird ihr ganzes aromatisches Know-how mit uns teilen. Ein Jahr voller Aromen erwartet uns im Wechsel der Jahreszeiten!<\/p>\n<p>Der Fr\u00fchling zeigt sich endlich von seiner besten Seite und da wir ihn so sehr vermisst haben, beschlie\u00dfen wir, ihn mit offenen Armen zu empfangen. Die R\u00fcckkehr der Sonne zeigt sich nicht nur im Wetter, sondern auch in der Fr\u00fchjahrskollektion der Toulouser von Protect. Diese R\u00fcckkehr ist umso schmackhafter, als sie uns auf der Suche nach den goldenen Strahlen in exotische L\u00e4nder reisen l\u00e4sst. Die ganze S\u00fc\u00dfe einer <strong>Mango<\/strong> und die F\u00fclle einer <strong>Ananas<\/strong> treffen in diesem Gebr\u00e4u aufeinander, um eine fruchtige und kr\u00e4ftige Mischung zu schaffen. Das l\u00e4sst uns den Winter mit seinem kalten und tr\u00fcben Wetter vergessen.<\/p>\n<p>&nbsp;<\/p>\n<p>Wichtig: Mit Aromen angereicherte E-Liquids, die in einer 75-ml-Flasche verkauft werden.<\/p>\n<p class=\"class-fabrication\">Hergestellt in Frankreich; PG\/VG-Verh\u00e4ltnis: 40% \/ 60%.<\/p>\n<p>Entdecken Sie weitere Produkte der Marke <a href=\"https:\/\/vapotheque.ch\/de\/marque\/protect-de\/\" target=\"_blank\" rel=\"noopener\">Protect<\/a>.<\/p>\n<p>Erhalten Sie Rabatte oder die neuesten Informationen \u00fcber unsere Produkte, indem Sie uns auf unseren sozialen Netzwerken folgen: <a href=\"https:\/\/www.facebook.com\/VapeAigleCH\" target=\"_blank\" rel=\"noopener\">Facebook<\/a> oder <a href=\"https:\/\/www.instagram.com\/vapotheque\" target=\"_blank\" rel=\"noopener\">Instagram<\/a>.<\/p>\n","protected":false},"excerpt":{"rendered":"<p>Protect macht es wie Vivaldi und beginnt in Die vier Jahreszeiten mit dem Fr\u00fchling! Kommen Sie und entdecken Sie ohne weitere Verz\u00f6gerung das neue Sortiment der Franzosen von Protect mit Rezepten im Rhythmus der vier Jahreszeiten. Sie sind es gewohnt, in unseren Dampfergewohnheiten den Regen und den Sonnenschein zu machen, und die Produktreihe Les 4 [&hellip;]<\/p>\n","protected":false},"featured_media":47692,"template":"","meta":{"_acf_changed":false},"product_cat":[405,404,442,408,423,1686,1679],"product_tag":[],"class_list":{"0":"post-30274","1":"product","2":"type-product","3":"status-publish","4":"has-post-thumbnail","6":"product_brand-protect-de","7":"product_cat-e-liquids","8":"product_cat-fruchtig","9":"product_cat-hervorgehobene-produkte","10":"product_cat-lieferbar-innerhalb-von-24-stunden-de","11":"product_cat-promos","12":"product_cat-50-ml-fur-70-ml","13":"product_cat-menge-e-flussigkeit-kapazitat-flasche","15":"first","16":"instock","17":"taxable","18":"shipping-taxable","19":"purchasable","20":"product-type-simple"},"acf":[],"jetpack_sharing_enabled":true,"_links":{"self":[{"href":"https:\/\/vapotheque.ch\/de\/wp-json\/wp\/v2\/product\/30274","targetHints":{"allow":["GET"]}}],"collection":[{"href":"https:\/\/vapotheque.ch\/de\/wp-json\/wp\/v2\/product"}],"about":[{"href":"https:\/\/vapotheque.ch\/de\/wp-json\/wp\/v2\/types\/product"}],"wp:featuredmedia":[{"embeddable":true,"href":"https:\/\/vapotheque.ch\/de\/wp-json\/wp\/v2\/media\/47692"}],"wp:attachment":[{"href":"https:\/\/vapotheque.ch\/de\/wp-json\/wp\/v2\/media?parent=30274"}],"wp:term":[{"taxonomy":"product_cat","embeddable":true,"href":"https:\/\/vapotheque.ch\/de\/wp-json\/wp\/v2\/product_cat?post=30274"},{"taxonomy":"product_tag","embeddable":true,"href":"https:\/\/vapotheque.ch\/de\/wp-json\/wp\/v2\/product_tag?post=30274"}],"curies":[{"name":"wp","href":"https:\/\/api.w.org\/{rel}","templated":true}]}}