{"id":30273,"date":"2024-04-09T16:33:59","date_gmt":"2024-04-09T14:33:59","guid":{"rendered":"https:\/\/vapotheque.ch\/boutique\/protect-les-4-saisons-printemps-bonbon-himbeere-violett-e-liquide\/"},"modified":"2024-10-04T13:02:59","modified_gmt":"2024-10-04T11:02:59","slug":"protect-les-4-saisons-printemps-bonbon-himbeere-violett-e-liquide","status":"publish","type":"product","link":"https:\/\/vapotheque.ch\/de\/shop\/protect-les-4-saisons-printemps-bonbon-himbeere-violett-e-liquide\/","title":{"rendered":"Protect &#8211; Les 4 Saisons Printemps &#8211; Bonbon Himbeere Violett E-Liquide"},"content":{"rendered":"<h2 style=\"font-family: Saira,sans-serif; font-weight: bold; line-height: 1.3; font-size: 37px; margin-top: 12.5px; margin-bottom: 12.5px;\">Protect macht es wie Vivaldi und beginnt in Die vier Jahreszeiten mit dem Fr\u00fchling!<\/h2>\n<p>Kommen Sie und entdecken Sie ohne weitere Verz\u00f6gerung das neue Sortiment der Franzosen von Protect mit Rezepten im Rhythmus der vier Jahreszeiten. Sie sind es gewohnt, in unseren Dampfergewohnheiten den Regen und den Sonnenschein zu machen, und die Produktreihe Les 4 Saisons wird ihr ganzes aromatisches Know-how mit uns teilen. Ein Jahr voller Aromen erwartet uns im Wechsel der Jahreszeiten!<\/p>\n<p>Der Fr\u00fchling bedeutet nicht nur die R\u00fcckkehr der Sonne, sondern auch die Bl\u00fctezeit. Dieses raffinierte und schmackhafte E-Liquid vereint perfekt blumige, fruchtige und s\u00fc\u00dfe Noten in einer explosiven und delikaten Mischung. Nehmen wir uns die Zeit, uns hinzusetzen und unsere bl\u00fchenden Felder mit der ganzen Kraft einer <strong>Himbeere<\/strong> in Verbindung mit der Subtilit\u00e4t eines <strong>Veilchenbonbons<\/strong> zu bewundern. Wir faulenzen und lieben!<\/p>\n<p>&nbsp;<\/p>\n<p>Wichtig: Mit Aromen angereicherte E-Liquids, die in einer 75-ml-Flasche verkauft werden.<\/p>\n<p class=\"class-fabrication\">Hergestellt in Frankreich; PG\/VG-Verh\u00e4ltnis: 40% \/ 60%.<\/p>\n<p>Entdecken Sie weitere Produkte der Marke <a href=\"https:\/\/vapotheque.ch\/de\/marque\/protect-de\/\" target=\"_blank\" rel=\"noopener\">Protect<\/a>.<\/p>\n<p>Erhalten Sie Rabatte oder die neuesten Informationen \u00fcber unsere Produkte, indem Sie uns auf unseren sozialen Netzwerken folgen: <a href=\"https:\/\/www.facebook.com\/VapeAigleCH\" target=\"_blank\" rel=\"noopener\">Facebook<\/a> oder <a href=\"https:\/\/www.instagram.com\/vapotheque\" target=\"_blank\" rel=\"noopener\">Instagram<\/a>.<\/p>\n","protected":false},"excerpt":{"rendered":"<p>Protect macht es wie Vivaldi und beginnt in Die vier Jahreszeiten mit dem Fr\u00fchling! Kommen Sie und entdecken Sie ohne weitere Verz\u00f6gerung das neue Sortiment der Franzosen von Protect mit Rezepten im Rhythmus der vier Jahreszeiten. Sie sind es gewohnt, in unseren Dampfergewohnheiten den Regen und den Sonnenschein zu machen, und die Produktreihe Les 4 [&hellip;]<\/p>\n","protected":false},"featured_media":47690,"template":"","meta":{"_acf_changed":false},"product_cat":[405,404,442,408,423,1686,1679],"product_tag":[],"class_list":{"0":"post-30273","1":"product","2":"type-product","3":"status-publish","4":"has-post-thumbnail","6":"product_brand-protect-de","7":"product_cat-e-liquids","8":"product_cat-fruchtig","9":"product_cat-hervorgehobene-produkte","10":"product_cat-lieferbar-innerhalb-von-24-stunden-de","11":"product_cat-promos","12":"product_cat-50-ml-fur-70-ml","13":"product_cat-menge-e-flussigkeit-kapazitat-flasche","15":"first","16":"instock","17":"taxable","18":"shipping-taxable","19":"purchasable","20":"product-type-simple"},"acf":[],"jetpack_sharing_enabled":true,"_links":{"self":[{"href":"https:\/\/vapotheque.ch\/de\/wp-json\/wp\/v2\/product\/30273","targetHints":{"allow":["GET"]}}],"collection":[{"href":"https:\/\/vapotheque.ch\/de\/wp-json\/wp\/v2\/product"}],"about":[{"href":"https:\/\/vapotheque.ch\/de\/wp-json\/wp\/v2\/types\/product"}],"wp:featuredmedia":[{"embeddable":true,"href":"https:\/\/vapotheque.ch\/de\/wp-json\/wp\/v2\/media\/47690"}],"wp:attachment":[{"href":"https:\/\/vapotheque.ch\/de\/wp-json\/wp\/v2\/media?parent=30273"}],"wp:term":[{"taxonomy":"product_cat","embeddable":true,"href":"https:\/\/vapotheque.ch\/de\/wp-json\/wp\/v2\/product_cat?post=30273"},{"taxonomy":"product_tag","embeddable":true,"href":"https:\/\/vapotheque.ch\/de\/wp-json\/wp\/v2\/product_tag?post=30273"}],"curies":[{"name":"wp","href":"https:\/\/api.w.org\/{rel}","templated":true}]}}