{"id":30260,"date":"2024-04-11T11:36:19","date_gmt":"2024-04-11T09:36:19","guid":{"rendered":"https:\/\/vapotheque.ch\/boutique\/le-petit-verger-ananas-mango-e-liquide\/"},"modified":"2024-10-04T12:30:31","modified_gmt":"2024-10-04T10:30:31","slug":"le-petit-verger-ananas-mango-e-liquide","status":"publish","type":"product","link":"https:\/\/vapotheque.ch\/de\/shop\/le-petit-verger-ananas-mango-e-liquide\/","title":{"rendered":"Le Petit Verger &#8211; Ananas Mango E-Liquide"},"content":{"rendered":"<h2>Begr\u00fc\u00dfen Sie die R\u00fcckkehr der Fr\u00fchlingssonne mit dieser Neuheit voller Exotik: Le Petit Verger Ananas Mango E-Liquide!<\/h2>\n<p>  Machen Sie sich bereit f\u00fcr ein tropisches Abenteuer mit <strong>Le Petit Verger Ananas Mango<\/strong> E-Liquide! Dieser exotische Cocktail ist Ihre Fahrkarte zu einem sonnigen Urlaub voller Aromen, bei dem Sie jeder Atemzug sofort unter die Palmen zu einem sensationellen Kurztrip entf\u00fchrt. Stellen Sie sich vor, Sie liegen an einem warmen Sandstrand mit einem fruchtigen Getr\u00e4nk in der Hand, w\u00e4hrend die tropische Brise Sie mit ihrem sanften Atem einh\u00fcllt. Mit jeder Inhalation dieser K\u00f6stlichkeit aus der Flasche tanzen s\u00e4uerliche<strong>Ananas<\/strong> und s\u00fc\u00dfe <strong>Mango<\/strong> \u00fcber Ihren Gaumen und bieten Ihnen ein Dampferlebnis, das so aufregend ist wie ein Cocktail am Meer. Ob Sie nun am Strand liegen oder Ihre Fantasie schweifen lassen, das E-Liquid Ananas Mango aus der Reihe Le Petit Verger ist da, um Sie in eine Welt des Genusses und der Entspannung zu entf\u00fchren. Dann begeben Sie sich auf diese exotische Sinnesreise, bei der Sie mit jedem Zug in ein tropisches Paradies der Aromen eintauchen. Bereit zum Start?  &nbsp;  Wichtig: Liquid mit Aromastoffen, verkauft in einer 70 ml-Flasche.  <\/p>\n<p class=\"class-fabrication\">Hergestellt in Frankreich; PG\/VG-Verh\u00e4ltnis: 50 % \/ 50 %. Passt sich an jede Art von Material an.<\/p>\n<p>&nbsp;  Entdecken Sie weitere Produkte der Marke <a href=\"\/marque\/savourea\/\" target=\"_blank\" rel=\"noopener\">Savourea<\/a>. Erhalten Sie Rabatte oder die neuesten Informationen \u00fcber unsere Produkte, indem Sie uns auf unseren sozialen Netzwerken folgen: <a href=\"https:\/\/www.facebook.com\/VapeAigleCH\" target=\"_blank\" rel=\"noopener\">Facebook<\/a> oder <a href=\"https:\/\/www.instagram.com\/vapotheque\" target=\"_blank\" rel=\"noopener\">Instagram<\/a>.<\/p>\n","protected":false},"excerpt":{"rendered":"<p>Begr\u00fc\u00dfen Sie die R\u00fcckkehr der Fr\u00fchlingssonne mit dieser Neuheit voller Exotik: Le Petit Verger Ananas Mango E-Liquide! Machen Sie sich bereit f\u00fcr ein tropisches Abenteuer mit Le Petit Verger Ananas Mango E-Liquide! Dieser exotische Cocktail ist Ihre Fahrkarte zu einem sonnigen Urlaub voller Aromen, bei dem Sie jeder Atemzug sofort unter die Palmen zu einem [&hellip;]<\/p>\n","protected":false},"featured_media":30225,"template":"","meta":{"_acf_changed":false},"product_cat":[405,404,442,408,1686,1977,1679],"product_tag":[],"class_list":{"0":"post-30260","1":"product","2":"type-product","3":"status-publish","4":"has-post-thumbnail","6":"product_brand-savourea-de","7":"product_cat-e-liquids","8":"product_cat-fruchtig","9":"product_cat-hervorgehobene-produkte","10":"product_cat-lieferbar-innerhalb-von-24-stunden-de","11":"product_cat-50-ml-fur-70-ml","12":"product_cat-lagerraeumung","13":"product_cat-menge-e-flussigkeit-kapazitat-flasche","15":"first","16":"instock","17":"sale","18":"taxable","19":"shipping-taxable","20":"purchasable","21":"product-type-simple"},"acf":[],"jetpack_sharing_enabled":true,"_links":{"self":[{"href":"https:\/\/vapotheque.ch\/de\/wp-json\/wp\/v2\/product\/30260","targetHints":{"allow":["GET"]}}],"collection":[{"href":"https:\/\/vapotheque.ch\/de\/wp-json\/wp\/v2\/product"}],"about":[{"href":"https:\/\/vapotheque.ch\/de\/wp-json\/wp\/v2\/types\/product"}],"wp:featuredmedia":[{"embeddable":true,"href":"https:\/\/vapotheque.ch\/de\/wp-json\/wp\/v2\/media\/30225"}],"wp:attachment":[{"href":"https:\/\/vapotheque.ch\/de\/wp-json\/wp\/v2\/media?parent=30260"}],"wp:term":[{"taxonomy":"product_cat","embeddable":true,"href":"https:\/\/vapotheque.ch\/de\/wp-json\/wp\/v2\/product_cat?post=30260"},{"taxonomy":"product_tag","embeddable":true,"href":"https:\/\/vapotheque.ch\/de\/wp-json\/wp\/v2\/product_tag?post=30260"}],"curies":[{"name":"wp","href":"https:\/\/api.w.org\/{rel}","templated":true}]}}