{"id":30259,"date":"2024-04-11T14:05:51","date_gmt":"2024-04-11T12:05:51","guid":{"rendered":"https:\/\/vapotheque.ch\/boutique\/le-petit-verger-banane-erdbeere-e-liquid\/"},"modified":"2026-02-12T12:00:14","modified_gmt":"2026-02-12T11:00:14","slug":"le-petit-verger-banane-erdbeere-e-liquid","status":"publish","type":"product","link":"https:\/\/vapotheque.ch\/de\/shop\/le-petit-verger-banane-erdbeere-e-liquid\/","title":{"rendered":"Le Petit Verger &#8211; Banane Erdbeere E-Liquid"},"content":{"rendered":"<h2>Savourea l\u00e4dt uns mit Le Petit Verger Banane Erdbeer E-Liquid in unsere Kindheit zur\u00fcck!<\/h2>\n<p>  Tauchen Sie kopf\u00fcber in den Jungbrunnen mit Le <strong>Petit Verger Banane Erdbeere<\/strong> E-Liquide! Bereiten Sie sich auf eine epische Reise zur\u00fcck in die Kindheit vor, bei der jeder Zug Sie in einen Strudel aus s\u00fc\u00dfen Erinnerungen und unbeschwertem Lachen katapultiert. Stellen Sie sich vor, Sie sitzen in Ihrem geheimen, sonnenverw\u00f6hnten Garten, w\u00e4hrend Sie jeden Schluck dieser fruchtigen K\u00f6stlichkeit genie\u00dfen. Saftige, reife <strong>Bananen<\/strong> tanzen fr\u00f6hlich mit s\u00fc\u00dfen <strong>Erdbeeren<\/strong>, um eine Geschmacksexplosion zu erzeugen, die sofort die Geschmacksknospen und liebste Erinnerungen weckt. Mit jeder Inhalation ist es, als w\u00fcrden Sie wieder in das kuschelige Bad der Kindheit eintauchen, wo die Zeit stillsteht und nur der Spa\u00df z\u00e4hlt. Egal, ob Sie nach einem hektischen Tag ein wenig Trost suchen oder einfach nur die verlorene Unbeschwertheit wiederfinden wollen, dieses E-Liquid ist Ihr Ticket f\u00fcr eine magische Reise in die Vergangenheit. Machen Sie sich bereit, mit dem E-Liquid Banane-Erdbeere in die k\u00f6stlichsten Erinnerungen Ihrer Kindheit abzuheben. Lassen Sie sich von jedem Zug mitrei\u00dfen und entdecken Sie die Magie der einfachen Freuden des Lebens wieder, eine Dampfwolke nach der anderen!  &nbsp;  Wichtig: Liquid mit Aromastoffen, verkauft in einer 70 ml-Flasche.  <\/p>\n<p class=\"class-fabrication\">Hergestellt in Frankreich; PG\/VG-Verh\u00e4ltnis: 50 % \/ 50 %. Passt sich an jede Art von Material an.<\/p>\n<p>&nbsp;  Entdecken Sie weitere Produkte der Marke <a href=\"\/marque\/savourea\/\" target=\"_blank\" rel=\"noopener\">Savourea<\/a>. Erhalten Sie Rabatte oder die neuesten Informationen \u00fcber unsere Produkte, indem Sie uns auf unseren sozialen Netzwerken folgen: <a href=\"https:\/\/www.facebook.com\/VapeAigleCH\" target=\"_blank\" rel=\"noopener\">Facebook<\/a> oder <a href=\"https:\/\/www.instagram.com\/vapotheque\" target=\"_blank\" rel=\"noopener\">Instagram<\/a>.<\/p>\n","protected":false},"excerpt":{"rendered":"<p>Savourea l\u00e4dt uns mit Le Petit Verger Banane Erdbeer E-Liquid in unsere Kindheit zur\u00fcck! Tauchen Sie kopf\u00fcber in den Jungbrunnen mit Le Petit Verger Banane Erdbeere E-Liquide! Bereiten Sie sich auf eine epische Reise zur\u00fcck in die Kindheit vor, bei der jeder Zug Sie in einen Strudel aus s\u00fc\u00dfen Erinnerungen und unbeschwertem Lachen katapultiert. Stellen [&hellip;]<\/p>\n","protected":false},"featured_media":30238,"template":"","meta":{"_acf_changed":false},"product_cat":[405,404,442,408,1686,1977,1679],"product_tag":[],"class_list":{"0":"post-30259","1":"product","2":"type-product","3":"status-publish","4":"has-post-thumbnail","6":"product_brand-savourea-de","7":"product_cat-e-liquids","8":"product_cat-fruchtig","9":"product_cat-hervorgehobene-produkte","10":"product_cat-lieferbar-innerhalb-von-24-stunden-de","11":"product_cat-50-ml-fur-70-ml","12":"product_cat-lagerraeumung","13":"product_cat-menge-e-flussigkeit-kapazitat-flasche","15":"first","16":"instock","17":"sale","18":"taxable","19":"shipping-taxable","20":"purchasable","21":"product-type-simple"},"acf":[],"jetpack_sharing_enabled":true,"_links":{"self":[{"href":"https:\/\/vapotheque.ch\/de\/wp-json\/wp\/v2\/product\/30259","targetHints":{"allow":["GET"]}}],"collection":[{"href":"https:\/\/vapotheque.ch\/de\/wp-json\/wp\/v2\/product"}],"about":[{"href":"https:\/\/vapotheque.ch\/de\/wp-json\/wp\/v2\/types\/product"}],"wp:featuredmedia":[{"embeddable":true,"href":"https:\/\/vapotheque.ch\/de\/wp-json\/wp\/v2\/media\/30238"}],"wp:attachment":[{"href":"https:\/\/vapotheque.ch\/de\/wp-json\/wp\/v2\/media?parent=30259"}],"wp:term":[{"taxonomy":"product_cat","embeddable":true,"href":"https:\/\/vapotheque.ch\/de\/wp-json\/wp\/v2\/product_cat?post=30259"},{"taxonomy":"product_tag","embeddable":true,"href":"https:\/\/vapotheque.ch\/de\/wp-json\/wp\/v2\/product_tag?post=30259"}],"curies":[{"name":"wp","href":"https:\/\/api.w.org\/{rel}","templated":true}]}}