{"id":30023,"date":"2024-03-19T16:50:51","date_gmt":"2024-03-19T15:50:51","guid":{"rendered":"https:\/\/vapotheque.ch\/boutique\/protect-himbeere-kirsche-apfel-e-liquid\/"},"modified":"2024-10-04T13:03:02","modified_gmt":"2024-10-04T11:03:02","slug":"protect-himbeere-kirsche-apfel-e-liquid","status":"publish","type":"product","link":"https:\/\/vapotheque.ch\/de\/shop\/protect-himbeere-kirsche-apfel-e-liquid\/","title":{"rendered":"Protect &#8211; Himbeere Kirsche Apfel E-Liquid"},"content":{"rendered":"<h2 style=\"font-family: Saira,sans-serif; font-weight: bold; line-height: 1.3; font-size: 37px; margin-top: 12.5px; margin-bottom: 12.5px;\">Protect erweitert seine erste Produktreihe um eine neue, explosive Kreation: das Protect Himbeer-Kirsch-Apfel E-Liquid!<\/h2>\n<p>Die neue Bombe des Augenblicks hei\u00dft: Protect Himbeere Kirsche Apfel E-Liquid! Die Toulouser von <strong>Protect<\/strong> haben keine Grenzen au\u00dfer ihrer Vorstellungskraft, um uns immer wieder zufrieden zu stellen. Ein Rezept, das genauso gut schmeckt wie ihr vorheriges und dabei das gleiche Qualit\u00e4tsniveau beibeh\u00e4lt. Die Zubereitung erfolgt immer mit einer 100 % pflanzlichen PG\/VG-Basis. Au\u00dferdem werden, wie in ihrer Anfangszeit, alle Gewinne f\u00fcr den Erhalt der Bienen gespendet. Die Gelder flie\u00dfen somit in die Herstellung und Instandhaltung von Bienenst\u00f6cken in Okzitanien mit dem Ziel, die Artenvielfalt zu sch\u00fctzen.<\/p>\n<p>Mit seinem neuen Rezept bietet der Protect Himbeer-Kirsch-Apfel ein einzigartiges und ausgewogenes Trio von Empfindungen, das jedem Liebhaber und jeder Liebhaberin des fruchtigen Dampfens gefallen wird. Die ganze S\u00fc\u00dfe einer <strong>Himbeere<\/strong>, vermischt mit dem s\u00e4uerlichen Aroma einer <strong>Kirsche<\/strong>, die auf den knackigen Geschmack eines <strong>Apfels<\/strong> treffen, um sich in unsere Papillen einzuladen und sie in jeder Hinsicht zu kitzeln!<\/p>\n<p>&nbsp;<\/p>\n<p>&nbsp;<\/p>\n<p>Wichtig: Mit Aromen angereicherte E-Liquids, verkauft in einer 70-ml-Flasche.<\/p>\n<p class=\"class-fabrication\">Hergestellt in Frankreich; PG\/VG-Verh\u00e4ltnis: 40% \/ 60%.<\/p>\n<p>Entdecken Sie weitere Produkte der Marke <a href=\"https:\/\/vapotheque.ch\/de\/marque\/protect-de\/\" target=\"_blank\" rel=\"noopener\">Protect<\/a>.<\/p>\n<p>Erhalten Sie Rabatte oder die neuesten Informationen \u00fcber unsere Produkte, indem Sie uns auf unseren sozialen Netzwerken folgen: <a href=\"https:\/\/www.facebook.com\/VapeAigleCH\" target=\"_blank\" rel=\"noopener\">Facebook<\/a> oder <a href=\"https:\/\/www.instagram.com\/vapotheque\" target=\"_blank\" rel=\"noopener\">Instagram<\/a>.<\/p>\n","protected":false},"excerpt":{"rendered":"<p>Protect erweitert seine erste Produktreihe um eine neue, explosive Kreation: das Protect Himbeer-Kirsch-Apfel E-Liquid! Die neue Bombe des Augenblicks hei\u00dft: Protect Himbeere Kirsche Apfel E-Liquid! Die Toulouser von Protect haben keine Grenzen au\u00dfer ihrer Vorstellungskraft, um uns immer wieder zufrieden zu stellen. Ein Rezept, das genauso gut schmeckt wie ihr vorheriges und dabei das gleiche [&hellip;]<\/p>\n","protected":false},"featured_media":47652,"template":"","meta":{"_acf_changed":false},"product_cat":[405,404,442,408,1686,1679],"product_tag":[],"class_list":{"0":"post-30023","1":"product","2":"type-product","3":"status-publish","4":"has-post-thumbnail","6":"product_brand-protect-de","7":"product_cat-e-liquids","8":"product_cat-fruchtig","9":"product_cat-hervorgehobene-produkte","10":"product_cat-lieferbar-innerhalb-von-24-stunden-de","11":"product_cat-50-ml-fur-70-ml","12":"product_cat-menge-e-flussigkeit-kapazitat-flasche","14":"first","15":"instock","16":"taxable","17":"shipping-taxable","18":"purchasable","19":"product-type-simple"},"acf":[],"jetpack_sharing_enabled":true,"_links":{"self":[{"href":"https:\/\/vapotheque.ch\/de\/wp-json\/wp\/v2\/product\/30023","targetHints":{"allow":["GET"]}}],"collection":[{"href":"https:\/\/vapotheque.ch\/de\/wp-json\/wp\/v2\/product"}],"about":[{"href":"https:\/\/vapotheque.ch\/de\/wp-json\/wp\/v2\/types\/product"}],"wp:featuredmedia":[{"embeddable":true,"href":"https:\/\/vapotheque.ch\/de\/wp-json\/wp\/v2\/media\/47652"}],"wp:attachment":[{"href":"https:\/\/vapotheque.ch\/de\/wp-json\/wp\/v2\/media?parent=30023"}],"wp:term":[{"taxonomy":"product_cat","embeddable":true,"href":"https:\/\/vapotheque.ch\/de\/wp-json\/wp\/v2\/product_cat?post=30023"},{"taxonomy":"product_tag","embeddable":true,"href":"https:\/\/vapotheque.ch\/de\/wp-json\/wp\/v2\/product_tag?post=30023"}],"curies":[{"name":"wp","href":"https:\/\/api.w.org\/{rel}","templated":true}]}}