{"id":29662,"date":"2024-03-15T13:45:23","date_gmt":"2024-03-15T12:45:23","guid":{"rendered":"https:\/\/vapotheque.ch\/boutique\/le-french-liquide-la-petite-chose-e-liquide\/"},"modified":"2024-10-04T13:13:27","modified_gmt":"2024-10-04T11:13:27","slug":"le-french-liquide-la-petite-chose-e-liquide","status":"publish","type":"product","link":"https:\/\/vapotheque.ch\/de\/shop\/le-french-liquide-la-petite-chose-e-liquide\/","title":{"rendered":"Le French Liquide &#8211; La Petite Chose E-Liquide"},"content":{"rendered":"<h2 style=\"font-family: Saira,sans-serif; font-weight: bold; line-height: 1.3; font-size: 37px; margin-top: 12.5px; margin-bottom: 12.5px;\">Le French Liquide pr\u00e4sentiert uns die kleine Schwester seines Vorzeige-E-Liquids: La Petite Chose!<\/h2>\n<p>Der E-Liquide La Petite Chose von Le French Liquide ist genauso schrecklich lecker wie seine Schwester La Chose!<\/p>\n<p>Allerdings variiert man ein wenig, vereinfacht, l\u00e4sst Raum f\u00fcr das Wichtigste, das Gierigste&#8230; Mit La Petite Chose begibt man sich auf eine s\u00fc\u00dfe Mopsreise an Bord der runden Aromen eines <strong>Karamells mit gesalzener Butter<\/strong>. Dieser macht der Kraft eines <strong>intensiven Kaffees<\/strong> Platz, um schlie\u00dflich auf einem Bett aus leicht <strong>vanilligen<\/strong> <strong>N\u00fcssen<\/strong> zu zerschellen.<\/p>\n<p>Ein echter Leckerbissen!<\/p>\n<p>&nbsp;<\/p>\n<p><strong>Wichtig:<\/strong> Mit Aromen angereicherte E-Liquids, die in einer 60-ml-Einhornflasche verkauft werden.<\/p>\n<p class=\"class-fabrication\">Hergestellt in Frankreich; PG\/VG-Verh\u00e4ltnis: 50 % \/ 50 %.<\/p>\n<p>&nbsp;<\/p>\n<p>Sehen Sie sich alle Produkte der Marke <a href=\"\/product_brand\/le-french-liquide\/\" target=\"_blank\" rel=\"noopener\">Le French Liquide<\/a> an.<\/p>\n<p>Erhalten Sie Rabatte oder die neuesten Informationen \u00fcber unsere Produkte, indem Sie uns auf unseren sozialen Netzwerken folgen: <a href=\"https:\/\/www.facebook.com\/VapeAigleCH\" target=\"_blank\" rel=\"noopener\">Facebook<\/a> oder <a href=\"https:\/\/www.instagram.com\/vapotheque\" target=\"_blank\" rel=\"noopener\">Instagram<\/a>.<\/p>\n","protected":false},"excerpt":{"rendered":"<p>Le French Liquide pr\u00e4sentiert uns die kleine Schwester seines Vorzeige-E-Liquids: La Petite Chose! Der E-Liquide La Petite Chose von Le French Liquide ist genauso schrecklich lecker wie seine Schwester La Chose! Allerdings variiert man ein wenig, vereinfacht, l\u00e4sst Raum f\u00fcr das Wichtigste, das Gierigste&#8230; Mit La Petite Chose begibt man sich auf eine s\u00fc\u00dfe Mopsreise [&hellip;]<\/p>\n","protected":false},"featured_media":29644,"template":"","meta":{"_acf_changed":false},"product_cat":[405,397,442,408,1685,1679],"product_tag":[],"class_list":{"0":"post-29662","1":"product","2":"type-product","3":"status-publish","4":"has-post-thumbnail","6":"product_brand-le-french-liquide-de","7":"product_cat-e-liquids","8":"product_cat-gourmands-de","9":"product_cat-hervorgehobene-produkte","10":"product_cat-lieferbar-innerhalb-von-24-stunden-de","11":"product_cat-50-ml-fur-60-ml","12":"product_cat-menge-e-flussigkeit-kapazitat-flasche","14":"first","15":"instock","16":"taxable","17":"shipping-taxable","18":"purchasable","19":"product-type-simple"},"acf":[],"jetpack_sharing_enabled":true,"_links":{"self":[{"href":"https:\/\/vapotheque.ch\/de\/wp-json\/wp\/v2\/product\/29662","targetHints":{"allow":["GET"]}}],"collection":[{"href":"https:\/\/vapotheque.ch\/de\/wp-json\/wp\/v2\/product"}],"about":[{"href":"https:\/\/vapotheque.ch\/de\/wp-json\/wp\/v2\/types\/product"}],"wp:featuredmedia":[{"embeddable":true,"href":"https:\/\/vapotheque.ch\/de\/wp-json\/wp\/v2\/media\/29644"}],"wp:attachment":[{"href":"https:\/\/vapotheque.ch\/de\/wp-json\/wp\/v2\/media?parent=29662"}],"wp:term":[{"taxonomy":"product_cat","embeddable":true,"href":"https:\/\/vapotheque.ch\/de\/wp-json\/wp\/v2\/product_cat?post=29662"},{"taxonomy":"product_tag","embeddable":true,"href":"https:\/\/vapotheque.ch\/de\/wp-json\/wp\/v2\/product_tag?post=29662"}],"curies":[{"name":"wp","href":"https:\/\/api.w.org\/{rel}","templated":true}]}}