{"id":29558,"date":"2024-03-08T15:28:55","date_gmt":"2024-03-08T14:28:55","guid":{"rendered":"https:\/\/vapotheque.ch\/boutique\/voopoo-kit-pod-drag-x2\/"},"modified":"2024-11-20T15:30:24","modified_gmt":"2024-11-20T14:30:24","slug":"voopoo-kit-pod-drag-x2","status":"publish","type":"product","link":"https:\/\/vapotheque.ch\/de\/shop\/voopoo-kit-pod-drag-x2\/","title":{"rendered":"Voopoo &#8211; Kit Pod Drag X2"},"content":{"rendered":"<h2>Das neueste Mitglied der Voopoo-Familie: Das Drag X2 Pod Kit<\/h2>\n<p>  Voopoo hat eindeutig noch nicht das letzte Wort gesprochen und beweist dies mit seinem neuesten Produkt: dem Drag X2 Pod Kit. Dieses vielseitige Set ist sowohl f\u00fcr Anf\u00e4nger als auch f\u00fcr Veteranen ideal und verf\u00fcgt \u00fcber die beste Leistung der Marke sowie \u00fcber brandneue Widerst\u00e4nde. Der Drag X2 ist ein w\u00fcrdiger Nachfolger der Marke.  <\/p>\n<h2>Stil und Ergonomie immer auf dem Posten<\/h2>\n<p>  Der Pod Drag X2 hat die typischen Merkmale seiner Vorfahren beibehalten und verf\u00fcgt weiterhin \u00fcber eine Halbrohrform, eine Lederverkleidung und Kn\u00f6pfe, die mit einem Daumendruck erreichbar sind. Dank seiner nahezu perfekten Ergonomie sowie seiner respektablen Abmessungen<strong>(129,8 \u00d7 31,8 \u00d7 28,6 mm<\/strong>) l\u00e4sst es sich leicht transportieren, ohne viel Platz zu beanspruchen. Auf der Vorderseite des Ger\u00e4ts befindet sich ein Farbdisplay, auf dem alle wichtigen Informationen angezeigt werden: der gew\u00e4hlte Modus, die Leistung, der Batteriestand, der Zugz\u00e4hler und der Wert des installierten Widerstands. Wie \u00fcblich befinden sich die Feuertasten &#8220;+&#8221; und &#8220;-&#8221; oberhalb und unterhalb dieses Bildschirms.  <\/p>\n<h2>Vielseitige Leistung<\/h2>\n<p>  Der Pod Drag X2 ist mit dem <strong>Gene TT 2.0 Chipsatz<\/strong> ausgestattet, der einen Leistungsbereich <strong>von 5 bis 80 W<\/strong> bietet. Er verf\u00fcgt \u00fcber mehrere Modi, die durch gleichzeitiges Dr\u00fccken der Tasten &#8220;+&#8221; und &#8220;-&#8221; aufgerufen werden k\u00f6nnen.  <\/p>\n<ul>\n<li><strong>Smart-Modus:<\/strong> Dieser Modus wird f\u00fcr Anf\u00e4nger empfohlen und passt die Leistung an den verwendeten Widerstand an.<\/li>\n<li><strong>RBA-Modus:<\/strong> Dieser Modus erm\u00f6glicht es, die Leistung in Watt selbst anzupassen. Bleiben Sie immer innerhalb des auf dem Widerstand vermerkten Leistungsbereichs.<\/li>\n<li><strong>ECO-Modus:<\/strong> In diesem Modus wird Energie gespart, um die Akkulaufzeit zu verl\u00e4ngern.<\/li>\n<\/ul>\n<h2>Der Pod Drag, der Anspruch auf seinen Akku hat<\/h2>\n<p>  Das Voopoo Kit Pod Drag X2 wird mit einem einfachen <strong>18650-Akku<\/strong> betrieben (separat erh\u00e4ltlich). Ganz im Gegensatz zu seinem Bruder, dem Kit Pod Drag S2, der mit einem internen Akku betrieben wird. Auf der Vorderseite des Drag X2 befindet sich ein <strong>USB-C-Anschluss<\/strong>, der unterwegs ein schnelles Aufladen mit 2A erm\u00f6glicht. Es ist jedoch ratsam, die Akkus mit einem externen Ladeger\u00e4t aufzuladen, um die Lebensdauer der Akkus zu erhalten.  <\/p>\n<h2>Die \u00c4ra PnP X!<\/h2>\n<p>  Zu den Innovationen des Pod Drag X2 Kits geh\u00f6ren die neuen PnP Patronen mit ihren PnP X Widerst\u00e4nden. Im Kit enthalten ist die DTL-Version (Luftzug) der PnP X Patrone. Diese Kartusche verf\u00fcgt \u00fcber einen <strong>5 ml<\/strong> Tank und eine <strong>einstellbare Top-Airflow<\/strong>, um ein Auslaufen zu verhindern. Wenn Sie jedoch einen Zigarettenzug bevorzugen, hat Voopoo die PnP X MTL-Version (nicht im Lieferumfang enthalten) seiner neuen Patrone entwickelt, die zwei weniger breite (aber austauschbare) Drip Tips 510 bei gleicher Kapazit\u00e4t bietet. Obwohl seine PnP Widerst\u00e4nde in der Welt des Dampfens bekannt und anerkannt sind, hat sich Voopoo nicht auf seinen Lorbeeren ausgeruht und beschlossen, diese Plattform zu verbessern, um die PnP X zu schaffen. Diese Widerst\u00e4nde wurden vollst\u00e4ndig \u00fcberarbeitet, um die Haltbarkeit und die aromatische Wirkung zu verbessern. Sie k\u00f6nnen bis zu 100 ml Liquid verdampfen, ohne dass der Geschmack beeintr\u00e4chtigt wird. Im Kit sind zwei Widerst\u00e4nde enthalten, <strong>ein 0,15 Ohm<\/strong> und ein <strong>0,3 Ohm<\/strong>, um ein breites Spektrum des Potenzials des Pod Drag X2 Kits zu erkunden.  <\/p>\n<ul>\n<li><strong>PnP-Widerstand X 0,15 Ohm:<\/strong> DTL-Ziehung &#8211; zwischen 60W und 80W zu verwenden &#8211; PG\/VG-Verh\u00e4ltnis von 50\/50 bis 20\/80<\/li>\n<li><strong>PnP X 0.3 Ohm Widerstand:<\/strong> RDL-Ziehung &#8211; zwischen 32W und 40W zu verwenden &#8211; PG\/VG-Verh\u00e4ltnis von 50\/50 bis 30\/70<\/li>\n<\/ul>\n<p><strong>Achtung:<\/strong> PnP X Patronen sind nur mit PnP X Widerst\u00e4nden kompatibel; Sie k\u00f6nnen die PnP Widerst\u00e4nde nicht verwenden.  <\/p>\n<h3><\/h3>\n<h3>Inhalt des Sets :<\/h3>\n<ul>\n<li>1x Pod Drag X2<\/li>\n<li>1x PnP X DTL Patrone<\/li>\n<li>1x PnP-Widerstand X 0.15 Ohm<\/li>\n<li>1x PnP-Widerstand X 0.3 Ohm<\/li>\n<li>1x USB-C-Kabel<\/li>\n<li>1x Benutzerhandbuch<\/li>\n<li>1x Informationsblatt zur PnP-Plattform X<\/li>\n<\/ul>\n<p>&nbsp;  Sehen Sie sich alle Produkte der Marke <a href=\"\/product_brand\/voopoo\/\" target=\"_blank\" rel=\"noopener\">Voopoo<\/a> an. Erhalte Rabatte oder die neuesten Informationen \u00fcber unsere anderen im Gesch\u00e4ft erh\u00e4ltlichen Produkte, indem du uns auf unseren sozialen Netzwerken folgst: <a href=\"https:\/\/www.facebook.com\/VapeAigleCH\" target=\"_blank\" rel=\"noopener\">Facebook<\/a> oder <a href=\"https:\/\/www.instagram.com\/vapotheque\" target=\"_blank\" rel=\"noopener\">Instagram<\/a>.<\/p>\n","protected":false},"excerpt":{"rendered":"<p>Die neue Generation des Drag X Pods ist da! <strong>Voopoo<\/strong> \u00fcberarbeitet sein ikonisches Modell mit dem Kit Pod Drag X2. Sowohl aus \u00e4sthetischer als auch aus ergonomischer Sicht kann man hier sehr gut die emblematische Signatur der Drag-Modelle erkennen: leder\u00e4hnliche Oberfl\u00e4chen und ein halbrundes Format f\u00fcr einen bequemen Griff.<\/p>\n","protected":false},"featured_media":42393,"template":"","meta":{"_acf_changed":false},"product_cat":[448,450,442,408,453,454],"product_tag":[],"class_list":{"0":"post-29558","1":"product","2":"type-product","3":"status-publish","4":"has-post-thumbnail","6":"product_brand-voopoo-de","7":"product_cat-box-mods-de","8":"product_cat-elektro","9":"product_cat-hervorgehobene-produkte","10":"product_cat-lieferbar-innerhalb-von-24-stunden-de","11":"product_cat-pods-de","12":"product_cat-vapes-pods-de","14":"first","15":"instock","16":"sale","17":"taxable","18":"shipping-taxable","19":"purchasable","20":"product-type-variable"},"acf":[],"jetpack_sharing_enabled":true,"_links":{"self":[{"href":"https:\/\/vapotheque.ch\/de\/wp-json\/wp\/v2\/product\/29558","targetHints":{"allow":["GET"]}}],"collection":[{"href":"https:\/\/vapotheque.ch\/de\/wp-json\/wp\/v2\/product"}],"about":[{"href":"https:\/\/vapotheque.ch\/de\/wp-json\/wp\/v2\/types\/product"}],"wp:featuredmedia":[{"embeddable":true,"href":"https:\/\/vapotheque.ch\/de\/wp-json\/wp\/v2\/media\/42393"}],"wp:attachment":[{"href":"https:\/\/vapotheque.ch\/de\/wp-json\/wp\/v2\/media?parent=29558"}],"wp:term":[{"taxonomy":"product_cat","embeddable":true,"href":"https:\/\/vapotheque.ch\/de\/wp-json\/wp\/v2\/product_cat?post=29558"},{"taxonomy":"product_tag","embeddable":true,"href":"https:\/\/vapotheque.ch\/de\/wp-json\/wp\/v2\/product_tag?post=29558"}],"curies":[{"name":"wp","href":"https:\/\/api.w.org\/{rel}","templated":true}]}}