{"id":29241,"date":"2024-02-20T15:36:52","date_gmt":"2024-02-20T14:36:52","guid":{"rendered":"https:\/\/vapotheque.ch\/boutique\/dictator-grand-dulce-signature-e-liquid\/"},"modified":"2024-10-04T13:03:03","modified_gmt":"2024-10-04T11:03:03","slug":"dictator-grand-dulce-signature-e-liquid","status":"publish","type":"product","link":"https:\/\/vapotheque.ch\/de\/shop\/dictator-grand-dulce-signature-e-liquid\/","title":{"rendered":"Dictator &#8211; Grand Dulce Signature E-Liquid"},"content":{"rendered":"<h2>Savourea \u00fcberarbeitet seine Klassiker mit seinem E-Liquid Dictator Grand Dulce Signature!<\/h2>\n<p>&nbsp;<\/p>\n<p>Savourea kehrt dieses Jahr ins Rampenlicht zur\u00fcck und enth\u00fcllt den Dictator Grand Dulce Signature E-Liquid!<\/p>\n<p>Diese k\u00f6stliche Kreation aus 100 % Frankreich ist den gr\u00f6\u00dften Rezepten w\u00fcrdig. Mal komplex, mal raffiniert, macht diese Mischung aus <strong>Whisky<\/strong>, die durch ein gro\u00dfz\u00fcgiges <strong>Karamell mit gesalzener Butter<\/strong> erg\u00e4nzt wird, Lust, sich zur\u00fcckzulehnen und sich die Zeit zu nehmen, ihn zu genie\u00dfen. Zu diesen beiden ersten Elementen gesellt sich die S\u00fc\u00dfe einer frisch zubereiteten <strong>Vanille<\/strong>. Harmonie und singul\u00e4res Vergn\u00fcgen nahe der Perfektion!<\/p>\n<p>&nbsp;<\/p>\n<p>Wichtig: Mit Aromen angereicherte E-Liquids, verkauft in einer 70-ml-Flasche.<\/p>\n<p class=\"class-fabrication\">Hergestellt in Frankreich; PG\/VG-Verh\u00e4ltnis: 40% \/ 60%. Passt sich an jede Art von Material an.<\/p>\n<p>&nbsp;<\/p>\n<p>Entdecken Sie weitere Produkte der Marke <a href=\"\/marque\/savourea\/\" target=\"_blank\" rel=\"noopener\">Savourea<\/a>.<\/p>\n<p>Erhalten Sie Rabatte oder die neuesten Informationen \u00fcber unsere Produkte, indem Sie uns auf unseren sozialen Netzwerken folgen: <a href=\"https:\/\/www.facebook.com\/VapeAigleCH\" target=\"_blank\" rel=\"noopener\">Facebook<\/a> oder <a href=\"https:\/\/www.instagram.com\/vapotheque\" target=\"_blank\" rel=\"noopener\">Instagram<\/a>.<\/p>\n","protected":false},"excerpt":{"rendered":"<p>Selbst die anspruchsvollsten Dampfer k\u00f6nnen sich von der umh\u00fcllenden S\u00fc\u00dfe einer s\u00fc\u00dfen, originellen und authentischen Delikatesse erweichen lassen. Zweifellos werden sie bei der Verkostung des Dictator Grand Dulce Signature E-Liquid von Savourea vor Vergn\u00fcgen schmelzen.<\/p>\n","protected":false},"featured_media":29237,"template":"","meta":{"_acf_changed":false},"product_cat":[405,397,442,408,1686,1679],"product_tag":[],"class_list":{"0":"post-29241","1":"product","2":"type-product","3":"status-publish","4":"has-post-thumbnail","6":"product_brand-savourea-de","7":"product_cat-e-liquids","8":"product_cat-gourmands-de","9":"product_cat-hervorgehobene-produkte","10":"product_cat-lieferbar-innerhalb-von-24-stunden-de","11":"product_cat-50-ml-fur-70-ml","12":"product_cat-menge-e-flussigkeit-kapazitat-flasche","14":"first","15":"outofstock","16":"taxable","17":"shipping-taxable","18":"purchasable","19":"product-type-simple"},"acf":[],"jetpack_sharing_enabled":true,"_links":{"self":[{"href":"https:\/\/vapotheque.ch\/de\/wp-json\/wp\/v2\/product\/29241","targetHints":{"allow":["GET"]}}],"collection":[{"href":"https:\/\/vapotheque.ch\/de\/wp-json\/wp\/v2\/product"}],"about":[{"href":"https:\/\/vapotheque.ch\/de\/wp-json\/wp\/v2\/types\/product"}],"wp:featuredmedia":[{"embeddable":true,"href":"https:\/\/vapotheque.ch\/de\/wp-json\/wp\/v2\/media\/29237"}],"wp:attachment":[{"href":"https:\/\/vapotheque.ch\/de\/wp-json\/wp\/v2\/media?parent=29241"}],"wp:term":[{"taxonomy":"product_cat","embeddable":true,"href":"https:\/\/vapotheque.ch\/de\/wp-json\/wp\/v2\/product_cat?post=29241"},{"taxonomy":"product_tag","embeddable":true,"href":"https:\/\/vapotheque.ch\/de\/wp-json\/wp\/v2\/product_tag?post=29241"}],"curies":[{"name":"wp","href":"https:\/\/api.w.org\/{rel}","templated":true}]}}