{"id":28978,"date":"2024-02-07T14:31:51","date_gmt":"2024-02-07T13:31:51","guid":{"rendered":"https:\/\/vapotheque.ch\/boutique\/elf-bar-elfa-pro-kit\/"},"modified":"2024-10-04T12:30:01","modified_gmt":"2024-10-04T10:30:01","slug":"elf-bar-elfa-pro-kit","status":"publish","type":"product","link":"https:\/\/vapotheque.ch\/de\/shop\/elf-bar-elfa-pro-kit\/","title":{"rendered":"ELF BAR &#8211; Elfa Pro Kit"},"content":{"rendered":"<h1>Erkunden Sie die ELF BAR &#8211; Kit Elfa Pro : Die Neuerfindung des wiederverwendbaren Dampfes<\/h1>\n<div class=\"group\/conversation-turn relative flex w-full min-w-0 flex-col agent-turn\">\n<div class=\"flex-col gap-1 md:gap-3\">\n<div class=\"flex flex-grow flex-col max-w-full\">\n<div class=\"min-h-[20px] text-message flex flex-col items-start whitespace-pre-wrap break-words [.text-message+&amp;]:mt-5 juice:w-full juice:items-end overflow-x-auto gap-2\" dir=\"auto\" data-message-author-role=\"assistant\" data-message-id=\"44393e98-33fc-4b41-b693-1c1c6021af41\">\n<div class=\"flex w-full flex-col gap-1 juice:empty:hidden juice:first:pt-[3px]\">\n<div class=\"markdown prose w-full break-words dark:prose-invert light\">  ELF BAR, ein anerkannter Pionier auf dem Gebiet des Dampfens, setzt mit dem ELF BAR &#8211; Kit Elfa Pro neue Ma\u00dfst\u00e4be und beweist damit sein konstantes Engagement f\u00fcr Qualit\u00e4t und die Zufriedenheit seiner Nutzer.<br \/>\nDas Elfa Pro Discovery Kit wurde f\u00fcr diejenigen entwickelt, die eine praktische und einfach zu bedienende elektronische Zigarette suchen.<br \/>\nDieser wiederverwendbare Pod ist ideal, um Ihnen ein optimales Dampferlebnis zu bieten, egal ob Sie Anf\u00e4nger oder erfahrener Dampfer sind.    <\/div>\n<\/div>\n<\/div>\n<\/div>\n<\/div>\n<\/div>\n<h2>Spezifikationen von ELF BAR &#8211; Elfa Pro Kit<\/h2>\n<h3><strong>Eingebaute Batterie :<\/strong><\/h3>\n<p>  Das ELF BAR &#8211; Kit Elfa Pro enth\u00e4lt eine eingebaute wiederaufladbare 500 mAh Batterie, die \u00fcber einen USB-C-Anschluss zug\u00e4nglich ist, wodurch ein schnelles und bequemes Aufladen gew\u00e4hrleistet wird.<br \/>\nDiese Eigenschaft macht den ELF BAR Elfa Pro besonders praktisch f\u00fcr diejenigen, die st\u00e4ndig unterwegs sind und sich nicht um das Mitf\u00fchren von zus\u00e4tzlichen Ladeger\u00e4ten oder Batterien k\u00fcmmern m\u00f6chten.   <\/p>\n<h3><strong>Kapazit\u00e4t der E-Liquids :<\/strong><\/h3>\n<p>  Jeder vorgef\u00fcllte Pod hat einen Tank mit 2 ml Nikotinsalzliquid, das bis zu 600 Z\u00fcge pro Pod erm\u00f6glicht.<br \/>\nDiese speziell entwickelten Liquids machen den Pod zu einer kosteng\u00fcnstigen und praktischen Wahl f\u00fcr regelm\u00e4\u00dfige Dampfer.<br \/>\nDie Liquidkapazit\u00e4t garantiert auch ein kontinuierliches Dampferlebnis ohne h\u00e4ufiges Nachf\u00fcllen, was den Gesamtkomfort dieses Ger\u00e4ts noch erh\u00f6ht.    <\/p>\n<h3><strong>Optionen f\u00fcr mehrere Geschmacksrichtungen :<\/strong><\/h3>\n<p>  Die ELF BAR &#8211; Kit Elfa Pro ist in einer Vielzahl von k\u00f6stlichen Geschmacksrichtungen erh\u00e4ltlich und bietet fruchtige, minzige und klassische Geschmacksrichtungen, die alle Vorlieben erf\u00fcllen.<br \/>\nDie verschiedenen Geschmacksoptionen erm\u00f6glichen es dem Benutzer, sein Dampferlebnis nach seinem Geschmack zu gestalten, so dass jeder Zug so angenehm wie der vorherige ist. <span class=\"\" data-state=\"closed\"><span class=\"text-token-text-secondary\"> <\/span><\/span><\/p>\n<h3><strong>Nikotinkonzentration :<\/strong><\/h3>\n<p>  Jeder Pod enth\u00e4lt eine Konzentration von 20 mg\/ml Nikotinsalz, das einen milden und befriedigenden Geschmack bietet, ideal f\u00fcr ehemalige Raucher, die auf eine elektronische Zigarette umsteigen wollen.<br \/>\nDer Nikotingehalt ist sorgf\u00e4ltig kalibriert, um eine schnelle Befriedigung zu bieten, die der Erfahrung des Rauchens einer traditionellen Zigarette sehr nahe kommt, was dazu beitragen kann, das Verlangen nach einer Zigarette zu reduzieren.<br \/>\nNikotinsalze sind f\u00fcr ihre F\u00e4higkeit bekannt, diese Befriedigung schnell zu liefern und bieten somit eine wirksame Alternative zu herk\u00f6mmlichen Zigaretten.    <\/p>\n<h3><strong>Kompaktes und leichtes Design  <\/strong><\/h3>\n<p>  Mit seinen kompakten Abmessungen ist der<strong> <\/strong>Elfa Pro ist leicht zu transportieren und zu verwenden und passt in jede Tasche. Das kompakte Design \u00e4ndert nichts an der Robustheit des Ger\u00e4ts, das f\u00fcr den t\u00e4glichen Gebrauch konzipiert wurde.  <\/p>\n<h3><strong>Umweltfreundlicher :<\/strong><\/h3>\n<p>  Das ELF BAR &#8211; Kit Elfa Pro ist dank seines wiederverwendbaren Designs umweltfreundlicher.<br \/>\nIm Gegensatz zu Einweg-Vapen reduziert dieses Kit den Elektronik- und Plastikm\u00fcll und tr\u00e4gt so zu einer geringeren CO2-Bilanz und einer nachhaltigeren Nutzung von Ressourcen bei.   <\/p>\n<h3><strong>Automatische Aktivierung  <\/strong><\/h3>\n<p>  Keine Kn\u00f6pfe oder komplizierten Einstellungen. Der Elfa Pro ist sofort einsatzbereit und aktiviert sich automatisch beim Einatmen, was eine intuitive und sofortige Bedienung erm\u00f6glicht.<br \/>\nDie automatische Aktivierung sorgt auch f\u00fcr eine konstante und zuverl\u00e4ssige Dampfabgabe bei jedem Zug, so dass das Ger\u00e4t direkt nach dem Auspacken einsatzbereit ist.   <\/p>\n<h2>Verwendung und Warnungen<\/h2>\n<p>  Um den ELF BAR &#8211; Kit Elfa Pro, eine der praktischsten E-Zigaretten auf dem Markt, zu verwenden, nehmen Sie einfach den Pod aus seiner Verpackung und beginnen zu dampfen.<br \/>\nWenn der Pod leer ist, ersetzen Sie ihn durch einen neuen.  Bitte beachten Sie, dass dieses Produkt Nikotin enth\u00e4lt, eine Substanz, die s\u00fcchtig macht. Es ist wichtig, dass dieses Produkt au\u00dferhalb der Reichweite von Kindern und Haustieren aufbewahrt wird. Wenn Sie schwanger sind, stillen oder gesundheitliche Probleme haben, wenden Sie sich vor der Anwendung dieses Produkts an einen Arzt.  <\/p>\n<h2>Wer kann den ELF BAR Elfa Pro verwenden?<\/h2>\n<p>  Die<br \/>\n<strong>ELF BAR Elfa Pro<\/strong> ist f\u00fcr verschiedene Arten von Nutzern geeignet:   <\/p>\n<ul>\n<li><strong>Nomadische D<\/strong> ampfer: Ideal f\u00fcr diejenigen, die viel unterwegs sind und eine praktische L\u00f6sung zum Dampfen suchen.<\/li>\n<li><strong>Ex-Raucher<\/strong>: Eine wirksame Alternative f\u00fcr diejenigen, die mit dem Rauchen herk\u00f6mmlicher Zigaretten aufh\u00f6ren wollen.<\/li>\n<li><strong>Liebhaber neuer Geschmacksrichtungen<\/strong>: Perfekt f\u00fcr diejenigen, die gerne neue Geschmacksrichtungen erforschen und entdecken.<\/li>\n<li><strong>Alle, die das Dampfen entdecken wollen<\/strong>: eine ausgezeichnete Option f\u00fcr diejenigen, die das Dampfen ohne die Einschr\u00e4nkungen von wiederaufladbaren Ger\u00e4ten ausprobieren wollen.<\/li>\n<\/ul>\n<h2>Inhalt des Pakets<\/h2>\n<ul>\n<li>1x Elfa-Batterie<\/li>\n<li>1x Elfa Pro Patrone<\/li>\n<li>1x Bedienungsanleitung<\/li>\n<\/ul>\n<p>  Der ELF BAR &#8211; Kit Elfa Pro ist perfekt f\u00fcr diejenigen, die eine einfache und praktische L\u00f6sung zum Dampfen suchen, ohne die Komplikationen des Nachf\u00fcllens oder Ersetzens von Patronen. Sein elegantes Design und seine zuverl\u00e4ssige Leistung machen ihn zur idealen Wahl f\u00fcr den t\u00e4glichen Gebrauch oder f\u00fcr unterwegs. Sehen Sie sich <a href=\"https:\/\/vapotheque.ch\/de\/marque\/elf-bar-de\/\">hier<\/a> alle Produkte der Marke ELF BAR an. Erhalte Rabatte oder die neuesten Informationen \u00fcber unsere anderen im Gesch\u00e4ft erh\u00e4ltlichen Produkte, indem du uns auf unseren sozialen Netzwerken folgst: <a href=\"https:\/\/www.facebook.com\/VapeAigleCH\" target=\"_blank\" rel=\"noopener noreferrer nofollow\">Facebook<\/a> oder <a href=\"https:\/\/www.instagram.com\/vapotheque\" target=\"_blank\" rel=\"noopener noreferrer nofollow\">Instagram<\/a>.<\/p>\n","protected":false},"excerpt":{"rendered":"<p>Erkunden Sie die ELF BAR &#8211; Kit Elfa Pro : Die Neuerfindung des wiederverwendbaren Dampfes ELF BAR, ein anerkannter Pionier auf dem Gebiet des Dampfens, setzt mit dem ELF BAR &#8211; Kit Elfa Pro neue Ma\u00dfst\u00e4be und beweist damit sein konstantes Engagement f\u00fcr Qualit\u00e4t und die Zufriedenheit seiner Nutzer. Das Elfa Pro Discovery Kit wurde [&hellip;]<\/p>\n","protected":false},"featured_media":28969,"template":"","meta":{"_acf_changed":false},"product_cat":[442,408,453,466],"product_tag":[],"class_list":{"0":"post-28978","1":"product","2":"type-product","3":"status-publish","4":"has-post-thumbnail","6":"product_brand-elf-bar-de","7":"product_cat-hervorgehobene-produkte","8":"product_cat-lieferbar-innerhalb-von-24-stunden-de","9":"product_cat-pods-de","10":"product_cat-puff-einweg-vapes","12":"first","13":"instock","14":"taxable","15":"shipping-taxable","16":"purchasable","17":"product-type-variable"},"acf":[],"jetpack_sharing_enabled":true,"_links":{"self":[{"href":"https:\/\/vapotheque.ch\/de\/wp-json\/wp\/v2\/product\/28978","targetHints":{"allow":["GET"]}}],"collection":[{"href":"https:\/\/vapotheque.ch\/de\/wp-json\/wp\/v2\/product"}],"about":[{"href":"https:\/\/vapotheque.ch\/de\/wp-json\/wp\/v2\/types\/product"}],"wp:featuredmedia":[{"embeddable":true,"href":"https:\/\/vapotheque.ch\/de\/wp-json\/wp\/v2\/media\/28969"}],"wp:attachment":[{"href":"https:\/\/vapotheque.ch\/de\/wp-json\/wp\/v2\/media?parent=28978"}],"wp:term":[{"taxonomy":"product_cat","embeddable":true,"href":"https:\/\/vapotheque.ch\/de\/wp-json\/wp\/v2\/product_cat?post=28978"},{"taxonomy":"product_tag","embeddable":true,"href":"https:\/\/vapotheque.ch\/de\/wp-json\/wp\/v2\/product_tag?post=28978"}],"curies":[{"name":"wp","href":"https:\/\/api.w.org\/{rel}","templated":true}]}}