{"id":28920,"date":"2024-02-02T15:20:20","date_gmt":"2024-02-02T14:20:20","guid":{"rendered":"https:\/\/vapotheque.ch\/boutique\/le-petit-verger-schlangenfrucht-granatapfel-frisch-e-liquide\/"},"modified":"2024-10-04T12:30:08","modified_gmt":"2024-10-04T10:30:08","slug":"le-petit-verger-schlangenfrucht-granatapfel-frisch-e-liquide","status":"publish","type":"product","link":"https:\/\/vapotheque.ch\/de\/shop\/le-petit-verger-schlangenfrucht-granatapfel-frisch-e-liquide\/","title":{"rendered":"Le Petit Verger &#8211; Schlangenfrucht Granatapfel Frisch E-Liquide"},"content":{"rendered":"<h2>Gehen Sie mit der Produktreihe Le Petit Verger und ihrer Schlangenfrucht Granatapfel ins Gr\u00fcne!<\/h2>\n<p>  Die Produktreihe Le Petit Verger kehrt mit einer erfrischenden Note zur\u00fcck. Entdecken Sie mit Le Petit Verger Fruit du Serpent Grenade E-Liquid fruchtige Aromen, die so echt wie die Natur sind. Diese hochwertigen E-Liquids werden von Savourea in Frankreich hergestellt und bieten ein belebendes und k\u00f6stliches Dampferlebnis! Mal s\u00fc\u00df, mal sauer, diese atypische und explosive Mischung stellt das Know-how der Aromatiker von Savourea in den Vordergrund. Die s\u00fc\u00dfe S\u00e4ure der <strong>Schlangenfrucht<\/strong> vermischt sich hier mit der Kraft des <strong>Granatapfels<\/strong> und schafft so eine explosive Mischung, die mehr als nur einen k\u00fchlen Kopf erfordert, um den ersten Zug fortzusetzen. Die hinzugef\u00fcgte Frische veredelt diese E-Liquids und macht sie s\u00fcchtig.  &nbsp;  Wichtig: Liquid mit Aromastoffen, verkauft in einer 70 ml-Flasche.  <\/p>\n<p class=\"class-fabrication\">Hergestellt in Frankreich; PG\/VG-Verh\u00e4ltnis: 50% \/ 50%. Passt sich an jede Art von Material an.<\/p>\n<p>&nbsp;  Entdecken Sie weitere Produkte der Marke <a href=\"\/marque\/savourea\/\" target=\"_blank\" rel=\"noopener\">Savourea<\/a>. Erhalten Sie Rabatte oder die neuesten Informationen \u00fcber unsere Produkte, indem Sie uns auf unseren sozialen Netzwerken folgen: <a href=\"https:\/\/www.facebook.com\/VapeAigleCH\" target=\"_blank\" rel=\"noopener\">Facebook<\/a> oder <a href=\"https:\/\/www.instagram.com\/vapotheque\" target=\"_blank\" rel=\"noopener\">Instagram<\/a>.<\/p>\n","protected":false},"excerpt":{"rendered":"<p>Gehen Sie mit der Produktreihe Le Petit Verger und ihrer Schlangenfrucht Granatapfel ins Gr\u00fcne! Die Produktreihe Le Petit Verger kehrt mit einer erfrischenden Note zur\u00fcck. Entdecken Sie mit Le Petit Verger Fruit du Serpent Grenade E-Liquid fruchtige Aromen, die so echt wie die Natur sind. Diese hochwertigen E-Liquids werden von Savourea in Frankreich hergestellt und [&hellip;]<\/p>\n","protected":false},"featured_media":28917,"template":"","meta":{"_acf_changed":false},"product_cat":[405,404,442,408,1686,1977,1679],"product_tag":[],"class_list":{"0":"post-28920","1":"product","2":"type-product","3":"status-publish","4":"has-post-thumbnail","6":"product_brand-savourea-de","7":"product_cat-e-liquids","8":"product_cat-fruchtig","9":"product_cat-hervorgehobene-produkte","10":"product_cat-lieferbar-innerhalb-von-24-stunden-de","11":"product_cat-50-ml-fur-70-ml","12":"product_cat-lagerraeumung","13":"product_cat-menge-e-flussigkeit-kapazitat-flasche","15":"first","16":"instock","17":"sale","18":"taxable","19":"shipping-taxable","20":"purchasable","21":"product-type-simple"},"acf":[],"jetpack_sharing_enabled":true,"_links":{"self":[{"href":"https:\/\/vapotheque.ch\/de\/wp-json\/wp\/v2\/product\/28920","targetHints":{"allow":["GET"]}}],"collection":[{"href":"https:\/\/vapotheque.ch\/de\/wp-json\/wp\/v2\/product"}],"about":[{"href":"https:\/\/vapotheque.ch\/de\/wp-json\/wp\/v2\/types\/product"}],"wp:featuredmedia":[{"embeddable":true,"href":"https:\/\/vapotheque.ch\/de\/wp-json\/wp\/v2\/media\/28917"}],"wp:attachment":[{"href":"https:\/\/vapotheque.ch\/de\/wp-json\/wp\/v2\/media?parent=28920"}],"wp:term":[{"taxonomy":"product_cat","embeddable":true,"href":"https:\/\/vapotheque.ch\/de\/wp-json\/wp\/v2\/product_cat?post=28920"},{"taxonomy":"product_tag","embeddable":true,"href":"https:\/\/vapotheque.ch\/de\/wp-json\/wp\/v2\/product_tag?post=28920"}],"curies":[{"name":"wp","href":"https:\/\/api.w.org\/{rel}","templated":true}]}}