{"id":28685,"date":"2024-01-09T17:38:13","date_gmt":"2024-01-09T16:38:13","guid":{"rendered":"https:\/\/vapotheque.ch\/boutique\/ambition-mods-x-kilic-customs-mod-kil-lite-dna60\/"},"modified":"2024-09-30T10:49:03","modified_gmt":"2024-09-30T08:49:03","slug":"ambition-mods-x-kilic-customs-mod-kil-lite-dna60","status":"publish","type":"product","link":"https:\/\/vapotheque.ch\/de\/shop\/ambition-mods-x-kilic-customs-mod-kil-lite-dna60\/","title":{"rendered":"Ambition Mods x Kilic Customs &#8211; Mod Kil Lite DNA60"},"content":{"rendered":"<h2><strong>Ambition Mods und Kilic Custom haben sich zusammengetan, um uns einen AIO Mod anzubieten: den Kil Lite!<\/strong><\/h2>\n<p>  Ambition Mods x Kilic Customs arbeiten zusammen, um den Mod Kil Lite DNA60 zu entwickeln! Es handelt sich um eine AIO-Box, die mit allen Boro-Panzern kompatibel ist und mit einem 18650-Akku<strong>(nicht im Lieferumfang enthalten<\/strong>) und<strong>einem DNA60-Chipsatz<\/strong> f\u00fcr eine maximale Leistung von 60 W betrieben wird. Der Schalter befindet sich an der Seite der Box (side fire) und bietet einen gewissen Komfort f\u00fcr einen idealen Griff w\u00e4hrend der Nutzung.  <\/p>\n<h3>Auf die Details kommt es an, aber nicht nur das&#8230;<\/h3>\n<p>  Ambition Mods und Kilic Customs haben diesen AIO mit Blick auf die kleinen Details entworfen. Die magnetischen Platten auf beiden Seiten der Box haben eine \u00d6ffnung, um eine konstante Luftzufuhr zu gew\u00e4hrleisten, unabh\u00e4ngig davon, in welche Richtung Sie den Boro Tank verwenden. Die Box enth\u00e4lt ein 510er Drip Tip und eine 510er Drip Tip Hybridbasis. Sein Nut im Billet-Box-Format ist mit allen Boro-Mods kompatibel. Ein Nut im Boro-Format ist ebenfalls in der Box enthalten. Der Mod Kil Lite DNA60 hat keine akkuseitige T\u00fcr. Um ihn zu installieren, muss man nur das Kontaktst\u00fcck l\u00f6sen, das sich leicht mit der Hand abschrauben l\u00e4sst, und dann den Akku hineinschieben. Die Schaltfl\u00e4chen f\u00fcr die Einstellungen befinden sich an der Unterseite der Box und der Bildschirm auf der anderen Seite. Der Kil-Lite hat alles Wesentliche und verf\u00fcgt \u00fcber einen Wattmodus und verschiedene Temperatursteuerungsmodi.  <\/p>\n<h3><strong>Erweiterter Schutz<\/strong><\/h3>\n<p>  Umfangreiche Schutzschaltungen, einschlie\u00dflich Temperaturschutz, Verpolungsschutz und Kurzschlussschutz, sorgen f\u00fcr einen sicheren Betrieb.  <\/p>\n<h3><strong>Elegantes und kompaktes Design<\/strong><\/h3>\n<p>  Mit den Ma\u00dfen <strong>23 mm x 50 mm x 81,5 mm<\/strong> und einem Gewicht von<strong> 110 g<\/strong> bietet der Mod Kil Lite ein elegantes Design und einen komfortablen Griff. Sein langlebiges <strong>Aluminiumgeh\u00e4use<\/strong> macht ihn robust und leicht zugleich.  &nbsp;<\/p>\n<p><strong>Beachten Sie, dass die Box keinen USB-Anschluss hat. Daher ist es wichtig, dass Sie ein externes Ladeger\u00e4t f\u00fcr Ihre Akkus haben.<\/strong><\/p>\n<p>&nbsp;<\/p>\n<p><strong>Geliefert mit : <\/strong>  1 x Mod Kil Lite DNA60 2 x Akku-Wraps 2 x Zus\u00e4tzliche Magnete 1 x Benutzerhandbuch  <strong>Eigenschaften :<\/strong>  Eingangsspannung: 3,0 V-4,2 V Eingangsstrom: 0,5 A-30 A Ausgangsleistung: 1-60 W Ausgangsspannung: 0,5-8,0 V Widerstand des Zerst\u00e4ubers: 0,2-3,0 \u03a9 OLED-Display 0,91\u2033 Batterie 18650 (nicht enthalten) Ma\u00dfe: 23 \u00d7 50 \u00d7 81,5 mm (ohne Ber\u00fccksichtigung des Drip-Tips) Gewicht: 111,5 g (Batterie 18650 nicht enthalten) Unterst\u00fctztes Material: Ni\/SS\/Ti  &nbsp;  Entdecken Sie alle unsere Produkte  <a href=\"\/categorie\/box-mods\/vapes-high-end?orderby=date\/\" target=\"_blank\" rel=\"noopener\">High End<\/a>  und unsere anderen  <a href=\"https:\/\/vapotheque.ch\/categorie\/box-mods\/vapes-kits?orderby=date\">Box Elektro<\/a>. Erhalte Rabatte oder die neuesten Informationen \u00fcber unsere anderen im Gesch\u00e4ft erh\u00e4ltlichen Produkte, indem du uns auf unseren sozialen Netzwerken folgst: <a href=\"https:\/\/www.facebook.com\/VapeAigleCH\" target=\"_blank\" rel=\"noopener\">Facebook<\/a> oder <a href=\"https:\/\/www.instagram.com\/vapotheque\" target=\"_blank\" rel=\"noopener\">Instagram<\/a>.<\/p>\n","protected":false},"excerpt":{"rendered":"<p>Ambition Mods und Kilic Custom haben sich zusammengetan, um uns einen AIO Mod anzubieten: den Kil Lite! Ambition Mods x Kilic Customs arbeiten zusammen, um den Mod Kil Lite DNA60 zu entwickeln! Es handelt sich um eine AIO-Box, die mit allen Boro-Panzern kompatibel ist und mit einem 18650-Akku(nicht im Lieferumfang enthalten) undeinem DNA60-Chipsatz f\u00fcr eine [&hellip;]<\/p>\n","protected":false},"featured_media":28417,"template":"","meta":{"_acf_changed":false},"product_cat":[448,450,442,408],"product_tag":[],"class_list":{"0":"post-28685","1":"product","2":"type-product","3":"status-publish","4":"has-post-thumbnail","6":"product_brand-ambition-mods-de","7":"product_cat-box-mods-de","8":"product_cat-elektro","9":"product_cat-hervorgehobene-produkte","10":"product_cat-lieferbar-innerhalb-von-24-stunden-de","12":"first","13":"instock","14":"taxable","15":"shipping-taxable","16":"purchasable","17":"product-type-variable"},"acf":[],"jetpack_sharing_enabled":true,"_links":{"self":[{"href":"https:\/\/vapotheque.ch\/de\/wp-json\/wp\/v2\/product\/28685","targetHints":{"allow":["GET"]}}],"collection":[{"href":"https:\/\/vapotheque.ch\/de\/wp-json\/wp\/v2\/product"}],"about":[{"href":"https:\/\/vapotheque.ch\/de\/wp-json\/wp\/v2\/types\/product"}],"wp:featuredmedia":[{"embeddable":true,"href":"https:\/\/vapotheque.ch\/de\/wp-json\/wp\/v2\/media\/28417"}],"wp:attachment":[{"href":"https:\/\/vapotheque.ch\/de\/wp-json\/wp\/v2\/media?parent=28685"}],"wp:term":[{"taxonomy":"product_cat","embeddable":true,"href":"https:\/\/vapotheque.ch\/de\/wp-json\/wp\/v2\/product_cat?post=28685"},{"taxonomy":"product_tag","embeddable":true,"href":"https:\/\/vapotheque.ch\/de\/wp-json\/wp\/v2\/product_tag?post=28685"}],"curies":[{"name":"wp","href":"https:\/\/api.w.org\/{rel}","templated":true}]}}