{"id":28231,"date":"2023-12-22T11:56:32","date_gmt":"2023-12-22T10:56:32","guid":{"rendered":"https:\/\/vapotheque.ch\/boutique\/nevoks-feelin-2-patronen\/"},"modified":"2024-11-12T11:26:46","modified_gmt":"2024-11-12T10:26:46","slug":"nevoks-feelin-2-patronen","status":"publish","type":"product","link":"https:\/\/vapotheque.ch\/de\/shop\/nevoks-feelin-2-patronen\/","title":{"rendered":"Nevoks &#8211; Feelin 2 Patronen"},"content":{"rendered":"<h2>Ersatzpatronen Feelin 2 von Nevoks<\/h2>\n<p>Das Set mit zwei Feelin 2-Patronen bietet die M\u00f6glichkeit, schnell die e-Fl\u00fcssigkeit zu wechseln oder einen verbrauchten Tank im Nu zu ersetzen. Nevoks bietet hier eine hochwertige PCTG-Kartusche mit einem 3-ml-Reservoir und einem Drip Tip mit Soft-Touch-Beschichtung im Entenschnabel-Design, das f\u00fcr ein angenehmes Dampferlebnis sorgt.<\/p>\n<h3>Mit welchem Material sollte man die Nevoks Feelin 2 Patrone verwenden?<\/h3>\n<p>Diese Feelin-2-Patronen wurden f\u00fcr den <strong>Feelin-2-Pod<\/strong> von Nevoks entwickelt. Alle mit diesen Patronen kompatiblen Ger\u00e4te finden Sie in der Liste der &#8220;Zusatzprodukte&#8221;.<\/p>\n<h3>Welche Widerst\u00e4nde f\u00fcr meine Feelin 2-Patronen?<\/h3>\n<p>Um Ihre Patronen funktionsf\u00e4hig zu machen, ben\u00f6tigen sie den Einbau von Nevoks <strong>SPL 10-Widerst\u00e4nden<\/strong> (Widerst\u00e4nde nicht im Lieferumfang enthalten). Wenn sie in Ihre Kartusche eingesetzt werden, bieten sie ein geschmacksintensives Dampferlebnis und eine mehr als zufriedenstellende Dampfproduktion. Verschiedene Modelle stehen Ihnen f\u00fcr einen ausgezeichneten MTL- oder RDL-Dampf zur Verf\u00fcgung.<\/p>\n<ul>\n<li><strong>Widerst\u00e4nde SPL 10 1.0 Ohm (Mesh):<\/strong> MTL-Ziehung &#8211; zu verwenden zwischen 10W und 13W &#8211; PG\/VG-Verh\u00e4ltnis von 70\/30 bis 50\/50<\/li>\n<li><strong>Widerst\u00e4nde SPL 10 0.8 Ohm (Mesh):<\/strong> MTL-Ziehung &#8211; zu verwenden zwischen 15W und 18W &#8211; PG\/VG-Verh\u00e4ltnis von 60\/40 bis 50\/50<\/li>\n<li><strong>Widerst\u00e4nde SPL 10 0.6 Ohm (Mesh):<\/strong> RDL-Ziehung &#8211; zu verwenden zwischen 18W und 25W &#8211; PG\/VG-Verh\u00e4ltnis von 50\/50 bis 40\/60<\/li>\n<\/ul>\n<p><strong>Wird in Packungen mit 2 St\u00fcck verkauft.<\/strong><\/p>\n<p>&nbsp;<\/p>\n<p>&nbsp;<\/p>\n<p>Sehen Sie sich alle Produkte der Marke <a href=\"\/product_brand\/nevoks\/\" target=\"_blank\" rel=\"noopener\">Nevoks<\/a> an.<\/p>\n<p>Erhalten Sie Rabatte oder die neuesten Informationen \u00fcber unsere anderen Produkte, die in unseren Gesch\u00e4ften erh\u00e4ltlich sind, indem Sie uns auf unseren sozialen Netzwerken folgen: <a href=\"https:\/\/www.facebook.com\/VapeAigleCH\" target=\"_blank\" rel=\"noopener\">Facebook<\/a> oder <a href=\"https:\/\/www.instagram.com\/vapotheque\" target=\"_blank\" rel=\"noopener\">Instagram<\/a>.<\/p>\n","protected":false},"excerpt":{"rendered":"<p>Ersatzpatronen Feelin 2 von Nevoks Das Set mit zwei Feelin 2-Patronen bietet die M\u00f6glichkeit, schnell die e-Fl\u00fcssigkeit zu wechseln oder einen verbrauchten Tank im Nu zu ersetzen. Nevoks bietet hier eine hochwertige PCTG-Kartusche mit einem 3-ml-Reservoir und einem Drip Tip mit Soft-Touch-Beschichtung im Entenschnabel-Design, das f\u00fcr ein angenehmes Dampferlebnis sorgt. Mit welchem Material sollte man [&hellip;]<\/p>\n","protected":false},"featured_media":28220,"template":"","meta":{"_acf_changed":false},"product_cat":[442,408,453,469],"product_tag":[],"class_list":{"0":"post-28231","1":"product","2":"type-product","3":"status-publish","4":"has-post-thumbnail","6":"product_brand-nevoks-de","7":"product_cat-hervorgehobene-produkte","8":"product_cat-lieferbar-innerhalb-von-24-stunden-de","9":"product_cat-pods-de","10":"product_cat-zubehor-pods","12":"first","13":"instock","14":"taxable","15":"shipping-taxable","16":"purchasable","17":"product-type-simple"},"acf":[],"jetpack_sharing_enabled":true,"_links":{"self":[{"href":"https:\/\/vapotheque.ch\/de\/wp-json\/wp\/v2\/product\/28231","targetHints":{"allow":["GET"]}}],"collection":[{"href":"https:\/\/vapotheque.ch\/de\/wp-json\/wp\/v2\/product"}],"about":[{"href":"https:\/\/vapotheque.ch\/de\/wp-json\/wp\/v2\/types\/product"}],"wp:featuredmedia":[{"embeddable":true,"href":"https:\/\/vapotheque.ch\/de\/wp-json\/wp\/v2\/media\/28220"}],"wp:attachment":[{"href":"https:\/\/vapotheque.ch\/de\/wp-json\/wp\/v2\/media?parent=28231"}],"wp:term":[{"taxonomy":"product_cat","embeddable":true,"href":"https:\/\/vapotheque.ch\/de\/wp-json\/wp\/v2\/product_cat?post=28231"},{"taxonomy":"product_tag","embeddable":true,"href":"https:\/\/vapotheque.ch\/de\/wp-json\/wp\/v2\/product_tag?post=28231"}],"curies":[{"name":"wp","href":"https:\/\/api.w.org\/{rel}","templated":true}]}}