{"id":27125,"date":"2023-10-11T12:07:46","date_gmt":"2023-10-11T10:07:46","guid":{"rendered":"https:\/\/vapotheque.ch\/boutique\/monster-vape-labs-tobacco-monster-vanilla-bourbon-100-ml-e-liquid\/"},"modified":"2024-10-04T12:29:56","modified_gmt":"2024-10-04T10:29:56","slug":"monster-vape-labs-tobacco-monster-vanilla-bourbon-100-ml-e-liquid","status":"publish","type":"product","link":"https:\/\/vapotheque.ch\/de\/shop\/monster-vape-labs-tobacco-monster-vanilla-bourbon-100-ml-e-liquid\/","title":{"rendered":"Monster Vape Labs &#8211; Tobacco Monster Vanilla Bourbon 100 ML E-Liquid"},"content":{"rendered":"<h2>Monster Vape Labs bietet uns einen feinen Gourmet-Tabak an!<\/h2>\n<p>  Monster Vape Labs ist zur\u00fcck auf der Bildfl\u00e4che mit seinen E-Liquids, eines leckerer als das andere! Tobacco Monster Vanilla Bourbon ist ein reifes E-Liquid, sowohl in seiner St\u00e4rke als auch in seiner K\u00f6stlichkeit! Dieses E-Liquid Tabak Gourmand ist perfekt f\u00fcr alle Classic-Liebhaber, die eine s\u00fc\u00dfe Note suchen. Ein kr\u00e4ftiger Classic mit Haselnussnoten, umh\u00fcllt von einer weichen Vanillecreme! &nbsp; 100 ml 75\/25 Entdecken Sie weitere Produkte der Marke <a href=\"\/product_brand\/monster-vape-labs\/\" target=\"_blank\" rel=\"noopener\">Monster Vape Labs<\/a>. Erhalten Sie Rabatte oder die neuesten Informationen \u00fcber den Steam Train, indem Sie uns auf <a href=\"https:\/\/www.facebook.com\/VapeAigleCH\" target=\"_blank\" rel=\"noopener\">Facebook<\/a> oder <a href=\"https:\/\/www.instagram.com\/vapotheque\" target=\"_blank\" rel=\"noopener\">Instagram<\/a> folgen.<\/p>\n","protected":false},"excerpt":{"rendered":"<p>Monster Vape Labs bietet uns einen feinen Gourmet-Tabak an! Monster Vape Labs ist zur\u00fcck auf der Bildfl\u00e4che mit seinen E-Liquids, eines leckerer als das andere! Tobacco Monster Vanilla Bourbon ist ein reifes E-Liquid, sowohl in seiner St\u00e4rke als auch in seiner K\u00f6stlichkeit! Dieses E-Liquid Tabak Gourmand ist perfekt f\u00fcr alle Classic-Liebhaber, die eine s\u00fc\u00dfe Note [&hellip;]<\/p>\n","protected":false},"featured_media":26702,"template":"","meta":{"_acf_changed":false},"product_cat":[405,397,442,408,403,1690,1679],"product_tag":[],"class_list":{"0":"post-27125","1":"product","2":"type-product","3":"status-publish","4":"has-post-thumbnail","6":"product_brand-monster-vape-labs-de","7":"product_cat-e-liquids","8":"product_cat-gourmands-de","9":"product_cat-hervorgehobene-produkte","10":"product_cat-lieferbar-innerhalb-von-24-stunden-de","11":"product_cat-tabak","12":"product_cat-100-ml-fur-120-ml","13":"product_cat-menge-e-flussigkeit-kapazitat-flasche","15":"first","16":"outofstock","17":"taxable","18":"shipping-taxable","19":"purchasable","20":"product-type-simple"},"acf":[],"jetpack_sharing_enabled":true,"_links":{"self":[{"href":"https:\/\/vapotheque.ch\/de\/wp-json\/wp\/v2\/product\/27125","targetHints":{"allow":["GET"]}}],"collection":[{"href":"https:\/\/vapotheque.ch\/de\/wp-json\/wp\/v2\/product"}],"about":[{"href":"https:\/\/vapotheque.ch\/de\/wp-json\/wp\/v2\/types\/product"}],"wp:featuredmedia":[{"embeddable":true,"href":"https:\/\/vapotheque.ch\/de\/wp-json\/wp\/v2\/media\/26702"}],"wp:attachment":[{"href":"https:\/\/vapotheque.ch\/de\/wp-json\/wp\/v2\/media?parent=27125"}],"wp:term":[{"taxonomy":"product_cat","embeddable":true,"href":"https:\/\/vapotheque.ch\/de\/wp-json\/wp\/v2\/product_cat?post=27125"},{"taxonomy":"product_tag","embeddable":true,"href":"https:\/\/vapotheque.ch\/de\/wp-json\/wp\/v2\/product_tag?post=27125"}],"curies":[{"name":"wp","href":"https:\/\/api.w.org\/{rel}","templated":true}]}}