{"id":27115,"date":"2023-10-12T14:33:46","date_gmt":"2023-10-12T12:33:46","guid":{"rendered":"https:\/\/vapotheque.ch\/boutique\/protect-arana-e-liquid\/"},"modified":"2024-10-04T13:17:48","modified_gmt":"2024-10-04T11:17:48","slug":"protect-arana-e-liquid","status":"publish","type":"product","link":"https:\/\/vapotheque.ch\/de\/shop\/protect-arana-e-liquid\/","title":{"rendered":"Protect &#8211; Ara\u00f1a E-Liquid"},"content":{"rendered":"<h2>Protect kehrt mit dem siebten E-Liquid aus der Reihe &#8220;Histoire des Abeilles&#8221; zur\u00fcck: dem Ara\u00f1a!<\/h2>\n<p>Die unabh\u00e4ngigen Franzosen der Marke Protect verw\u00f6hnen uns immer wieder mit ihren Kreationen mit dem E-Liquid Ara\u00f1a!<\/p>\n<p>In wenigen Worten: Protect setzen sich f\u00fcr den <strong>Schutz der Bienen<\/strong> ein, die als Best\u00e4uberk\u00f6niginnen f\u00fcr das Wohlergehen unseres Planeten unerl\u00e4sslich sind und in den letzten Jahren stark gef\u00e4hrdet sind. Indem Sie ihre Fl\u00fcssigkeiten kaufen, sichern Sie ihnen eine bessere Zukunft in der franz\u00f6sischen Landschaft Okzitaniens.<\/p>\n<p>&nbsp;<\/p>\n<p>Die Spinnenh\u00f6hlen wurden Anfang des 20. Jahrhunderts von Jaime Gar\u00ed i Poch entdeckt. Sie befinden sich in der Provinz Valencia. Die H\u00f6hlen sind bekannt f\u00fcr die Felsmalerei einer Darstellung des Bicorp-Menschen, der an Lianen hochklettert, um Honig von wilden Bienen zu sammeln, die auf etwa 10.000 v. Chr. datiert wird.<\/p>\n<p>&nbsp;<\/p>\n<p><b>ARA\u00d1A <\/b>ist garantiert eine R\u00fcckkehr in den Sommer!<\/p>\n<p>Die saftige, s\u00fc\u00dfe <strong>Wassermelone<\/strong> mischt sich mit der s\u00e4uerlichen <strong>Grapefruit<\/strong>. Die subtile <strong>Frische<\/strong> verfeinert diesen kleinen Cocktail.<\/p>\n<p>&nbsp;<\/p>\n<p><em><strong>Beteiligt sich an der Finanzierung und Wartung von Bienenst\u00f6cken in Okzitanien.<\/strong><\/em><\/p>\n<p>&nbsp;<\/p>\n<p>Hergestellt in Frankreich.<\/p>\n<p>PG\/VG Anteil: <strong>40\/60<\/strong><\/p>\n<p>Sehen Sie sich alle Produkte der Marke <a href=\"https:\/\/vapotheque.ch\/de\/marque\/protect-de\/\" target=\"_blank\" rel=\"noopener\">Protect<\/a> an.<\/p>\n<p>Erhalten Sie Rabatte oder die neuesten Informationen \u00fcber unsere Produkte, indem Sie uns auf unseren sozialen Netzwerken folgen: <a href=\"https:\/\/www.facebook.com\/VapeAigleCH\" target=\"_blank\" rel=\"noopener\">Facebook<\/a> oder <a href=\"https:\/\/www.instagram.com\/vapotheque\" target=\"_blank\" rel=\"noopener\">Instagram<\/a>.<\/p>\n","protected":false},"excerpt":{"rendered":"<p>Protect kehrt mit dem siebten E-Liquid aus der Reihe &#8220;Histoire des Abeilles&#8221; zur\u00fcck: dem Ara\u00f1a! Die unabh\u00e4ngigen Franzosen der Marke Protect verw\u00f6hnen uns immer wieder mit ihren Kreationen mit dem E-Liquid Ara\u00f1a! In wenigen Worten: Protect setzen sich f\u00fcr den Schutz der Bienen ein, die als Best\u00e4uberk\u00f6niginnen f\u00fcr das Wohlergehen unseres Planeten unerl\u00e4sslich sind und [&hellip;]<\/p>\n","protected":false},"featured_media":47648,"template":"","meta":{"_acf_changed":false},"product_cat":[405,404,442,408,1686,1679],"product_tag":[],"class_list":{"0":"post-27115","1":"product","2":"type-product","3":"status-publish","4":"has-post-thumbnail","6":"product_brand-protect-de","7":"product_cat-e-liquids","8":"product_cat-fruchtig","9":"product_cat-hervorgehobene-produkte","10":"product_cat-lieferbar-innerhalb-von-24-stunden-de","11":"product_cat-50-ml-fur-70-ml","12":"product_cat-menge-e-flussigkeit-kapazitat-flasche","14":"first","15":"instock","16":"taxable","17":"shipping-taxable","18":"purchasable","19":"product-type-simple"},"acf":[],"jetpack_sharing_enabled":true,"_links":{"self":[{"href":"https:\/\/vapotheque.ch\/de\/wp-json\/wp\/v2\/product\/27115","targetHints":{"allow":["GET"]}}],"collection":[{"href":"https:\/\/vapotheque.ch\/de\/wp-json\/wp\/v2\/product"}],"about":[{"href":"https:\/\/vapotheque.ch\/de\/wp-json\/wp\/v2\/types\/product"}],"wp:featuredmedia":[{"embeddable":true,"href":"https:\/\/vapotheque.ch\/de\/wp-json\/wp\/v2\/media\/47648"}],"wp:attachment":[{"href":"https:\/\/vapotheque.ch\/de\/wp-json\/wp\/v2\/media?parent=27115"}],"wp:term":[{"taxonomy":"product_cat","embeddable":true,"href":"https:\/\/vapotheque.ch\/de\/wp-json\/wp\/v2\/product_cat?post=27115"},{"taxonomy":"product_tag","embeddable":true,"href":"https:\/\/vapotheque.ch\/de\/wp-json\/wp\/v2\/product_tag?post=27115"}],"curies":[{"name":"wp","href":"https:\/\/api.w.org\/{rel}","templated":true}]}}