{"id":27104,"date":"2023-11-04T14:58:03","date_gmt":"2023-11-04T13:58:03","guid":{"rendered":"https:\/\/vapotheque.ch\/boutique\/elf-bar-elfa-pro-patronen\/"},"modified":"2026-02-12T12:00:13","modified_gmt":"2026-02-12T11:00:13","slug":"elf-bar-kartuschen-elfa-pro","status":"publish","type":"product","link":"https:\/\/vapotheque.ch\/de\/shop\/elf-bar-kartuschen-elfa-pro\/","title":{"rendered":"Elf Bar Kartuschen Elfa Pro"},"content":{"rendered":"<h1>Entdecken Sie die Elf Bar Kartuschen Elfa Pro von Elf Bar: die neue \u00c4ra des Dampfens<\/h1>\n<p>Elfa Pro Patronen des Herstellers Elf Bar<strong>, <\/strong>kompatibel mit der Elfa-Batterie. Die Elfa Pro Patronen bieten noch mehr Geschmack durch die Verwendung eines Mesh-Widerstands. Au\u00dferdem sind sie jetzt transparent, damit Sie den F\u00fcllstand Ihrer E-Fl\u00fcssigkeit \u00fcberwachen k\u00f6nnen. <\/p>\n<h2>Eigenschaften der Elf Bar Kartuschen Elfa Pro<\/h2>\n<h3><strong>Eingebaute Batterie :<\/strong><\/h3>\n<p>Die Elfa Pro Patronen sind mit einer 400 mAh Batterie kompatibel, die eine l\u00e4ngere Lebensdauer und einen zuverl\u00e4ssigen Betrieb den ganzen Tag \u00fcber garantiert. Diese Batterie sorgt f\u00fcr ein kontinuierliches Dampferlebnis, ideal f\u00fcr diejenigen, die sich nicht um h\u00e4ufiges Nachladen k\u00fcmmern wollen. <\/p>\n<h3><strong>Kapazit\u00e4t der E-Liquids :<\/strong><\/h3>\n<p>Jede vorgef\u00fcllte Patrone enth\u00e4lt 2 ml E-Fl\u00fcssigkeit, was eine gro\u00dfz\u00fcgige Menge an Z\u00fcgen pro Patrone erm\u00f6glicht. Diese Kapazit\u00e4t erm\u00f6glicht einen l\u00e4ngeren Gebrauch ohne h\u00e4ufiges Auswechseln der Patrone, was den Gesamtkomfort dieses Ger\u00e4ts erh\u00f6ht. <\/p>\n<h3><strong>Optionen f\u00fcr mehrere Geschmacksrichtungen :<\/strong><\/h3>\n<p>Elfa Pro Patronen sind in einer Vielzahl von k\u00f6stlichen Geschmacksrichtungen erh\u00e4ltlich und erf\u00fcllen alle Vorlieben. Von fruchtigen Geschm\u00e4ckern \u00fcber Minzaromen bis hin zu klassischen Geschmacksrichtungen findet jeder Nutzer etwas, das ihm gef\u00e4llt. Zu den beliebten Geschmacksrichtungen geh\u00f6ren Zitrone Minze, Kirsche Wassermelone und Heidelbeere.  <\/p>\n<h3><strong>Nikotinkonzentration :<\/strong><\/h3>\n<p>Die Liquids in den Elfa Pro Patronen enthalten Nikotinsalze f\u00fcr eine schnelle Aufnahme durch den K\u00f6rper und erleichtern Ihnen so die Raucherentw\u00f6hnung. Eine Patrone enth\u00e4lt 2 ml Liquid, was ungef\u00e4hr 600 Z\u00fcgen entspricht.  Die Elfa Pro Patrone bietet einen engen MTL-Zug, der ein zigaretten\u00e4hnliches Gef\u00fchl vermittelt.<\/p>\n<h3><strong>Kompaktes und elegantes Design :<\/strong><\/h3>\n<p>Mit ihren kompakten Abmessungen und ihrem eleganten Design sind die Elfa Pro Elf Bar Patronen leicht zu transportieren und zu verwenden, sie passen in jede Tasche oder Handtasche. Das elegante Design \u00e4ndert nichts an der Robustheit des Ger\u00e4ts, das f\u00fcr den t\u00e4glichen Gebrauch konzipiert wurde. <\/p>\n<h3><strong>Umweltfreundlicher :<\/strong><\/h3>\n<p>Die Elfa Pro Patronen sind durch ihr wartungsfreies Einwegformat umweltfreundlicher gestaltet. Im Gegensatz zu wiederbef\u00fcllbaren Ger\u00e4ten reduziert dieses Set den Bedarf an Reinigung und Wartung und tr\u00e4gt so zu einer nachhaltigeren Nutzung von Ressourcen bei. <\/p>\n<h3><strong>Automatische Aktivierung :<\/strong><\/h3>\n<p>Keine Kn\u00f6pfe oder komplizierten Einstellungen Die Elf Bar Kartuschen Elfa Pro aktivieren sich automatisch bei der Inhalation und bieten eine intuitive und sofortige Anwendung. Die automatische Aktivierung sorgt au\u00dferdem daf\u00fcr, dass bei jedem Zug konstant und zuverl\u00e4ssig Dampf geliefert wird.<\/p>\n<h2><strong>Nutzung und Warnungen  <\/strong><\/h2>\n<p>Achtung: Entfernen Sie bei der ersten Verwendung den Deckel und versiegeln Sie ihn, indem Sie die Basis eindr\u00fccken\/einklicken, bevor Sie die Patrone in die Batterie einsetzen. Bitte beachten Sie, dass dieses Produkt Nikotin enth\u00e4lt, eine Substanz, die s\u00fcchtig macht. Es ist wichtig, dass dieses Produkt au\u00dferhalb der Reichweite von Kindern und Haustieren aufbewahrt wird.<\/p>\n<p>Wenn Sie schwanger sind, stillen oder gesundheitliche Probleme haben, wenden Sie sich vor der Anwendung dieses Produkts an einen Angeh\u00f6rigen der Gesundheitsberufe.<\/p>\n<h2>Wer kann Elf Bar Kartuschen Elfa Pro verwenden?<\/h2>\n<p>Die Elfa Pro-Patronen sind f\u00fcr verschiedene Nutzertypen geeignet:<\/p>\n<p><strong>Nomadische Dampfer:<\/strong> Ideal f\u00fcr diejenigen, die viel unterwegs sind und eine praktische L\u00f6sung zum Dampfen suchen.<\/p>\n<p><strong>Ex-Raucher:<\/strong> Eine effektive Alternative f\u00fcr diejenigen, die mit dem Rauchen herk\u00f6mmlicher Zigaretten aufh\u00f6ren wollen.<\/p>\n<p><strong>Liebhaber neuer Geschmacksrichtungen: <\/strong>Perfekt f\u00fcr diejenigen, die gerne neue Geschmacksrichtungen erforschen und entdecken.<\/p>\n<p><strong>Alle, die das Vaporisieren entdecken wollen<\/strong>:Eine gro\u00dfartige Option f\u00fcr alle, die das Vaporisieren ohne die Einschr\u00e4nkungen von wiederaufladbaren Ger\u00e4ten ausprobieren wollen.<\/p>\n<h2>Inhalt des Pakets<\/h2>\n<p><strong>Verkauft als Packung mit 2 Patronen:<\/strong><\/p>\n<p>2x Elf Bar Elfa Pro Patronen Die Elfa Pro Elf Bar Patronen sind ideal f\u00fcr diejenigen, die eine einfache und praktische L\u00f6sung zum Dampfen suchen, ohne die Komplikationen des Nachf\u00fcllens oder Austauschens von Patronen. Das elegante Design und die zuverl\u00e4ssige Leistung machen sie zu einer idealen Wahl f\u00fcr den t\u00e4glichen Gebrauch oder f\u00fcr unterwegs.<\/p>\n<p>Finden Sie <a href=\"https:\/\/vapotheque.ch\/de\/marque\/elf-bar-de\/\">hier<\/a> alle Produkte der Marke Elf Bar.<\/p>\n<p>Erhalte Rabatte oder die neuesten Informationen \u00fcber unsere anderen im Gesch\u00e4ft erh\u00e4ltlichen Produkte, indem du uns auf unseren sozialen Netzwerken folgst: <a href=\"https:\/\/www.facebook.com\/VapeAigleCH\" target=\"_blank\" rel=\"noopener\">Facebook<\/a> oder <a href=\"https:\/\/www.instagram.com\/vapotheque\" target=\"_blank\" rel=\"noopener\">Instagram<\/a>.<\/p>\n","protected":false},"excerpt":{"rendered":"<p>Entdecken Sie die Elf Bar Kartuschen Elfa Pro von Elf Bar: die neue \u00c4ra des Dampfens Elfa Pro Patronen des Herstellers Elf Bar, kompatibel mit der Elfa-Batterie. Die Elfa Pro Patronen bieten noch mehr Geschmack durch die Verwendung eines Mesh-Widerstands. Au\u00dferdem sind sie jetzt transparent, damit Sie den F\u00fcllstand Ihrer E-Fl\u00fcssigkeit \u00fcberwachen k\u00f6nnen. Eigenschaften der [&hellip;]<\/p>\n","protected":false},"featured_media":27076,"template":"","meta":{"_acf_changed":false},"product_cat":[442,408,453,423,466,469],"product_tag":[],"class_list":{"0":"post-27104","1":"product","2":"type-product","3":"status-publish","4":"has-post-thumbnail","6":"product_brand-elf-bar-de","7":"product_cat-hervorgehobene-produkte","8":"product_cat-lieferbar-innerhalb-von-24-stunden-de","9":"product_cat-pods-de","10":"product_cat-promos","11":"product_cat-puff-einweg-vapes","12":"product_cat-zubehor-pods","14":"first","15":"instock","16":"taxable","17":"shipping-taxable","18":"purchasable","19":"product-type-variable"},"acf":[],"jetpack_sharing_enabled":true,"_links":{"self":[{"href":"https:\/\/vapotheque.ch\/de\/wp-json\/wp\/v2\/product\/27104","targetHints":{"allow":["GET"]}}],"collection":[{"href":"https:\/\/vapotheque.ch\/de\/wp-json\/wp\/v2\/product"}],"about":[{"href":"https:\/\/vapotheque.ch\/de\/wp-json\/wp\/v2\/types\/product"}],"wp:featuredmedia":[{"embeddable":true,"href":"https:\/\/vapotheque.ch\/de\/wp-json\/wp\/v2\/media\/27076"}],"wp:attachment":[{"href":"https:\/\/vapotheque.ch\/de\/wp-json\/wp\/v2\/media?parent=27104"}],"wp:term":[{"taxonomy":"product_cat","embeddable":true,"href":"https:\/\/vapotheque.ch\/de\/wp-json\/wp\/v2\/product_cat?post=27104"},{"taxonomy":"product_tag","embeddable":true,"href":"https:\/\/vapotheque.ch\/de\/wp-json\/wp\/v2\/product_tag?post=27104"}],"curies":[{"name":"wp","href":"https:\/\/api.w.org\/{rel}","templated":true}]}}