{"id":26366,"date":"2023-09-20T18:16:29","date_gmt":"2023-09-20T16:16:29","guid":{"rendered":"https:\/\/vapotheque.ch\/boutique\/kiwi-vapor-kiwi-pod-v2-patronen\/"},"modified":"2024-09-30T10:48:27","modified_gmt":"2024-09-30T08:48:27","slug":"kiwi-vapor-cartridges-kiwi-pod-v2","status":"publish","type":"product","link":"https:\/\/vapotheque.ch\/de\/shop\/kiwi-vapor-cartridges-kiwi-pod-v2\/","title":{"rendered":"Kiwi Vapor &#8211; Kiwi Pod V2 Patronen"},"content":{"rendered":"<h2><strong>Kiwi Vapor-Ersatzkartuschen, die f\u00fcr die Verwendung mit dem Kiwi Pod V2 konzipiert sind<\/strong><\/h2>\n<p>  Mit der Ver\u00f6ffentlichung des neuen Modells bringt Kiwi Vapor seine Kiwi Pod V2 Patronen wieder auf den neuesten Stand. Die Einwegkartuschen von Kiwi Vapor k\u00f6nnen bis zu 1,8 ml E-Fl\u00fcssigkeit aufnehmen. Sie bieten ein cleveres Bef\u00fcllungssystem von der Seite sowie eine Kindersicherung. Kiwi Pod V2 Patronen werden in Packungen mit zwei St\u00fcck verkauft.  <em><strong>Sie sind nicht mit der ersten Version des Kiwi Pods kompatibel!<\/strong><\/em><\/p>\n<p>&nbsp;<\/p>\n<h3><strong>Einfach zu verwendende Ersatzpatronen<\/strong><\/h3>\n<p>  Die Ersatzkartuschen <strong>Kiwi Pod V2<\/strong> enthalten einen Widerstand von 0,8 Ohm, der eine zuverl\u00e4ssige Geschmackswiedergabe und einen moderaten Verbrauch von E-Liquids gew\u00e4hrleistet. Wenn der Widerstand das Ende seiner Lebensdauer erreicht hat, kann die gesamte Patrone ausgetauscht werden, indem die neue Patrone nach dem Bef\u00fcllen ganz einfach eingeklickt wird. Zwei Ersatz-Baumwollfilter werden mit den beiden Patronen geliefert. Diese Patronen sind einfach zu verwenden und erm\u00f6glichen es Ihnen, den Pod Kiwi Pen V2 voll zu nutzen und Ihre E-Liquids wiederzuentdecken. &nbsp; Sehen Sie sich die Produkte der Marke <a href=\"\/product_brand\/kiwi-vapor\/\" target=\"_blank\" rel=\"noopener\">Kiwi Vapor an.<\/a> Erhalten Sie Rabatte oder die neuesten Informationen \u00fcber unsere anderen Produkte, die in unseren Gesch\u00e4ften erh\u00e4ltlich sind, indem Sie uns auf unseren sozialen Netzwerken folgen: <a href=\"https:\/\/www.facebook.com\/VapeAigleCH\" target=\"_blank\" rel=\"noopener\">Facebook<\/a> oder <a href=\"https:\/\/www.instagram.com\/vapotheque\" target=\"_blank\" rel=\"noopener\">Instagram<\/a>.<\/p>\n","protected":false},"excerpt":{"rendered":"<p>Kiwi Vapor-Ersatzkartuschen, die f\u00fcr die Verwendung mit dem Kiwi Pod V2 konzipiert sind Mit der Ver\u00f6ffentlichung des neuen Modells bringt Kiwi Vapor seine Kiwi Pod V2 Patronen wieder auf den neuesten Stand. Die Einwegkartuschen von Kiwi Vapor k\u00f6nnen bis zu 1,8 ml E-Fl\u00fcssigkeit aufnehmen. Sie bieten ein cleveres Bef\u00fcllungssystem von der Seite sowie eine Kindersicherung. [&hellip;]<\/p>\n","protected":false},"featured_media":26320,"template":"","meta":{"_acf_changed":false},"product_cat":[442,408,453,469],"product_tag":[],"class_list":{"0":"post-26366","1":"product","2":"type-product","3":"status-publish","4":"has-post-thumbnail","6":"product_brand-kiwi-vapor-de","7":"product_cat-hervorgehobene-produkte","8":"product_cat-lieferbar-innerhalb-von-24-stunden-de","9":"product_cat-pods-de","10":"product_cat-zubehor-pods","12":"first","13":"instock","14":"taxable","15":"shipping-taxable","16":"purchasable","17":"product-type-simple"},"acf":[],"jetpack_sharing_enabled":true,"_links":{"self":[{"href":"https:\/\/vapotheque.ch\/de\/wp-json\/wp\/v2\/product\/26366","targetHints":{"allow":["GET"]}}],"collection":[{"href":"https:\/\/vapotheque.ch\/de\/wp-json\/wp\/v2\/product"}],"about":[{"href":"https:\/\/vapotheque.ch\/de\/wp-json\/wp\/v2\/types\/product"}],"wp:featuredmedia":[{"embeddable":true,"href":"https:\/\/vapotheque.ch\/de\/wp-json\/wp\/v2\/media\/26320"}],"wp:attachment":[{"href":"https:\/\/vapotheque.ch\/de\/wp-json\/wp\/v2\/media?parent=26366"}],"wp:term":[{"taxonomy":"product_cat","embeddable":true,"href":"https:\/\/vapotheque.ch\/de\/wp-json\/wp\/v2\/product_cat?post=26366"},{"taxonomy":"product_tag","embeddable":true,"href":"https:\/\/vapotheque.ch\/de\/wp-json\/wp\/v2\/product_tag?post=26366"}],"curies":[{"name":"wp","href":"https:\/\/api.w.org\/{rel}","templated":true}]}}