{"id":26291,"date":"2023-09-12T16:09:38","date_gmt":"2023-09-12T14:09:38","guid":{"rendered":"https:\/\/vapotheque.ch\/boutique\/don-cristo-blond-e-liquide\/"},"modified":"2025-04-26T12:23:41","modified_gmt":"2025-04-26T10:23:41","slug":"don-cristo-blond-e-liquid","status":"publish","type":"product","link":"https:\/\/vapotheque.ch\/de\/shop\/don-cristo-blond-e-liquid\/","title":{"rendered":"Don Cristo &#8211; Blond 50 ml \/ 60 ml E-Liquid"},"content":{"rendered":"<h2>Don Cristo enth\u00fcllt hier wieder einen gro\u00dfen Erfolg mit dem Blonden!<\/h2>\n<p>Don Cristo Blond mit 0% Sucralose von PGVG Labs ist ein komplexes und kraftvolles e-Liquid, das die Kraft eines orientalischen Mazerats mit einem L\u00f6ffel Honig zum S\u00fc\u00dfen kombiniert.<\/p>\n<p>Die Don Cristo Blond E-Liquids entfalten einen kubanischen Tabakgeschmack, der allen ihren Produkten gemein ist. Hier hingegen haben die Aromatiker von PG VG Labs ein Mazerat aus <strong>t\u00fcrkischem Tabak<\/strong> hinzugef\u00fcgt. Dadurch entsteht eine \u00fcberraschende aromatische Kraft. Zu diesem Tabakmazerat hat Don Cristo eine k\u00f6stliche <strong>Honignote<\/strong> hinzugef\u00fcgt, die eine sanfte und s\u00fc\u00dfe Note mit sich bringt.<\/p>\n<\/p>\n<p>PG\/VG-Verh\u00e4ltnis: 30\/70.<\/p>\n<p>Hergestellt in Kanada.<\/p>\n<p>Entdecken Sie weitere Produkte der Marke <a href=\"..\/..\/marque\/pg-vg-labs\/\" target=\"_blank\" rel=\"noopener\">PG VG Labs!<\/a><\/p>\n<p>Erhalten Sie Rabatte oder die neuesten Informationen zu unseren Produkten, indem Sie uns in unseren sozialen Netzwerken folgen: <a href=\"https:\/\/www.facebook.com\/VapeAigleCH\" target=\"_blank\" rel=\"noopener\">Facebook<\/a> oder <a href=\"https:\/\/www.instagram.com\/vapotheque_aigle\/\" target=\"_blank\" rel=\"noopener\">Instagram<\/a>.<\/p>\n","protected":false},"excerpt":{"rendered":"<p>Don Cristo enth\u00fcllt hier wieder einen gro\u00dfen Erfolg mit dem Blonden! Don Cristo Blond mit 0% Sucralose von PGVG Labs ist ein komplexes und kraftvolles e-Liquid, das die Kraft eines orientalischen Mazerats mit einem L\u00f6ffel Honig zum S\u00fc\u00dfen kombiniert. Die Don Cristo Blond E-Liquids entfalten einen kubanischen Tabakgeschmack, der allen ihren Produkten gemein ist. Hier [&hellip;]<\/p>\n","protected":false},"featured_media":47740,"template":"","meta":{"_acf_changed":false},"product_cat":[405,442,408,403,1685,1679],"product_tag":[],"class_list":{"0":"post-26291","1":"product","2":"type-product","3":"status-publish","4":"has-post-thumbnail","6":"product_brand-don-cristo-de","7":"product_brand-pg-vg-labs-de","8":"product_cat-e-liquids","9":"product_cat-hervorgehobene-produkte","10":"product_cat-lieferbar-innerhalb-von-24-stunden-de","11":"product_cat-tabak","12":"product_cat-50-ml-fur-60-ml","13":"product_cat-menge-e-flussigkeit-kapazitat-flasche","15":"first","16":"instock","17":"taxable","18":"shipping-taxable","19":"purchasable","20":"product-type-simple"},"acf":[],"jetpack_sharing_enabled":true,"_links":{"self":[{"href":"https:\/\/vapotheque.ch\/de\/wp-json\/wp\/v2\/product\/26291","targetHints":{"allow":["GET"]}}],"collection":[{"href":"https:\/\/vapotheque.ch\/de\/wp-json\/wp\/v2\/product"}],"about":[{"href":"https:\/\/vapotheque.ch\/de\/wp-json\/wp\/v2\/types\/product"}],"wp:featuredmedia":[{"embeddable":true,"href":"https:\/\/vapotheque.ch\/de\/wp-json\/wp\/v2\/media\/47740"}],"wp:attachment":[{"href":"https:\/\/vapotheque.ch\/de\/wp-json\/wp\/v2\/media?parent=26291"}],"wp:term":[{"taxonomy":"product_cat","embeddable":true,"href":"https:\/\/vapotheque.ch\/de\/wp-json\/wp\/v2\/product_cat?post=26291"},{"taxonomy":"product_tag","embeddable":true,"href":"https:\/\/vapotheque.ch\/de\/wp-json\/wp\/v2\/product_tag?post=26291"}],"curies":[{"name":"wp","href":"https:\/\/api.w.org\/{rel}","templated":true}]}}