{"id":25592,"date":"2023-09-01T17:00:54","date_gmt":"2023-09-01T15:00:54","guid":{"rendered":"https:\/\/vapotheque.ch\/boutique\/petit-nuage-coup-de-coeur-e-liquid\/"},"modified":"2024-12-04T09:55:36","modified_gmt":"2024-12-04T08:55:36","slug":"petit-nuage-coup-de-coeur-e-liquide","status":"publish","type":"product","link":"https:\/\/vapotheque.ch\/de\/shop\/petit-nuage-coup-de-coeur-e-liquide\/","title":{"rendered":"Petit Nuage &#8211; Coup de Coeur E-Liquid"},"content":{"rendered":"<h2>Petit Nuage Coup de Coeur E-Liquide: Warten Sie nicht l\u00e4nger, bevor Sie sich in seinen Charme verlieben!<\/h2>\n<p>Der <strong>Petit Nuage Coup de Coeur E-Liquid<\/strong> ist eine wahre Hommage an alle Liebhaber von <strong>roten Fr\u00fcchten<\/strong>, die es gerne frisch m\u00f6gen. Auch wenn Ihr Herz hin und her schwankt, m\u00fcssen Sie einfach schwach werden.<\/p>\n<p>Genie\u00dfen Sie hier berauschende Atemz\u00fcge voller sylvestrischer Aromen mit Noten von <strong>Walderdbeeren<\/strong>, <strong>schwarzen Johannisbeeren<\/strong>, <strong>Brombeeren<\/strong> und <strong>Himbeeren<\/strong>&#8230; ein <strong>frischer<\/strong> Wind wird jeden Caudalie begleiten.<\/p>\n<p>Die franz\u00f6sischen Designer Petit Nuage kommen, um uns mit sehr gut ausgearbeiteten Aromen in ebenso pr\u00e4zisen wie k\u00f6stlichen Rezepten zu verw\u00f6hnen!<\/p>\n<p>&nbsp;<\/p>\n<h3>Hilfe, um Ihre Kleine Wolke zu boosten &#8211; Coup de Coeur E-Liquide<\/h3>\n<p>In der Packung des Coup de Coeur finden Sie eine <strong>volle<\/strong> <strong>60-ml-Flasche<\/strong> und eine leere 30-ml-Flasche, um Ihnen beim Nachf\u00fcllen von Nikotin mit den Nikotinkapseln zu helfen. <a href=\"https:\/\/vapotheque.ch\/categorie\/diy\/boosters-diy\/\"><strong>Nikotinbooster<\/strong><\/a> die Sie ausgew\u00e4hlt haben. Auf diese Weise k\u00f6nnen Sie Ihre kleine Mischung nur in der 30 ml Messflasche herstellen und den Rest der 60 ml Flasche f\u00fcr den sp\u00e4teren Gebrauch aufbewahren. Um Ihnen bei der Wahl der Anzahl der Nikotinzus\u00e4tze zu helfen <a href=\"https:\/\/vapotheque.ch\/categorie\/diy\/boosters-diy\/\"><strong>Nikotinbooster<\/strong><\/a> unten finden Sie einige Beispiele:<\/p>\n<ul>\n<li>F\u00fcr 3 mg \/ ml Nikotin m\u00fcssen Sie 1x bestellen. <a href=\"https:\/\/vapotheque.ch\/categorie\/diy\/boosters-diy\/\"><strong>Nikotinbooster<\/strong><\/a>. Sie f\u00fcllen Ihren Booster in die mitgelieferte 30 ml Mix-Flasche bis zur angegebenen Graduierung und f\u00fcllen diese Flasche mit der 60 ml Flasche Coup de Coeur auf. Sie haben noch die H\u00e4lfte des Boosters und die Fl\u00fcssigkeit in der 60 ml Flasche, die Sie verwenden k\u00f6nnen, wenn die Mix-Flasche leer ist.  <\/li>\n<li>F\u00fcr 6 mg \/ ml Nikotin m\u00fcssen Sie 1x bestellen. <a href=\"https:\/\/vapotheque.ch\/categorie\/diy\/boosters-diy\/\"><strong>Nikotinbooster<\/strong><\/a>. Sie f\u00fcllen Ihren Booster in die mitgelieferte 30 ml Mix-Flasche bis zur angegebenen Graduierung und f\u00fcllen dann die gleiche Flasche mit der 60 ml Flasche Coup de Coeur auf. Sie haben Ihren Booster aufgebraucht, aber Sie haben noch etwas Fl\u00fcssigkeit in der 60 ml Flasche, die Sie verwenden k\u00f6nnen, wenn die Mix-Flasche leer ist.  <\/li>\n<li>F\u00fcr 9 mg \/ ml m\u00fcssen Sie 2x bestellen. <a href=\"https:\/\/vapotheque.ch\/categorie\/diy\/boosters-diy\/\"><strong>Nikotinbooster<\/strong><\/a>. Sie f\u00fcllen Ihren Booster in die mitgelieferte 30 ml Mix-Flasche bis zur angegebenen Graduierung und f\u00fcllen dann die gleiche Flasche mit der 60 ml Flasche Coup de Coeur auf. Sie haben noch die H\u00e4lfte des Boosters und die Fl\u00fcssigkeit in der 60 ml Flasche, die Sie verwenden k\u00f6nnen, wenn die Mix-Flasche leer ist.  <\/li>\n<\/ul>\n<p><img data-recalc-dims=\"1\" decoding=\"async\" class=\"size-full wp-image-34855\" src=\"https:\/\/i0.wp.com\/vapotheque.ch\/wp-content\/uploads\/2024\/04\/Fiole-Petit-Nuage.webp?resize=500%2C488&#038;ssl=1\" alt=\"Das zweisprachige Etikett des Liquids Petit Nuage - Fullmoon Party enth\u00e4lt Anweisungen zur Nikotinmischung und eine Ma\u00dftabelle in mg\/ml bis 30 ml, die in Englisch und Franz\u00f6sisch bereitgestellt wird.\" width=\"500\" height=\"488\"><\/p>\n<p>&nbsp;<\/p>\n<p>PG\/VG-Verh\u00e4ltnis: <strong>50\/50<\/strong>.<\/p>\n<p>Hergestellt in Frankreich.<\/p>\n<p>Erh\u00e4ltlich in einer Flasche mit <strong>60 ml<\/strong> Inhalt. Eine zus\u00e4tzliche leere Flasche von <strong>30 ml<\/strong> wird mit dem E-Liquid Coup de Coeur geliefert. <\/p>\n<p>Entdecken Sie weitere Produkte der Marke <a href=\"\/marque\/petit-nuage\/\" target=\"_blank\" rel=\"noopener\">Petit Nuage<\/a>.<\/p>\n<p>Erhalten Sie Rabatte oder die neuesten Informationen \u00fcber unsere Produkte, indem Sie uns auf unseren sozialen Netzwerken folgen: <a href=\"https:\/\/www.facebook.com\/VapeAigleCH\" target=\"_blank\" rel=\"noopener\">Facebook<\/a> oder <a href=\"https:\/\/www.instagram.com\/vapotheque\" target=\"_blank\" rel=\"noopener\">Instagram<\/a>.<\/p>\n","protected":false},"excerpt":{"rendered":"<p><strong>Wie Sie die Booster richtig zu Ihrem Produkt hinzuf\u00fcgen, erfahren Sie in der nachfolgenden Beschreibung.<\/strong><\/p>\n","protected":false},"featured_media":25570,"template":"","meta":{"_acf_changed":false},"product_cat":[405,404,442,408,1692,1679],"product_tag":[],"class_list":{"0":"post-25592","1":"product","2":"type-product","3":"status-publish","4":"has-post-thumbnail","6":"product_brand-petit-nuage-de","7":"product_cat-e-liquids","8":"product_cat-fruchtig","9":"product_cat-hervorgehobene-produkte","10":"product_cat-lieferbar-innerhalb-von-24-stunden-de","11":"product_cat-60-ml-30-ml-fur-mix","12":"product_cat-menge-e-flussigkeit-kapazitat-flasche","14":"first","15":"instock","16":"taxable","17":"shipping-taxable","18":"purchasable","19":"product-type-simple"},"acf":[],"jetpack_sharing_enabled":true,"_links":{"self":[{"href":"https:\/\/vapotheque.ch\/de\/wp-json\/wp\/v2\/product\/25592","targetHints":{"allow":["GET"]}}],"collection":[{"href":"https:\/\/vapotheque.ch\/de\/wp-json\/wp\/v2\/product"}],"about":[{"href":"https:\/\/vapotheque.ch\/de\/wp-json\/wp\/v2\/types\/product"}],"wp:featuredmedia":[{"embeddable":true,"href":"https:\/\/vapotheque.ch\/de\/wp-json\/wp\/v2\/media\/25570"}],"wp:attachment":[{"href":"https:\/\/vapotheque.ch\/de\/wp-json\/wp\/v2\/media?parent=25592"}],"wp:term":[{"taxonomy":"product_cat","embeddable":true,"href":"https:\/\/vapotheque.ch\/de\/wp-json\/wp\/v2\/product_cat?post=25592"},{"taxonomy":"product_tag","embeddable":true,"href":"https:\/\/vapotheque.ch\/de\/wp-json\/wp\/v2\/product_tag?post=25592"}],"curies":[{"name":"wp","href":"https:\/\/api.w.org\/{rel}","templated":true}]}}