{"id":24400,"date":"2023-07-20T16:27:56","date_gmt":"2023-07-20T14:27:56","guid":{"rendered":"https:\/\/vapotheque.ch\/boutique\/make-it-koolada-zusatz-10-ml\/"},"modified":"2024-09-30T10:47:49","modified_gmt":"2024-09-30T08:47:49","slug":"make-it-additif-koolada-10-ml","status":"publish","type":"product","link":"https:\/\/vapotheque.ch\/de\/shop\/make-it-additif-koolada-10-ml\/","title":{"rendered":"Make It &#8211; Koolada-Zusatz 10 ML"},"content":{"rendered":"<h2>Koolada Make it Additiv, der Frischekick von Savourea!<\/h2>\n<p>  Savourea Make It Koolada 10 ML verleiht Ihren E-Liquids oder DIY-Kreationen ein sehr intensives Eisgef\u00fchl. Der Geschmack ist im Vergleich zu einem herk\u00f6mmlichen Mentholzusatz neutral. Dieser Koolada-Zusatz ist ideal f\u00fcr fruchtige oder getr\u00e4nke\u00e4hnliche Rezepte und sorgt bei jedem Zug f\u00fcr ein frisches Gef\u00fchl! Make It Additive Koolada 10 ML wird in Frankreich von Savourea hergestellt.  &nbsp;<\/p>\n<h3>Dosierung<\/h3>\n<p>  Dieses Produkt ist ein Zusatzstoff. Konsumieren Sie es niemals pur! Der Zusatzstoff Make It Koolada ist ein Bestandteil von E-Liquids. Er muss unbedingt mit einer PG\/VG-Basis oder einer Fl\u00fcssigkeit Ihrer Wahl verd\u00fcnnt werden. Savourea empfiehlt, 4 bis 6 Tropfen Koolada-Zusatz pro 10 ml zu geben. Wenn Sie z. B. 50 ml DIY-E-Liquid herstellen, f\u00fcgen Sie 20 bis 30 Tropfen des Zusatzstoffs vor oder nach dem Mischen von Basis und Aroma hinzu. Denken Sie daran, die Mischung gut zu sch\u00fctteln, um eine gleichm\u00e4\u00dfige Verd\u00fcnnung des Additivs mit der Basis zu erreichen. &nbsp; <a href=\"https:\/\/vapotheque.ch\/categorie\/diy?orderby=date\" target=\"_blank\" rel=\"noopener\">Hier<\/a> finden Sie unsere anderen DIY-Produkte. Erhalten Sie Rabatte oder die neuesten Informationen \u00fcber unsere Produkte, indem Sie uns auf unseren sozialen Netzwerken folgen: <a href=\"https:\/\/www.facebook.com\/VapeAigleCH\" target=\"_blank\" rel=\"noopener\">Facebook<\/a> oder <a href=\"https:\/\/www.instagram.com\/vapotheque\" target=\"_blank\" rel=\"noopener\">Instagram<\/a>.<\/p>\n","protected":false},"excerpt":{"rendered":"<p>Koolada ist ein Zusatzstoff, der Ihren Zubereitungen eine frische Note verleiht. <strong>Empfohlene Dosierung:<\/strong> 5 bis 10 Tropfen (ohne Bitterkeitsrisiko) f\u00fcr eine 10ml-Flasche und eine 50\/50 DIY-Basis <strong>.<\/strong> <\/p>\n","protected":false},"featured_media":24394,"template":"","meta":{"_acf_changed":false},"product_cat":[443,442,408,497],"product_tag":[],"class_list":{"0":"post-24400","1":"product","2":"type-product","3":"status-publish","4":"has-post-thumbnail","6":"product_brand-savourea-de","7":"product_cat-diy-de","8":"product_cat-hervorgehobene-produkte","9":"product_cat-lieferbar-innerhalb-von-24-stunden-de","10":"product_cat-zusatzstoffe-diy","12":"first","13":"instock","14":"taxable","15":"shipping-taxable","16":"purchasable","17":"product-type-simple"},"acf":[],"jetpack_sharing_enabled":true,"_links":{"self":[{"href":"https:\/\/vapotheque.ch\/de\/wp-json\/wp\/v2\/product\/24400","targetHints":{"allow":["GET"]}}],"collection":[{"href":"https:\/\/vapotheque.ch\/de\/wp-json\/wp\/v2\/product"}],"about":[{"href":"https:\/\/vapotheque.ch\/de\/wp-json\/wp\/v2\/types\/product"}],"wp:featuredmedia":[{"embeddable":true,"href":"https:\/\/vapotheque.ch\/de\/wp-json\/wp\/v2\/media\/24394"}],"wp:attachment":[{"href":"https:\/\/vapotheque.ch\/de\/wp-json\/wp\/v2\/media?parent=24400"}],"wp:term":[{"taxonomy":"product_cat","embeddable":true,"href":"https:\/\/vapotheque.ch\/de\/wp-json\/wp\/v2\/product_cat?post=24400"},{"taxonomy":"product_tag","embeddable":true,"href":"https:\/\/vapotheque.ch\/de\/wp-json\/wp\/v2\/product_tag?post=24400"}],"curies":[{"name":"wp","href":"https:\/\/api.w.org\/{rel}","templated":true}]}}