{"id":24055,"date":"2023-06-27T12:38:48","date_gmt":"2023-06-27T10:38:48","guid":{"rendered":"https:\/\/vapotheque.ch\/boutique\/le-petit-verger-kiwi-mango-frisch-e-liquid\/"},"modified":"2025-12-17T14:25:24","modified_gmt":"2025-12-17T13:25:24","slug":"le-petit-verger-kiwi-mangue-frais-e-liquide","status":"publish","type":"product","link":"https:\/\/vapotheque.ch\/de\/shop\/le-petit-verger-kiwi-mangue-frais-e-liquide\/","title":{"rendered":"Le Petit Verger &#8211; Kiwi Mango Frisch E-Liquid 50 ml \/ 70 ml"},"content":{"rendered":"<h2>Genie\u00dfen Sie den frischen Wind aus dem Sortiment von Le Petit Verger mit dieser Kiwi Mango!<\/h2>\n<p>In diesem E-Liquid Kiwi Mango Frisch aus der Reihe Le Petit Verger finden Sie alle erwarteten Aromen&#8230;<\/p>\n<p>Keine \u00dcberraschungen mit Savourea! Bei den angek\u00fcndigten Fr\u00fcchten handelt es sich um Vape-Fr\u00fcchte, versprochen! <\/p>\n<p>Le Petit Verger ist ein farbenfrohes Sortiment, das von den M\u00e4rkten in der Provinz inspiriert wurde, aber vor allem 100% fruchtig ist! Lassen Sie Ihrer Fantasie freien Lauf und probieren Sie eines der acht Rezepte, die Savourea in seinem neuen Sortiment anbietet, das <strong>ohne Farbstoffe<\/strong> und <strong>ohne Sucralose<\/strong> zertifiziert ist. Sie wurden in diesem Jahr \u00fcberarbeitet, um ihnen eine f\u00fcr den Sommer mehr als willkommene Frische zu verleihen!<\/p>\n<p>Kiwi Mango Frisch vereint die Kraft einer saftigen, s\u00fc\u00dfen Mango mit einer pikanten, s\u00e4uerlichen Kiwi-Spitze. Le Petit Verger bringt ein E-Liquid, das<strong> mit seiner Frische<\/strong> Lust macht, auf der Terrasse zu liegen. Eine explosive Mischung, die die Papillen der Anspruchsvollsten begeistern wird!<\/p>\n<\/p>\n<p>Wichtig: E-Liquid in 50-ml-Geschmacksrichtungen, verkauft in einer 70-ml-Flasche.<\/p>\n<p class=\"class-fabrication\">Hergestellt in Frankreich; PG\/VG-Dosierung: 50% \/ 50%. Passt sich jeder Art von Ausr\u00fcstung an. <\/p>\n<\/p>\n<p>Entdecken Sie die anderen Produkte der Marke <a href=\"..\/..\/marque\/savourea\/\" target=\"_blank\" rel=\"noopener\">Savourea<\/a>.<\/p>\n<p>Erhalten Sie Rabatte oder die neuesten Informationen zu unseren Produkten, indem Sie uns in unseren sozialen Netzwerken folgen: <a href=\"https:\/\/www.facebook.com\/VapeAigleCH\" target=\"_blank\" rel=\"noopener\">Facebook<\/a> oder <a href=\"https:\/\/www.instagram.com\/vapotheque\" target=\"_blank\" rel=\"noopener\">Instagram<\/a>.<\/p>\n","protected":false},"excerpt":{"rendered":"<p>Genie\u00dfen Sie den frischen Wind aus dem Sortiment von Le Petit Verger mit dieser Kiwi Mango! In diesem E-Liquid Kiwi Mango Frisch aus der Reihe Le Petit Verger finden Sie alle erwarteten Aromen&#8230; Keine \u00dcberraschungen mit Savourea! Bei den angek\u00fcndigten Fr\u00fcchten handelt es sich um Vape-Fr\u00fcchte, versprochen! Le Petit Verger ist ein farbenfrohes Sortiment, das [&hellip;]<\/p>\n","protected":false},"featured_media":24000,"template":"","meta":{"_acf_changed":false},"product_cat":[405,404,442,408,1686,1977,1679],"product_tag":[],"class_list":{"0":"post-24055","1":"product","2":"type-product","3":"status-publish","4":"has-post-thumbnail","6":"product_brand-savourea-de","7":"product_cat-e-liquids","8":"product_cat-fruchtig","9":"product_cat-hervorgehobene-produkte","10":"product_cat-lieferbar-innerhalb-von-24-stunden-de","11":"product_cat-50-ml-fur-70-ml","12":"product_cat-lagerraeumung","13":"product_cat-menge-e-flussigkeit-kapazitat-flasche","15":"first","16":"instock","17":"sale","18":"taxable","19":"shipping-taxable","20":"purchasable","21":"product-type-simple"},"acf":[],"jetpack_sharing_enabled":true,"_links":{"self":[{"href":"https:\/\/vapotheque.ch\/de\/wp-json\/wp\/v2\/product\/24055","targetHints":{"allow":["GET"]}}],"collection":[{"href":"https:\/\/vapotheque.ch\/de\/wp-json\/wp\/v2\/product"}],"about":[{"href":"https:\/\/vapotheque.ch\/de\/wp-json\/wp\/v2\/types\/product"}],"wp:featuredmedia":[{"embeddable":true,"href":"https:\/\/vapotheque.ch\/de\/wp-json\/wp\/v2\/media\/24000"}],"wp:attachment":[{"href":"https:\/\/vapotheque.ch\/de\/wp-json\/wp\/v2\/media?parent=24055"}],"wp:term":[{"taxonomy":"product_cat","embeddable":true,"href":"https:\/\/vapotheque.ch\/de\/wp-json\/wp\/v2\/product_cat?post=24055"},{"taxonomy":"product_tag","embeddable":true,"href":"https:\/\/vapotheque.ch\/de\/wp-json\/wp\/v2\/product_tag?post=24055"}],"curies":[{"name":"wp","href":"https:\/\/api.w.org\/{rel}","templated":true}]}}