{"id":24054,"date":"2023-06-27T12:29:45","date_gmt":"2023-06-27T10:29:45","guid":{"rendered":"https:\/\/vapotheque.ch\/boutique\/le-petit-verger-nektarine-frische-drachenfrucht-e-liquid\/"},"modified":"2025-12-17T14:23:31","modified_gmt":"2025-12-17T13:23:31","slug":"le-petit-verger-nectarine-fruit-du-dragon-frisch-e-liquide","status":"publish","type":"product","link":"https:\/\/vapotheque.ch\/de\/shop\/le-petit-verger-nectarine-fruit-du-dragon-frisch-e-liquide\/","title":{"rendered":"Le Petit Verger \u2013 Nektarine Frische Drachenfrucht E-Liquid 50 ml \/ 70 ml"},"content":{"rendered":"<h2>Entdecken Sie den E-Liquid Nektarine Drachenfrucht aus der Reihe Le Petit Verger in seiner frischen Version wieder&#8230;<\/h2>\n<p>In diesem E-Liquid Nektarine Frische Drachenfrucht aus der Reihe Le Petit Verger finden Sie alle erwarteten Aromen&#8230;<\/p>\n<p>Keine \u00dcberraschungen mit Savourea! Bei den angek\u00fcndigten Fr\u00fcchten handelt es sich um Vape-Fr\u00fcchte, versprochen! <\/p>\n<p>Le Petit Verger ist ein farbenfrohes Sortiment, das von den M\u00e4rkten in der Provinz inspiriert wurde, aber vor allem 100% fruchtig ist! Lassen Sie Ihrer Fantasie freien Lauf und probieren Sie eines der acht Rezepte, die Savourea in seinem neuen Sortiment anbietet, das <strong>ohne Farbstoffe<\/strong> und <strong>ohne Sucralose<\/strong> zertifiziert ist. Sie wurden in diesem Jahr \u00fcberarbeitet, um ihnen eine f\u00fcr den Sommer mehr als willkommene Frische zu verleihen!<\/p>\n<p>Nektarine Drachenfrucht ist, wie der Name schon sagt, ein Rezept <b>aus Nektarine <\/b>und Drachenfrucht, f\u00fcr ein exotisches Liquid, das<strong> mit seiner Frische<\/strong> zart und delikat ist. Eine unerwartete Kombination, die neugierig macht, aber auch die Geschmacksnerven der anspruchsvollsten Dampfer erfreut.<\/p>\n<\/p>\n<p>Wichtig: E-Liquid in 50-ml-Geschmacksrichtungen, verkauft in einer 70-ml-Flasche.<\/p>\n<p class=\"class-fabrication\">Hergestellt in Frankreich; PG\/VG-Dosierung: 50% \/ 50%. Passt sich jeder Art von Ausr\u00fcstung an. <\/p>\n<\/p>\n<p>Entdecken Sie die anderen Produkte der Marke <a href=\"..\/..\/marque\/savourea\/\" target=\"_blank\" rel=\"noopener\">Savourea<\/a>.<\/p>\n<p>Erhalten Sie Rabatte oder die neuesten Informationen zu unseren Produkten, indem Sie uns in unseren sozialen Netzwerken folgen: <a href=\"https:\/\/www.facebook.com\/VapeAigleCH\" target=\"_blank\" rel=\"noopener\">Facebook<\/a> oder <a href=\"https:\/\/www.instagram.com\/vapotheque\" target=\"_blank\" rel=\"noopener\">Instagram<\/a>.<\/p>\n","protected":false},"excerpt":{"rendered":"<p>Entdecken Sie den E-Liquid Nektarine Drachenfrucht aus der Reihe Le Petit Verger in seiner frischen Version wieder&#8230; In diesem E-Liquid Nektarine Frische Drachenfrucht aus der Reihe Le Petit Verger finden Sie alle erwarteten Aromen&#8230; Keine \u00dcberraschungen mit Savourea! Bei den angek\u00fcndigten Fr\u00fcchten handelt es sich um Vape-Fr\u00fcchte, versprochen! Le Petit Verger ist ein farbenfrohes Sortiment, [&hellip;]<\/p>\n","protected":false},"featured_media":23997,"template":"","meta":{"_acf_changed":false},"product_cat":[405,404,442,408,1686,1977,1679],"product_tag":[],"class_list":{"0":"post-24054","1":"product","2":"type-product","3":"status-publish","4":"has-post-thumbnail","6":"product_brand-savourea-de","7":"product_cat-e-liquids","8":"product_cat-fruchtig","9":"product_cat-hervorgehobene-produkte","10":"product_cat-lieferbar-innerhalb-von-24-stunden-de","11":"product_cat-50-ml-fur-70-ml","12":"product_cat-lagerraeumung","13":"product_cat-menge-e-flussigkeit-kapazitat-flasche","15":"first","16":"instock","17":"sale","18":"taxable","19":"shipping-taxable","20":"purchasable","21":"product-type-simple"},"acf":[],"jetpack_sharing_enabled":true,"_links":{"self":[{"href":"https:\/\/vapotheque.ch\/de\/wp-json\/wp\/v2\/product\/24054","targetHints":{"allow":["GET"]}}],"collection":[{"href":"https:\/\/vapotheque.ch\/de\/wp-json\/wp\/v2\/product"}],"about":[{"href":"https:\/\/vapotheque.ch\/de\/wp-json\/wp\/v2\/types\/product"}],"wp:featuredmedia":[{"embeddable":true,"href":"https:\/\/vapotheque.ch\/de\/wp-json\/wp\/v2\/media\/23997"}],"wp:attachment":[{"href":"https:\/\/vapotheque.ch\/de\/wp-json\/wp\/v2\/media?parent=24054"}],"wp:term":[{"taxonomy":"product_cat","embeddable":true,"href":"https:\/\/vapotheque.ch\/de\/wp-json\/wp\/v2\/product_cat?post=24054"},{"taxonomy":"product_tag","embeddable":true,"href":"https:\/\/vapotheque.ch\/de\/wp-json\/wp\/v2\/product_tag?post=24054"}],"curies":[{"name":"wp","href":"https:\/\/api.w.org\/{rel}","templated":true}]}}