{"id":23978,"date":"2023-06-22T12:38:49","date_gmt":"2023-06-22T10:38:49","guid":{"rendered":"https:\/\/vapotheque.ch\/boutique\/protect-pitaya-himbeere-e-liquid\/"},"modified":"2024-10-04T13:20:53","modified_gmt":"2024-10-04T11:20:53","slug":"protect-pitaya-himbeere-e-flussig","status":"publish","type":"product","link":"https:\/\/vapotheque.ch\/de\/shop\/protect-pitaya-himbeere-e-flussig\/","title":{"rendered":"Protect &#8211; Pitaya Himbeere E-Liquid"},"content":{"rendered":"<h2>Ein fruchtig-frischer Wind kommt mit dem E-Liquid Protect Pitaya Himbeere!<\/h2>\n<p>Protect und sein E-Liquid Pitaya Himbeere verw\u00f6hnen uns mit einem Nektar aus<strong> Drachenfrucht<\/strong> und <strong>Himbeere<\/strong>. Eine Mischung aus fruchtigen, s\u00fc\u00dfen Aromen mit einem Hauch von S\u00e4ure, die uns auf eine Reise mitnimmt. Die frische Note wird alle Dampfer begeistern, damit sie dieses E-Liquid in den hei\u00dfesten Zeiten des Jahres optimal genie\u00dfen k\u00f6nnen!<\/p>\n<p>&nbsp;<\/p>\n<p><em><strong>Beteiligt sich an der Finanzierung und Wartung von Bienenst\u00f6cken in Okzitanien.<\/strong><\/em><\/p>\n<p>&nbsp;<\/p>\n<p>Hergestellt in Frankreich.<\/p>\n<p>PG\/VG Anteil: <strong>40\/60<\/strong><\/p>\n<p>Sehen Sie sich alle Produkte der Marke <a href=\"https:\/\/vapotheque.ch\/de\/marque\/protect-de\/\" target=\"_blank\" rel=\"noopener\">Protect<\/a> an.<\/p>\n<p>Erhalten Sie Rabatte oder die neuesten Informationen \u00fcber unsere Produkte, indem Sie uns auf unseren sozialen Netzwerken folgen: <a href=\"https:\/\/www.facebook.com\/VapeAigleCH\" target=\"_blank\" rel=\"noopener\">Facebook<\/a> oder <a href=\"https:\/\/www.instagram.com\/vapotheque\" target=\"_blank\" rel=\"noopener\">Instagram<\/a>.<\/p>\n","protected":false},"excerpt":{"rendered":"<p>Ein fruchtig-frischer Wind kommt mit dem E-Liquid Protect Pitaya Himbeere! Protect und sein E-Liquid Pitaya Himbeere verw\u00f6hnen uns mit einem Nektar aus Drachenfrucht und Himbeere. Eine Mischung aus fruchtigen, s\u00fc\u00dfen Aromen mit einem Hauch von S\u00e4ure, die uns auf eine Reise mitnimmt. Die frische Note wird alle Dampfer begeistern, damit sie dieses E-Liquid in den [&hellip;]<\/p>\n","protected":false},"featured_media":47700,"template":"","meta":{"_acf_changed":false},"product_cat":[405,404,442,408,1686,1679],"product_tag":[],"class_list":{"0":"post-23978","1":"product","2":"type-product","3":"status-publish","4":"has-post-thumbnail","6":"product_brand-protect-de","7":"product_cat-e-liquids","8":"product_cat-fruchtig","9":"product_cat-hervorgehobene-produkte","10":"product_cat-lieferbar-innerhalb-von-24-stunden-de","11":"product_cat-50-ml-fur-70-ml","12":"product_cat-menge-e-flussigkeit-kapazitat-flasche","14":"first","15":"instock","16":"taxable","17":"shipping-taxable","18":"purchasable","19":"product-type-simple"},"acf":[],"jetpack_sharing_enabled":true,"_links":{"self":[{"href":"https:\/\/vapotheque.ch\/de\/wp-json\/wp\/v2\/product\/23978","targetHints":{"allow":["GET"]}}],"collection":[{"href":"https:\/\/vapotheque.ch\/de\/wp-json\/wp\/v2\/product"}],"about":[{"href":"https:\/\/vapotheque.ch\/de\/wp-json\/wp\/v2\/types\/product"}],"wp:featuredmedia":[{"embeddable":true,"href":"https:\/\/vapotheque.ch\/de\/wp-json\/wp\/v2\/media\/47700"}],"wp:attachment":[{"href":"https:\/\/vapotheque.ch\/de\/wp-json\/wp\/v2\/media?parent=23978"}],"wp:term":[{"taxonomy":"product_cat","embeddable":true,"href":"https:\/\/vapotheque.ch\/de\/wp-json\/wp\/v2\/product_cat?post=23978"},{"taxonomy":"product_tag","embeddable":true,"href":"https:\/\/vapotheque.ch\/de\/wp-json\/wp\/v2\/product_tag?post=23978"}],"curies":[{"name":"wp","href":"https:\/\/api.w.org\/{rel}","templated":true}]}}