{"id":23976,"date":"2023-06-22T12:05:42","date_gmt":"2023-06-22T10:05:42","guid":{"rendered":"https:\/\/vapotheque.ch\/boutique\/aspire-minican-widerstaende\/"},"modified":"2025-11-07T18:29:09","modified_gmt":"2025-11-07T17:29:09","slug":"aspire-minican-widerstande","status":"publish","type":"product","link":"https:\/\/vapotheque.ch\/de\/shop\/aspire-minican-widerstande\/","title":{"rendered":"Aspire &#8211; Minican Coils &#8211; Packung x5"},"content":{"rendered":"<h2>Aspire Minican Coils &#8211; Packung x5<\/h2>\n<p>Die <strong>Aspire Resistors Minican &#8211; Pack x5<\/strong> sind aus<strong> Mesh<\/strong> gefertigt und bieten dank einer reaktiven und homogenen Erw\u00e4rmung eine hervorragende aromatische Wiedergabe.<\/p>\n<p>Diese leistungsstarken Widerst\u00e4nde werden <strong>im F\u00fcnferpack verkauft<\/strong> und haben eine sehr lange Lebensdauer, sodass Sie Ihre E-Liquids in vollen Z\u00fcgen genie\u00dfen k\u00f6nnen.<\/p>\n<h3>Auf welcher Maschine werden diese Widerst\u00e4nde verwendet?<\/h3>\n<p>Die <strong>Aspire Widerst\u00e4nde Minican &#8211; Pack x5<\/strong> sind kompatibel mit <strong>Minican Tonabnehmern<\/strong>. Diese Patronen sind mit allen Pods der Minican-Reihe von Aspire kompatibel.<\/p>\n<h3>Die verschiedenen Modelle der Aspire Minican Widerst\u00e4nde<\/h3>\n<p>Bisher ist nur ein Modell des Minican-Widerstands verf\u00fcgbar :<\/p>\n<p>&#8211; <strong>Minican 0.8 Ohm Mesh-Widerst\u00e4nde<\/strong>: MTL nicht zu eng &#8211; zu verwenden zwischen 13 und 15 Watt &#8211; Verh\u00e4ltnis 70PG\/30VG zu 50PG\/50VG &#8211; kompatibel mit Nikotinsalzen und hohen Nikotinwerten.<\/p>\n<p>Entdecken Sie alle anderen Produkte der Marke <strong><a href=\"..\/..\/product_brand\/aspire\/\" target=\"_blank\" rel=\"noopener\">Aspire<\/a><\/strong>.<\/p>\n<p>Erhalten Sie Rabatte oder die neuesten Informationen zu unseren anderen Produkten, die im Gesch\u00e4ft erh\u00e4ltlich sind, indem Sie uns in unseren sozialen Netzwerken folgen: <strong><a href=\"https:\/\/www.facebook.com\/VapeAigleCH\" target=\"_blank\" rel=\"noopener\">Facebook<\/a><\/strong> oder <strong><a href=\"https:\/\/www.instagram.com\/vapotheque\" target=\"_blank\" rel=\"noopener\">Instagram<\/a><\/strong>.<\/p>\n","protected":false},"excerpt":{"rendered":"<p>Minican-Widerst\u00e4nde von <strong>Aspire<\/strong>, die mit <strong>Minican-Kartuschen<\/strong> kompatibel sind, passend f\u00fcr alle Pods der Minican-Reihe (Minican, Minican +, Minican 2, Minican 3 und Minican 3 Pro).<\/p>\n","protected":false},"featured_media":23939,"template":"","meta":{"_acf_changed":false},"product_cat":[442,408,453,399,469],"product_tag":[],"class_list":{"0":"post-23976","1":"product","2":"type-product","3":"status-publish","4":"has-post-thumbnail","6":"product_brand-aspire-de","7":"product_cat-hervorgehobene-produkte","8":"product_cat-lieferbar-innerhalb-von-24-stunden-de","9":"product_cat-pods-de","10":"product_cat-vorgefertigte-widerstande","11":"product_cat-zubehor-pods","13":"first","14":"instock","15":"taxable","16":"shipping-taxable","17":"purchasable","18":"product-type-simple"},"acf":[],"jetpack_sharing_enabled":true,"_links":{"self":[{"href":"https:\/\/vapotheque.ch\/de\/wp-json\/wp\/v2\/product\/23976","targetHints":{"allow":["GET"]}}],"collection":[{"href":"https:\/\/vapotheque.ch\/de\/wp-json\/wp\/v2\/product"}],"about":[{"href":"https:\/\/vapotheque.ch\/de\/wp-json\/wp\/v2\/types\/product"}],"wp:featuredmedia":[{"embeddable":true,"href":"https:\/\/vapotheque.ch\/de\/wp-json\/wp\/v2\/media\/23939"}],"wp:attachment":[{"href":"https:\/\/vapotheque.ch\/de\/wp-json\/wp\/v2\/media?parent=23976"}],"wp:term":[{"taxonomy":"product_cat","embeddable":true,"href":"https:\/\/vapotheque.ch\/de\/wp-json\/wp\/v2\/product_cat?post=23976"},{"taxonomy":"product_tag","embeddable":true,"href":"https:\/\/vapotheque.ch\/de\/wp-json\/wp\/v2\/product_tag?post=23976"}],"curies":[{"name":"wp","href":"https:\/\/api.w.org\/{rel}","templated":true}]}}