{"id":23584,"date":"2023-05-23T18:09:17","date_gmt":"2023-05-23T16:09:17","guid":{"rendered":"https:\/\/vapotheque.ch\/boutique\/neugierig-nothing-toulouse-e-liquide\/"},"modified":"2025-11-07T18:31:20","modified_gmt":"2025-11-07T17:31:20","slug":"neugierig-nothing-toulouse-e-liquid","status":"publish","type":"product","link":"https:\/\/vapotheque.ch\/de\/shop\/neugierig-nothing-toulouse-e-liquid\/","title":{"rendered":"Curious &#8211; Nothing Toulouse 50 ml \/ 70 ml E-Liquid"},"content":{"rendered":"<h2>Mit dieser gewagten Mischung beweist uns Curieux, dass sie Nothing Toulouse haben!<\/h2>\n<p>Nothing Toulouse: ein k\u00f6stliches Veilchen, das an das traditionelle Konfekt aus Toulouse erinnert und mit einer sch\u00f6nen Handvoll roter, s\u00fc\u00dfer und s\u00e4uerlicher Fr\u00fcchte verfeinert ist.<\/p>\n<p>Das von Curieux aus pflanzlichen Rohstoffen hergestellte E-Liquid Un Matin \u00c0 Paris besteht zu 40% aus Vegetol und zu 60% aus pflanzlichem Glyzerin. Dieses Produkt sorgt f\u00fcr einen dichten, weichen Dampf im Mund.<\/p>\n<p class=\"class-fabrication\">Da diese Fl\u00fcssigkeit au\u00dferdem alkoholfrei, frei von Propylenglykol und nicht allergen ist, ist sie ideal f\u00fcr Menschen mit einer PG-Allergie oder Alkoholintoleranz.<\/p>\n<p class=\"class-fabrication\"><strong>Wichtig:<\/strong> E-Liquid in Aromen 50 ml, verkauft in einer 70 ml Flasche.<\/p>\n<p>Hergestellt in Frankreich; VPG \/ VG-Rate: 40\/60.<\/p>\n<p>Entdecken Sie alle Produkte der <strong>Marke <a href=\"..\/..\/product_brand\/curieux\/\" target=\"_blank\" rel=\"noopener\">Curieux<\/a>.<\/strong><\/p>\n<p>Erhalten Sie Rabatte oder die neuesten Informationen \u00fcber unsere Produkte, indem Sie uns in unseren sozialen Netzwerken folgen: <strong><a href=\"https:\/\/www.facebook.com\/VapeAigleCH\" target=\"_blank\" rel=\"noopener\">Facebook<\/a> <\/strong>oder <strong><a href=\"https:\/\/www.instagram.com\/vapotheque\" target=\"_blank\" rel=\"noopener\">Instagram<\/a>.<\/strong><\/p>\n","protected":false},"excerpt":{"rendered":"<p>Ein Ausflug in die rosafarbene Stadt? Entdecken Sie die E-Liquids <strong>Nothing Toulouse<\/strong> mit einem Geschmack von violetten Bonbons, der von frischen und s\u00e4uerlichen Noten roter Fr\u00fcchte unterstrichen wird.<\/p>\n","protected":false},"featured_media":47713,"template":"","meta":{"_acf_changed":false},"product_cat":[405,404,442,408,1685,1679],"product_tag":[],"class_list":{"0":"post-23584","1":"product","2":"type-product","3":"status-publish","4":"has-post-thumbnail","6":"product_brand-curieux-de","7":"product_cat-e-liquids","8":"product_cat-fruchtig","9":"product_cat-hervorgehobene-produkte","10":"product_cat-lieferbar-innerhalb-von-24-stunden-de","11":"product_cat-50-ml-fur-60-ml","12":"product_cat-menge-e-flussigkeit-kapazitat-flasche","14":"first","15":"instock","16":"taxable","17":"shipping-taxable","18":"purchasable","19":"product-type-simple"},"acf":[],"jetpack_sharing_enabled":true,"_links":{"self":[{"href":"https:\/\/vapotheque.ch\/de\/wp-json\/wp\/v2\/product\/23584","targetHints":{"allow":["GET"]}}],"collection":[{"href":"https:\/\/vapotheque.ch\/de\/wp-json\/wp\/v2\/product"}],"about":[{"href":"https:\/\/vapotheque.ch\/de\/wp-json\/wp\/v2\/types\/product"}],"wp:featuredmedia":[{"embeddable":true,"href":"https:\/\/vapotheque.ch\/de\/wp-json\/wp\/v2\/media\/47713"}],"wp:attachment":[{"href":"https:\/\/vapotheque.ch\/de\/wp-json\/wp\/v2\/media?parent=23584"}],"wp:term":[{"taxonomy":"product_cat","embeddable":true,"href":"https:\/\/vapotheque.ch\/de\/wp-json\/wp\/v2\/product_cat?post=23584"},{"taxonomy":"product_tag","embeddable":true,"href":"https:\/\/vapotheque.ch\/de\/wp-json\/wp\/v2\/product_tag?post=23584"}],"curies":[{"name":"wp","href":"https:\/\/api.w.org\/{rel}","templated":true}]}}