{"id":23425,"date":"2023-05-05T15:47:06","date_gmt":"2023-05-05T13:47:06","guid":{"rendered":"https:\/\/vapotheque.ch\/boutique\/vape-cellar-aberdeen\/"},"modified":"2026-02-06T16:10:41","modified_gmt":"2026-02-06T15:10:41","slug":"vape-cellar-aberdeen","status":"publish","type":"product","link":"https:\/\/vapotheque.ch\/de\/shop\/vape-cellar-aberdeen\/","title":{"rendered":"Vape Cellar &#8211; Aberdeen 50 ml \/ 60 ml"},"content":{"rendered":"<h2>Pfeifentabakliebhaber, der Aberdeen von Vape Cellar ist genau das Richtige f\u00fcr Sie!<\/h2>\n<p>Vape Cellar pr\u00e4sentiert uns seine Tabakreihe L&#8217;Absolv wie edle Tropfen. Der Aberdeen: Er hat eine klare, ziegelrote Farbe und ein aromatisches, liebliches Bukett mit balsamischen Vanillenoten und Aromen von kompottartigen Fr\u00fcchten.<\/p>\n<p>Am Gaumen ist er zart und samtig, die Aromen sind geschmolzen und der fruchtige Abgang zieht sich \u00fcber mehrere Caudalies hin.<\/p>\n<p>Eine ausgewogene aromatische Mischung, die vor allem die Raucher von &#8220;Pfeifentabak&#8221; begeistern wird.<\/p>\n<p><b>(Reifung im Tank: 6 Wochen vor der Abf\u00fcllung in Flaschen)<\/b><\/p>\n<p>&nbsp;<\/p>\n<h3>Je nach Nikotinst\u00e4rke sind drei Formate erh\u00e4ltlich:<\/h3>\n<p><strong>0 MG Nikotin,<\/strong> Flasche Chubby Gorilla 50 ML<\/p>\n<p>Oder<\/p>\n<p><strong>0 MG \/ 3 MG \/ 6 MG \/ 11 MG\/16 MG Nikotin,<\/strong> Tripack (3 x 10 ML), das drei Fl\u00e4schchen mit einem Nikotingehalt von 0 MG, 3 MG, 6 MG, 11 MG oder 16 MG enth\u00e4lt.<\/p>\n<p><strong>Hier erh\u00e4ltlich:<\/strong> https: <a href=\"https:\/\/vapotheque.ch\/boutique\/vape-cellar-aberdeen-tripack\/\">\/\/vapotheque.ch\/boutique\/vape-cellar-aberdeen-tripack\/<\/a><\/p>\n<p><strong>Zutaten<\/strong><br \/>\n&#8211; Propylenglykol (&lt;60%) Europ\u00e4ische Produktion ISO 9001 &#8211; ECOCERT 26000, aus pflanzlichem Glyzerin aus Raps- und Sonnenblumenkernen, garantiert palm\u00f6lfrei<br \/>\n&#8211; Pflanzliches Glyzerin (&lt;40%) Europ\u00e4ische Produktion ISO 9001 &#8211; ECOCERT 26000, reines pflanzliches Glyzerin aus Raps, garantiert palm\u00f6lfrei<br \/>\n&#8211; Aromen: exklusives Design, hergestellt in Grasse (FR), zugelassen f\u00fcr den Gebrauch beim Dampfen.<br \/>\n&#8211; &#8211; Nikotin: exklusives Design, hergestellt in Grasse (FR), zugelassen f\u00fcr den Gebrauch beim Dampfen &#8211; Glyzerin: exklusives Design, hergestellt in Grasse (FR), zugelassen f\u00fcr den Gebrauch beim Dampfen &#8211; Glyzerin: exklusives Design, hergestellt in Grasse (FR), zugelassen f\u00fcr den Gebrauch beim Dampfen. Qualit\u00e4tsnikotin nach EP\/USP-Standards (Premium Grade reines Nikotin)- Produktion in der Schweiz (CH) in einem pharmazeutischen Labor<br \/>\n&#8211; Ohne Zusatz von Wasser, Ethanol oder Sucralose <strong>Qualit\u00e4t und Einhaltung der Vorschriften<\/strong><br \/>\nAlle unsere Mischungen entsprechen den europ\u00e4ischen Vorschriften f\u00fcr das Inverkehrbringen:<br \/>\nCLP-Klassifizierung &#8211; Verordnung EG 1272\/2008 in der ge\u00e4nderten Fassung, gem\u00e4\u00df der neuen Verordnung 67\/548\/EWG (DSD) &amp; 1999\/45\/EG (DPD)<br \/>\nSDB gem\u00e4\u00df REACH &#8211; Verordnung EG 1907\/2006 in der ge\u00e4nderten Fassung<br \/>\nKonformit\u00e4tserkl\u00e4rung bei INRS-ANSES (Dekret 2014\/128 vom 12\/02\/2014)<br \/>\nNotifizierung auf der europ\u00e4ischen Plattform der EU-CIG f\u00fcr das Inverkehrbringen gem\u00e4\u00df der europ\u00e4ischen TPD-Verordnung (Richtlinie Nr. 2014\/40\/EU).<\/p>\n<p>&nbsp;<\/p>\n<p><strong>Empfohlene Hardware <\/strong><br \/>\nAtomizer (MTL): Nautilus (Nautilus 3, Nautilus GT&#8230;) &#8211; POD Flexus &#8211; Tigon &#8211; Dotmod (Dotstick &#8211; Dot AIO) &#8211; Svoemesto Kaifun Lite &#8211; Squape &#8230;<br \/>\n0.7 Ohm &lt; Widerstand &#8211; Coil &gt; 1,5 Ohm <strong>Hinweise zu Gebrauch und Lagerung: <\/strong><br \/>\nAn einem trockenen und k\u00fchlen Ort lagern.<\/p>\n<p>Von direktem Sonnenlicht oder starkem Gl\u00fchlicht fernhalten. Beh\u00e4lter dicht geschlossen halten, unter Luftabschluss aufbewahren.<br \/>\n<strong>ERINNERUNG:<\/strong> Vor Gebrauch die Anwendungsempfehlungen lesen.<\/p>\n<p>Herstellung durch Vape Cellar.<\/p>\n<p>&nbsp;<\/p>\n<p>Sehen Sie sich alle Produkte der Marke <a href=\"\/product_brand\/vape-cellar\/\" target=\"_blank\" rel=\"noopener\">Vape Cellar<\/a> an.<\/p>\n<p>Erhalten Sie Rabatte oder die neuesten Informationen \u00fcber unsere Produkte, indem Sie uns auf unseren sozialen Netzwerken folgen: <a href=\"https:\/\/www.facebook.com\/VapeAigleCH\" target=\"_blank\" rel=\"noopener\">Facebook<\/a> oder <a href=\"https:\/\/www.instagram.com\/vapotheque\" target=\"_blank\" rel=\"noopener\">Instagram<\/a>.<\/p>\n","protected":false},"excerpt":{"rendered":"<p><b>Eine ausgewogene Mischung aus Tabakaromen des leichten Cavendish-Typs, Kentucky und Virginia, verfeinert mit einer subtilen Kirsch- und Mandelnote.<\/b><\/p>\n","protected":false},"featured_media":23044,"template":"","meta":{"_acf_changed":false},"product_cat":[405,408,403,1685,1135,1977,1679,2101,1134],"product_tag":[],"class_list":{"0":"post-23425","1":"product","2":"type-product","3":"status-publish","4":"has-post-thumbnail","6":"product_brand-vape-cellar-de","7":"product_cat-e-liquids","8":"product_cat-lieferbar-innerhalb-von-24-stunden-de","9":"product_cat-tabak","10":"product_cat-50-ml-fur-60-ml","11":"product_cat-labsolv-de","12":"product_cat-lagerraeumung","13":"product_cat-menge-e-flussigkeit-kapazitat-flasche","14":"product_cat-promo-dluo-veraltet","15":"product_cat-vape-cellar-de","17":"first","18":"instock","19":"taxable","20":"shipping-taxable","21":"purchasable","22":"product-type-variable"},"acf":[],"jetpack_sharing_enabled":true,"_links":{"self":[{"href":"https:\/\/vapotheque.ch\/de\/wp-json\/wp\/v2\/product\/23425","targetHints":{"allow":["GET"]}}],"collection":[{"href":"https:\/\/vapotheque.ch\/de\/wp-json\/wp\/v2\/product"}],"about":[{"href":"https:\/\/vapotheque.ch\/de\/wp-json\/wp\/v2\/types\/product"}],"wp:featuredmedia":[{"embeddable":true,"href":"https:\/\/vapotheque.ch\/de\/wp-json\/wp\/v2\/media\/23044"}],"wp:attachment":[{"href":"https:\/\/vapotheque.ch\/de\/wp-json\/wp\/v2\/media?parent=23425"}],"wp:term":[{"taxonomy":"product_cat","embeddable":true,"href":"https:\/\/vapotheque.ch\/de\/wp-json\/wp\/v2\/product_cat?post=23425"},{"taxonomy":"product_tag","embeddable":true,"href":"https:\/\/vapotheque.ch\/de\/wp-json\/wp\/v2\/product_tag?post=23425"}],"curies":[{"name":"wp","href":"https:\/\/api.w.org\/{rel}","templated":true}]}}