{"id":23335,"date":"2023-05-15T17:10:19","date_gmt":"2023-05-15T15:10:19","guid":{"rendered":"https:\/\/vapotheque.ch\/boutique\/vape-cellar-lord-papa\/"},"modified":"2025-05-23T16:23:11","modified_gmt":"2025-05-23T14:23:11","slug":"vape-cellar-lord-papa","status":"publish","type":"product","link":"https:\/\/vapotheque.ch\/de\/shop\/vape-cellar-lord-papa\/","title":{"rendered":"Vape Keller &#8211; Lord Papa Shortfill"},"content":{"rendered":"<h2>Lord Papa<\/h2>\n<p>Vape Cellar pr\u00e4sentiert uns seine Viktor-Tabakreihe wie edle Tropfen. Der Lord Papa: <strong>Eine komplexe Mischung aus kubanischen und dominikanischen Zigarrenaromen, begleitet von einem alten, braunen Vanille-Rum<\/strong>.<\/p>\n<p>Die Farbe ist tiefbraun, die Nase ist aromatisch und kr\u00e4ftig, w\u00e4hrend pflanzliche und pfeffrige Noten neben empyreumatischen D\u00fcften stehen. Am Gaumen ist er voll und harmonisch, die Aromen sind reich und der subtile Abgang von braunem Vanille-Rum zieht sich \u00fcber mehrere Caudalies hin.<\/p>\n<p>Eine kr\u00e4ftige und subtile aromatische Mischung, die Ex-Raucher von &#8220;kubanischen Zigarren&#8221; und Spirituosenliebhaber begeistern wird.<\/p>\n<p><b>(Reifung: 8 Wochen vor der Abf\u00fcllung in Flaschen)<\/b><\/p>\n<p><strong>0 MG Nikotin,<\/strong> 60 ml mollige Gorilla-Flasche mit 40 oder 50 ml Lord Papa.<\/p>\n<p><strong>Zutaten<\/strong><br \/>\n&#8211; Propylenglykol (&lt;60%) Europ\u00e4ische Produktion ISO 9001 &#8211; ECOCERT 26000, aus pflanzlichem Glycerin aus Raps- und Sonnenblumenkernen, garantiert palm\u00f6lfrei<br \/>\n&#8211; Pflanzliches Glycerin (&lt;40%) Europ\u00e4ische Produktion ISO 9001 &#8211; ECOCERT 26000, reines pflanzliches Rapsglycerin, garantiert palm\u00f6lfrei<br \/>\n&#8211; Aromen: exklusive Designprodukte in Grasse (FR), zugelassen f\u00fcr die Verwendung beim Dampfen.<br \/>\n&#8211; Qualit\u00e4tsnikotin nach EP\/USP (Premium Grade reines Nikotin) Standards- Herstellung in der Schweiz (CH) in einem pharmazeutischen Labor<br \/>\n &#8211; Ohne Zusatz von Wasser, Ethanol oder Sucralose<\/p>\n<p><strong>Qualit\u00e4t und Einhaltung gesetzlicher Vorschriften<\/strong><br \/>\nAlle unsere Mischungen entsprechen dem gesamten europ\u00e4ischen Regulierungssystem f\u00fcr das<br \/>\n Inverkehrbringen:CLP-Einstufung &#8211; EG-Verordnung 1272\/2008 ge\u00e4ndert, gem\u00e4\u00df der neuen Verordnung 67\/548\/EWG (DSD) und 1999\/45\/EG (DPD)<br \/>\nSDB gem\u00e4\u00df REACH &#8211; EG-Verordnung &#8211; 1907\/2006 ge\u00e4ndert<br \/>\nKonformit\u00e4tserkl\u00e4rung mit INRS-ANSES (Dekret 2014\/128 vom 12.02.2014)<br \/>\nBenachrichtigung auf der europ\u00e4ischen EU-CIG-Plattform f\u00fcr ihr Inverkehrbringen gem\u00e4\u00df der europ\u00e4ischen TPD-Verordnung (Richtlinie Nr. 2014\/40\/EU).<\/p>\n<p><strong>Empfohlene <\/strong><br \/>\n Ausr\u00fcstungZerst\u00e4uber (MTL) : Nautilus (Nautilus 3, Nautilus GT&#8230;) &#8211; POD Flexus &#8211; Tigon &#8211; Dotmod (Dotstick &#8211; Dot AIO) &#8211; Svoemesto Kaifun Lite &#8211; Squape &#8230;<br \/>\n0,7 Ohm &lt; Widerstand &#8211; Spule &gt; 1,5 Ohm<\/p>\n<p><strong>Gebrauchs- und Lagerhinweise: <\/strong><br \/>\nAn einem k\u00fchlen, trockenen Ort lagern. Von direktem Sonnenlicht oder starkem Gl\u00fchlicht fernhalten. Beh\u00e4lter dicht geschlossen halten, unter Luftabschluss aufbewahren.<br \/>\n<strong>ERINNERUNG:<\/strong> Lesen Sie vor der Verwendung die Gebrauchsanweisung.<\/p>\n<p>Hergestellt von Vape Cellar.<\/p>\n<p>Sehen Sie sich alle Produkte der Marke <a href=\"..\/..\/product_brand\/vape-cellar\/\" target=\"_blank\" rel=\"noopener\">Vape Cellar<\/a> an.<\/p>\n<p>Erhalten Sie Rabatte oder die neuesten Informationen zu unseren Produkten, indem Sie uns in unseren sozialen Netzwerken folgen: <a href=\"https:\/\/www.facebook.com\/VapeAigleCH\" target=\"_blank\" rel=\"noopener\">Facebook<\/a> oder <a href=\"https:\/\/www.instagram.com\/vapotheque_aigle\/\" target=\"_blank\" rel=\"noopener\">Instagram<\/a>.<\/p>\n","protected":false},"excerpt":{"rendered":"<p><strong>Eine komplexe Mischung aus kubanischen und dominikanischen Zigarrenaromen, begleitet von einem alten, braunen Rum mit Vanillegeschmack.<\/strong><\/p>\n","protected":false},"featured_media":23294,"template":"","meta":{"_acf_changed":false},"product_cat":[405,442,408,403,1686,1977,1679,1134,1137],"product_tag":[],"class_list":{"0":"post-23335","1":"product","2":"type-product","3":"status-publish","4":"has-post-thumbnail","6":"product_brand-vape-cellar-de","7":"product_cat-e-liquids","8":"product_cat-hervorgehobene-produkte","9":"product_cat-lieferbar-innerhalb-von-24-stunden-de","10":"product_cat-tabak","11":"product_cat-50-ml-fur-70-ml","12":"product_cat-lagerraeumung","13":"product_cat-menge-e-flussigkeit-kapazitat-flasche","14":"product_cat-vape-cellar-de","15":"product_cat-viktor-de","17":"first","18":"outofstock","19":"taxable","20":"shipping-taxable","21":"purchasable","22":"product-type-variable"},"acf":[],"jetpack_sharing_enabled":true,"_links":{"self":[{"href":"https:\/\/vapotheque.ch\/de\/wp-json\/wp\/v2\/product\/23335","targetHints":{"allow":["GET"]}}],"collection":[{"href":"https:\/\/vapotheque.ch\/de\/wp-json\/wp\/v2\/product"}],"about":[{"href":"https:\/\/vapotheque.ch\/de\/wp-json\/wp\/v2\/types\/product"}],"wp:featuredmedia":[{"embeddable":true,"href":"https:\/\/vapotheque.ch\/de\/wp-json\/wp\/v2\/media\/23294"}],"wp:attachment":[{"href":"https:\/\/vapotheque.ch\/de\/wp-json\/wp\/v2\/media?parent=23335"}],"wp:term":[{"taxonomy":"product_cat","embeddable":true,"href":"https:\/\/vapotheque.ch\/de\/wp-json\/wp\/v2\/product_cat?post=23335"},{"taxonomy":"product_tag","embeddable":true,"href":"https:\/\/vapotheque.ch\/de\/wp-json\/wp\/v2\/product_tag?post=23335"}],"curies":[{"name":"wp","href":"https:\/\/api.w.org\/{rel}","templated":true}]}}