{"id":22962,"date":"2023-05-03T13:47:32","date_gmt":"2023-05-03T11:47:32","guid":{"rendered":"https:\/\/vapotheque.ch\/boutique\/vape-cellar-amanda\/"},"modified":"2024-12-04T09:54:56","modified_gmt":"2024-12-04T08:54:56","slug":"vape-cellar-amanda","status":"publish","type":"product","link":"https:\/\/vapotheque.ch\/de\/shop\/vape-cellar-amanda\/","title":{"rendered":"Vape Cellar &#8211; Amanda"},"content":{"rendered":"<h2>Vape Cellar pr\u00e4sentiert uns seine Version der Birne Mandel mit der Amanda!<\/h2>\n<p><strong>Entdecken Sie Amanda<\/strong>, eine s\u00fc\u00dfe <strong>Gourmand-Fl\u00fcssigkeit<\/strong> aus der <strong>Umami-Kollektion<\/strong> und ihrer <strong>Gourmand-Patissier-Welt<\/strong>.<\/p>\n<p>L&#8217;Amanda ist eine Patisserie-Evokation rund um die Birne. Nehmen Sie sich Zeit f\u00fcr ein Gourmetdessert mit saftigen, reifen Birnen und einer einzigartigen Mandelcreme!<\/p>\n<p>&nbsp;<\/p>\n<h3>Je nach Nikotinst\u00e4rke sind drei Formate erh\u00e4ltlich:<\/h3>\n<p><strong>0 MG Nikotin,<\/strong> Flasche Chubby Gorilla 50 ML<\/p>\n<p><strong>3 MG \/ 6 MG Nikotin,<\/strong> Chubby Gorilla 40 ML Flasche mit zwei aromatisierten Nikotinboostern 19 MG\/10 ML <i>(f\u00fcr eine Verwendung von 3 MG Nikotin, Verwendung eines aromatisierten Nikotinboosters, um eine Fl\u00fcssigkeit mit 6 MG Nikotin zu erhalten, Verwendung beider Booster)<\/i>.<\/p>\n<p><strong>11 MG\/16 MG Nikotin,<\/strong> Tripack (3 x 10 ML) mit drei Fl\u00e4schchen mit einem Nikotingehalt von 11 MG oder 16 MG.<\/p>\n<p>&nbsp;<\/p>\n<h2>Premium Grade Zutaten :<\/h2>\n<p><strong>Vapologische Aromen<\/strong><\/p>\n<p>Unsere vapologischen Aromen kommen ausschlie\u00dflich aus Grasse und werden nach unseren gesetzlichen und wissenschaftlichen Anforderungen von unseren besten Aromatikern hergestellt, ohne Wasser, Sucralose oder zugesetzten Alkohol.<\/p>\n<p><strong>MPG-V Monopropylenglykol &#8211; Pflanzlich :<\/strong><\/p>\n<p>Europ\u00e4ische Produktion ISO 9001 &#8211; ECOCERT 26000, aus pflanzlichem Glyzerin aus Raps- und Sonnenblumenkernen, garantiert ohne Palm\u00f6l &#8211; Hergestellt in Frankreich.<\/p>\n<p><strong>Pflanzliches Glyzerin :  <\/strong><\/p>\n<p>Europ\u00e4ische Produktion ISO 9001 &#8211; ECOCERT 26000, Pflanzenmix, pure volta, garantiert ohne Palm\u00f6l &#8211; Hergestellt in Frankreich.<\/p>\n<p><strong>Nikotin (NicSelectTM) :<\/strong><\/p>\n<p>Europ\u00e4ische Produktion mit cGMP-zertifizierter Qualit\u00e4t &#8211; Regulatorische Standards: SDB Reach &#8211; USDMF, EDMF &#8211; Hergestellt in der Schweiz.<\/p>\n<p><strong>Qualit\u00e4t und Einhaltung von Vorschriften :<\/strong><\/p>\n<p>Erkl\u00e4rung \u00fcber das Inverkehrbringen nach europ\u00e4ischen Vorschriften (TPD)<\/p>\n<p><strong>Alle Mischungen erf\u00fcllen alle europ\u00e4ischen Vorschriften f\u00fcr das Inverkehrbringen:  <\/strong><\/p>\n<p>CLP-Einstufung &#8211; Ge\u00e4nderte EG-Verordnung 1272\/2008<\/p>\n<p>SDB nach REACH &#8211; Verordnung EG 1907\/2006 ge\u00e4ndert<\/p>\n<p>Erkl\u00e4rung und Erhalt der INRS-Konformit\u00e4tsbescheinigungen (Dekret 2014\/128 vom 12\/02\/2014)<\/p>\n<p>Meldung des Inverkehrbringens auf den europ\u00e4ischen Plattformen ECAS und EU-CEG<\/p>\n<p><strong>Hinweise zu Gebrauch und Lagerung: <\/strong><br \/>\n<strong>An <\/strong> einem trockenen und k\u00fchlen Ort lagern. Von direktem Sonnenlicht oder starkem Gl\u00fchlicht fernhalten. Beh\u00e4lter dicht geschlossen halten, unter Luftabschluss aufbewahren.<\/p>\n<p>ERINNERUNG: Lesen Sie die Gebrauchsanweisung vor Gebrauch sorgf\u00e4ltig durch.<\/p>\n<p>Herstellung durch Vape Cellar.<\/p>\n<p>Sehen Sie sich alle Produkte der Marke <a href=\"\/product_brand\/vape-cellar\/\" target=\"_blank\" rel=\"noopener\">Vape Cellar<\/a> an.<\/p>\n<p>Erhalten Sie Rabatte oder die neuesten Informationen \u00fcber unsere Produkte, indem Sie uns auf unseren sozialen Netzwerken folgen: <a href=\"https:\/\/www.facebook.com\/VapeAigleCH\" target=\"_blank\" rel=\"noopener\">Facebook<\/a> oder <a href=\"https:\/\/www.instagram.com\/vapotheque\" target=\"_blank\" rel=\"noopener\">Instagram<\/a>.<\/p>\n","protected":false},"excerpt":{"rendered":"<p><strong>Entdecken Sie Amanda, eine leichte Gourmetfl\u00fcssigkeit aus der Umami-Kollektion und ihrer Welt Gourmand P\u00e2tissier.<\/strong><\/p>\n<p>L&#8217;Amanda ist eine Patisserie-Evokation rund um die Birne. Genie\u00dfen Sie ein Gourmetdessert mit saftigen Birnen, die von einer unvergleichlichen Mandelcreme begleitet werden.<\/p>\n","protected":false},"featured_media":22690,"template":"","meta":{"_acf_changed":false},"product_cat":[405,397,442,408,1685,1977,1679,2101,1136,1134],"product_tag":[],"class_list":{"0":"post-22962","1":"product","2":"type-product","3":"status-publish","4":"has-post-thumbnail","6":"product_brand-vape-cellar-de","7":"product_cat-e-liquids","8":"product_cat-gourmands-de","9":"product_cat-hervorgehobene-produkte","10":"product_cat-lieferbar-innerhalb-von-24-stunden-de","11":"product_cat-50-ml-fur-60-ml","12":"product_cat-lagerraeumung","13":"product_cat-menge-e-flussigkeit-kapazitat-flasche","14":"product_cat-promo-dluo-veraltet","15":"product_cat-umami-de","16":"product_cat-vape-cellar-de","18":"first","19":"instock","20":"sale","21":"taxable","22":"shipping-taxable","23":"purchasable","24":"product-type-variable","25":"has-default-attributes"},"acf":[],"jetpack_sharing_enabled":true,"_links":{"self":[{"href":"https:\/\/vapotheque.ch\/de\/wp-json\/wp\/v2\/product\/22962","targetHints":{"allow":["GET"]}}],"collection":[{"href":"https:\/\/vapotheque.ch\/de\/wp-json\/wp\/v2\/product"}],"about":[{"href":"https:\/\/vapotheque.ch\/de\/wp-json\/wp\/v2\/types\/product"}],"wp:featuredmedia":[{"embeddable":true,"href":"https:\/\/vapotheque.ch\/de\/wp-json\/wp\/v2\/media\/22690"}],"wp:attachment":[{"href":"https:\/\/vapotheque.ch\/de\/wp-json\/wp\/v2\/media?parent=22962"}],"wp:term":[{"taxonomy":"product_cat","embeddable":true,"href":"https:\/\/vapotheque.ch\/de\/wp-json\/wp\/v2\/product_cat?post=22962"},{"taxonomy":"product_tag","embeddable":true,"href":"https:\/\/vapotheque.ch\/de\/wp-json\/wp\/v2\/product_tag?post=22962"}],"curies":[{"name":"wp","href":"https:\/\/api.w.org\/{rel}","templated":true}]}}