{"id":22604,"date":"2023-04-21T12:54:31","date_gmt":"2023-04-21T10:54:31","guid":{"rendered":"https:\/\/vapotheque.ch\/boutique\/protect-eisminze\/"},"modified":"2024-10-04T12:29:27","modified_gmt":"2024-10-04T10:29:27","slug":"protect-mint-glaciale","status":"publish","type":"product","link":"https:\/\/vapotheque.ch\/de\/shop\/protect-mint-glaciale\/","title":{"rendered":"Protect &#8211; Eisminze"},"content":{"rendered":"<h2><strong>Protect stellt uns seine Interpretation der Eisminze vor!<\/strong><\/h2>\n<p>  Protect setzt auf einfache Aromen und hat mit diesem Mint Glaciale in einer Gr\u00f6\u00dfe von <strong>40 ml<\/strong> einen neuen Erfolg erzielt. Mit seinem intensiven, eiskalten Minzgeschmack werden Sie eine Welle der Frische erleben, die Sie den ganzen Tag \u00fcber belebt. Dar\u00fcber hinaus wird diese Fl\u00fcssigkeit aus hochwertigen franz\u00f6sischen Zutaten hergestellt.  <\/p>\n<h2><strong>Protect stellt die NECTAR-Reihe vor, die mit Liebe und Leidenschaft hergestellt wird.<\/strong><\/h2>\n<p>  Willkommen in der Welt von Nectar, einer Produktreihe, die Ihren W\u00fcnschen entspricht. Diese Produkte werden sorgf\u00e4ltig ausgew\u00e4hlt und mit einfachen, aber effektiven Rezepten verarbeitet, um Ihnen ein sch\u00f6nes Erlebnis zu bieten. Bei Protect glauben sie, dass es in unser aller Verantwortung liegt, die biologische Vielfalt zu sch\u00fctzen. Deshalb wird ein Teil der Gewinne an Initiativen zur Erhaltung der Umwelt gespendet. Wenn Sie sich f\u00fcr die Nectar-Reihe entscheiden, unterst\u00fctzen Sie ein Unternehmen, das sich um unseren Planeten sorgt. Ihre gro\u00dfen Beh\u00e4lter werden in Frankreich mit einem Beitrag zum CO2-Ausgleich hergestellt und wir verwenden auch Papieretiketten, um unsere Umweltauswirkungen zu minimieren. Entdecken Sie ab heute die Produktreihe Nectar, die f\u00fcr unsere gemeinsamen Ziele unerl\u00e4sslich ist! <em><strong>Beteiligt sich an der Finanzierung und Unterhaltung von Bienenst\u00f6cken in Okzitanien.<\/strong><\/em> Mono Propylen Glycol Vegetal (MPGV) \/ VG: <strong>40\/60Flakon<\/strong><strong>von 75ml, gef\u00fcllt mit 40ml Nektar!<\/strong> Hergestellt in Frankreich. &nbsp; Sehen Sie sich alle Produkte der Marke <a href=\"\/product_brand\/protect\/\" target=\"_blank\" rel=\"noopener\">Protect<\/a> an. Erhalten Sie Rabatte oder die neuesten Informationen \u00fcber unsere Produkte, indem Sie uns auf unseren sozialen Netzwerken folgen: <a href=\"https:\/\/www.facebook.com\/VapeAigleCH\" target=\"_blank\" rel=\"noopener\">Facebook<\/a> oder <a href=\"https:\/\/www.instagram.com\/vapotheque\" target=\"_blank\" rel=\"noopener\">Instagram<\/a>.<\/p>\n","protected":false},"excerpt":{"rendered":"<p>Mit seinem intensiven, eiskalten Minzgeschmack werden Sie eine Welle der Frische erleben, die Sie den ganzen Tag \u00fcber belebt. Au\u00dferdem wird dieses Liquid aus hochwertigen franz\u00f6sischen Zutaten hergestellt.<\/p>\n","protected":false},"featured_media":22520,"template":"","meta":{"_acf_changed":false},"product_cat":[405,442,408,401,1684,1679],"product_tag":[],"class_list":{"0":"post-22604","1":"product","2":"type-product","3":"status-publish","4":"has-post-thumbnail","6":"product_brand-protect-de","7":"product_cat-e-liquids","8":"product_cat-hervorgehobene-produkte","9":"product_cat-lieferbar-innerhalb-von-24-stunden-de","10":"product_cat-minze","11":"product_cat-40-ml-fuer-75-ml","12":"product_cat-menge-e-flussigkeit-kapazitat-flasche","14":"first","15":"instock","16":"taxable","17":"shipping-taxable","18":"purchasable","19":"product-type-simple"},"acf":[],"jetpack_sharing_enabled":true,"_links":{"self":[{"href":"https:\/\/vapotheque.ch\/de\/wp-json\/wp\/v2\/product\/22604","targetHints":{"allow":["GET"]}}],"collection":[{"href":"https:\/\/vapotheque.ch\/de\/wp-json\/wp\/v2\/product"}],"about":[{"href":"https:\/\/vapotheque.ch\/de\/wp-json\/wp\/v2\/types\/product"}],"wp:featuredmedia":[{"embeddable":true,"href":"https:\/\/vapotheque.ch\/de\/wp-json\/wp\/v2\/media\/22520"}],"wp:attachment":[{"href":"https:\/\/vapotheque.ch\/de\/wp-json\/wp\/v2\/media?parent=22604"}],"wp:term":[{"taxonomy":"product_cat","embeddable":true,"href":"https:\/\/vapotheque.ch\/de\/wp-json\/wp\/v2\/product_cat?post=22604"},{"taxonomy":"product_tag","embeddable":true,"href":"https:\/\/vapotheque.ch\/de\/wp-json\/wp\/v2\/product_tag?post=22604"}],"curies":[{"name":"wp","href":"https:\/\/api.w.org\/{rel}","templated":true}]}}