{"id":22346,"date":"2023-04-19T16:08:48","date_gmt":"2023-04-19T14:08:48","guid":{"rendered":"https:\/\/vapotheque.ch\/boutique\/aspire-flexus-stik-patronen\/"},"modified":"2024-11-12T11:28:10","modified_gmt":"2024-11-12T10:28:10","slug":"kartuschensauger-flexus-stik","status":"publish","type":"product","link":"https:\/\/vapotheque.ch\/de\/shop\/kartuschensauger-flexus-stik\/","title":{"rendered":"Aspire &#8211; Flexus Stik Patronen"},"content":{"rendered":"<p>Die Aspire Flexus Stik Patrone wurde f\u00fcr die Verwendung mit dem Flexus Stik erdacht! Mit einem Fassungsverm\u00f6gen von 3 ml und einem unten positionierten F\u00fcllsystem ist dieser Tank ebenso gro\u00dfz\u00fcgig wie einfach zu bedienen. Die robuste Flexus Stik Aspire Kartusche ist mit allen AF-Heizst\u00e4ben kompatibel: gro\u00dfz\u00fcgige Dampfproduktion und originalgetreue Geschmackswiedergabe sind garantiert. Aspire erm\u00f6glicht es uns, das Beste aus dem Flexus Stik herauszuholen!<\/p>\n<p><strong>Achtung, diese Kartusche wird ohne Widerstand verkauft!<\/strong><\/p>\n<p>&nbsp;<\/p>\n<p>&nbsp;<\/p>\n<p>Sehen Sie sich alle anderen Produkte der Marke Aspire an. <strong><a href=\"\/product_brand\/aspire\/\" target=\"_blank\" rel=\"noopener\">Aspire<\/a><\/strong>.<\/p>\n<p>Erhalten Sie Rabatte oder die neuesten Informationen \u00fcber unsere anderen Produkte in den Gesch\u00e4ften, indem Sie uns auf unseren sozialen Netzwerken folgen: <strong><a href=\"https:\/\/www.facebook.com\/VapeAigleCH\" target=\"_blank\" rel=\"noopener\">Facebook<\/a><\/strong> oder <strong><a href=\"https:\/\/www.instagram.com\/vapotheque\" target=\"_blank\" rel=\"noopener\">Instagram<\/a><\/strong>.<\/p>\n","protected":false},"excerpt":{"rendered":"<p>Die Aspire Flexus Stik Patrone wurde f\u00fcr die Verwendung mit dem Flexus Stik erdacht! Mit einem Fassungsverm\u00f6gen von 3 ml und einem unten positionierten F\u00fcllsystem ist dieser Tank ebenso gro\u00dfz\u00fcgig wie einfach zu bedienen. Die robuste Flexus Stik Aspire Kartusche ist mit allen AF-Heizst\u00e4ben kompatibel: gro\u00dfz\u00fcgige Dampfproduktion und originalgetreue Geschmackswiedergabe sind garantiert. Aspire erm\u00f6glicht es [&hellip;]<\/p>\n","protected":false},"featured_media":22332,"template":"","meta":{"_acf_changed":false},"product_cat":[442,408,453,469],"product_tag":[],"class_list":{"0":"post-22346","1":"product","2":"type-product","3":"status-publish","4":"has-post-thumbnail","6":"product_brand-aspire-de","7":"product_cat-hervorgehobene-produkte","8":"product_cat-lieferbar-innerhalb-von-24-stunden-de","9":"product_cat-pods-de","10":"product_cat-zubehor-pods","12":"first","13":"instock","14":"taxable","15":"shipping-taxable","16":"purchasable","17":"product-type-simple"},"acf":[],"jetpack_sharing_enabled":true,"_links":{"self":[{"href":"https:\/\/vapotheque.ch\/de\/wp-json\/wp\/v2\/product\/22346","targetHints":{"allow":["GET"]}}],"collection":[{"href":"https:\/\/vapotheque.ch\/de\/wp-json\/wp\/v2\/product"}],"about":[{"href":"https:\/\/vapotheque.ch\/de\/wp-json\/wp\/v2\/types\/product"}],"wp:featuredmedia":[{"embeddable":true,"href":"https:\/\/vapotheque.ch\/de\/wp-json\/wp\/v2\/media\/22332"}],"wp:attachment":[{"href":"https:\/\/vapotheque.ch\/de\/wp-json\/wp\/v2\/media?parent=22346"}],"wp:term":[{"taxonomy":"product_cat","embeddable":true,"href":"https:\/\/vapotheque.ch\/de\/wp-json\/wp\/v2\/product_cat?post=22346"},{"taxonomy":"product_tag","embeddable":true,"href":"https:\/\/vapotheque.ch\/de\/wp-json\/wp\/v2\/product_tag?post=22346"}],"curies":[{"name":"wp","href":"https:\/\/api.w.org\/{rel}","templated":true}]}}