{"id":22090,"date":"2023-03-22T15:41:56","date_gmt":"2023-03-22T14:41:56","guid":{"rendered":"https:\/\/vapotheque.ch\/boutique\/vaporesso-xr-patronen\/"},"modified":"2024-09-30T11:02:11","modified_gmt":"2024-09-30T09:02:11","slug":"vaporesso-cartridges-xr","status":"publish","type":"product","link":"https:\/\/vapotheque.ch\/de\/shop\/vaporesso-cartridges-xr\/","title":{"rendered":"Vaporesso &#8211; XR-Patronen"},"content":{"rendered":"<p>Der Vaporesso XR Doppelpack Patronen wurde entwickelt, um auf den Luxe XR Pod aufgesetzt zu werden. Diese Tanks sind mit GTX-Widerst\u00e4nden kompatibel und k\u00f6nnen 5 ml E-Fl\u00fcssigkeit aufnehmen.<br \/>\nDiese \u00e4u\u00dferst gro\u00dfz\u00fcgigen und robusten Tanks sind in RDL erh\u00e4ltlich, um ein luftigeres Dampfen zu erm\u00f6glichen.  Vaporesso enth\u00fcllt XR-Tanks, die so vielseitig wie effizient sind. Bew\u00e4hrte Werte des Dampfen, die das Beste aus dem Pod Luxe XR herausholen! Erh\u00e4ltlich in Packungen mit zwei 5 ml RDL-Patronen.<br \/>\nAchtung, diese Patronen werden ohne Widerstand verkauft! &nbsp; <a href=\"\/categorie\/pods?orderby=date\/\" target=\"_blank\" rel=\"noopener\">Hier<\/a> finden Sie alle unsere Pods.  Erhalte Rabatte oder die neuesten Informationen \u00fcber unsere anderen im Gesch\u00e4ft erh\u00e4ltlichen Produkte, indem du uns auf unseren sozialen Netzwerken folgst: <a href=\"https:\/\/www.facebook.com\/VapeAigleCH\" target=\"_blank\" rel=\"noopener\">Facebook<\/a> oder <a href=\"https:\/\/www.instagram.com\/vapotheque\" target=\"_blank\" rel=\"noopener\">Instagram<\/a>.<\/p>\n","protected":false},"excerpt":{"rendered":"<p>Der Vaporesso XR Doppelpack Patronen wurde entwickelt, um auf den Luxe XR Pod aufgesetzt zu werden. Diese Tanks sind mit den GTX-Widerst\u00e4nden kompatibel und k\u00f6nnen 5 ml Liquid aufnehmen.<\/p>\n","protected":false},"featured_media":21916,"template":"","meta":{"_acf_changed":false},"product_cat":[408,453,469],"product_tag":[],"class_list":{"0":"post-22090","1":"product","2":"type-product","3":"status-publish","4":"has-post-thumbnail","6":"product_brand-vaporesso-de","7":"product_cat-lieferbar-innerhalb-von-24-stunden-de","8":"product_cat-pods-de","9":"product_cat-zubehor-pods","11":"first","12":"instock","13":"taxable","14":"shipping-taxable","15":"purchasable","16":"product-type-variable"},"acf":[],"jetpack_sharing_enabled":true,"_links":{"self":[{"href":"https:\/\/vapotheque.ch\/de\/wp-json\/wp\/v2\/product\/22090","targetHints":{"allow":["GET"]}}],"collection":[{"href":"https:\/\/vapotheque.ch\/de\/wp-json\/wp\/v2\/product"}],"about":[{"href":"https:\/\/vapotheque.ch\/de\/wp-json\/wp\/v2\/types\/product"}],"wp:featuredmedia":[{"embeddable":true,"href":"https:\/\/vapotheque.ch\/de\/wp-json\/wp\/v2\/media\/21916"}],"wp:attachment":[{"href":"https:\/\/vapotheque.ch\/de\/wp-json\/wp\/v2\/media?parent=22090"}],"wp:term":[{"taxonomy":"product_cat","embeddable":true,"href":"https:\/\/vapotheque.ch\/de\/wp-json\/wp\/v2\/product_cat?post=22090"},{"taxonomy":"product_tag","embeddable":true,"href":"https:\/\/vapotheque.ch\/de\/wp-json\/wp\/v2\/product_tag?post=22090"}],"curies":[{"name":"wp","href":"https:\/\/api.w.org\/{rel}","templated":true}]}}